{"id":42616,"date":"2026-05-04T10:55:14","date_gmt":"2026-05-04T08:55:14","guid":{"rendered":"https:\/\/looks.film\/?page_id=42616"},"modified":"2026-05-04T10:55:14","modified_gmt":"2026-05-04T08:55:14","slug":"it-infrastruktur-systemadministrator","status":"publish","type":"page","link":"https:\/\/looks.film\/de\/jobs\/it-infrastruktur-systemadministrator\/","title":{"rendered":"IT-Infrastrukturarchitekt &#038; Systemadministrator (M\/W\/D)"},"content":{"rendered":"<div class=\"wpb-content-wrapper\"><p>[vc_row full_width=&#8220;stretch_row&#8220; css=&#8220;.vc_custom_1592844122143{background-color: #00263e !important;}&#8220;][vc_column][vc_column_text css=&#8220;.vc_custom_1610108949959{background-color: #00263e !important;}&#8220;]<\/p>\n<h3><span style=\"color: #ffffff;\">Aktuelle STELLENANGEBOtE<br \/>\n<\/span><\/h3>\n<p>[\/vc_column_text][\/vc_column][\/vc_row][vc_row][vc_column][vc_column_text css=&#8220;&#8220;]<\/p>\n<h5><span style=\"color: #003366;\"><strong>IT-Infrastrukturarchitekt &amp; Systemadministrator (M\/W\/D)<\/strong><\/span><\/h5>\n<h5><span style=\"color: #003366;\"><strong>Standort: Leipzig | Vollzeit | Ab sofort<\/strong><\/span><\/h5>\n<p>[\/vc_column_text][\/vc_column][\/vc_row][vc_row full_width=&#8220;stretch_row&#8220; disable_custom_paddings_tablet=&#8220;true&#8220; disable_custom_paddings_mobile=&#8220;true&#8220; css=&#8220;.vc_custom_1602668970620{margin-right: 250px !important;}&#8220;][vc_column][vc_column_text css=&#8220;&#8220;]Seit 1995 bringt LOOKSfilm preisgekr\u00f6nte Dokumentationen, Serien und Filme f\u00fcr die gr\u00f6\u00dften Namen der Branche auf Leinwand und Bildschirm. Unsere Produktionen erz\u00e4hlen bewegende Geschichten und feiern Erfolge bei den gr\u00f6\u00dften TV-Sendern, VoD-Plattformen und bedeutenden Festivals. Ein internationales Team von fast 80 Kolleg:innen entwickelt, finanziert und produziert an den Standorten Leipzig, Berlin, Magdeburg, Hamburg, Warschau und Wien Film- und Serienprojekte in Zusammenarbeit mit einem spannenden Netzwerk globaler Partner.<\/p>\n<p>Du willst IT in einem kreativen Medienunternehmen, in dem Storytelling und Technologie Hand in Hand gehen, nicht nur betreiben, sondern aktiv gestalten? Dann bist Du bei uns genau richtig.<\/p>\n<p>Wir suchen <strong>eine:n erfahrene:n IT-Infrastrukturarchitekt:in und Systemadministrator:in<\/strong>, die\/der unsere gesamte IT-Landschaft \u2013 von Server- und Netzwerkinfrastruktur \u00fcber Cloud-Services bis hin zur Arbeitsplatzausstattung \u2013 verantwortet, weiterentwickelt und strategisch mitgestaltet.<\/p>\n<p><strong>DEINE AUFGABEN<\/strong><\/p>\n<ul>\n<li>Verantwortung unserer IT-Infrastruktur: Server, Storage, Netzwerk WLAN und Endger\u00e4te<\/li>\n<li>Architektur und strategische Weiterentwicklung der gesamten IT-Systemlandschaft \u2013 On-Premise und Cloud<\/li>\n<li>Administration und Support der Betriebssysteme und Software, Lizenzverwaltung<\/li>\n<li>IT-Sicherheit: Umsetzung und Weiterentwicklung von Sicherheitskonzepten, Firewall-Management, Backup- und Recovery-Strategien<\/li>\n<li>Bewertung neuer Technologien und Integration zukunftsweisender L\u00f6sungen mit einem Schwerpunkt auf KI<\/li>\n<li>Partner:in f\u00fcr das gesamte Team bei IT-Fragen \u2013 von der schnellen Hilfe bis zur nachhaltigen L\u00f6sung<\/li>\n<\/ul>\n<p><strong>DEINE QUALIFIKATIONEN<\/strong><\/p>\n<ul>\n<li>abgeschlossenes Studium der (Wirtschafts-)Informatik, Informationstechnik oder eine vergleichbare Qualifikation \u2013 alternativ gleichwertige Erfahrung durch Berufspraxis und Weiterbildung<\/li>\n<li>fundierte Erfahrung mit Server- und Netzwerkinfrastrukturen<\/li>\n<li>Erfahrung mit IT-Sicherheitskonzepten, Firewall-Management und Backup-\/Recovery-Strategien<\/li>\n<li>Kenntnisse in Scripting und Automatisierung sind von Vorteil<\/li>\n<li>Proaktivit\u00e4t, Dienstleistermentalit\u00e4t und die Leidenschaft, Probleme zu l\u00f6sen<\/li>\n<li>Bereitschaft, neue Themen eigenst\u00e4ndig zu erarbeiten und Wissen im Team zu teilen<\/li>\n<li>Teamgeist, Kommunikationsst\u00e4rke und eine strukturierte, selbstst\u00e4ndige Arbeitsweise<\/li>\n<li>sehr gute Deutschkenntnisse, gute Englischkenntnisse<\/li>\n<\/ul>\n<p><strong>WAS WIR BIETEN<\/strong><\/p>\n<ul>\n<li>spannende Projekte mit Sinn \u2013 LOOKSfilm gestaltet Produktionen, die Menschen bewegen<\/li>\n<li>vielf\u00e4ltige Aufgaben von Serverarchitektur bis Medientechnik \u2013 kein Tag ist wie der andere<\/li>\n<li>viel Gestaltungsspielraum: bringe Dich mit Deinen Ideen und Verbesserungsvorschl\u00e4gen jederzeit ein und forme unsere IT-Landschaft aktiv mit<\/li>\n<li>Weiterbildungsm\u00f6glichkeiten bei renommierten Einrichtungen<\/li>\n<li>flexible Arbeitszeiten und Homeoffice-M\u00f6glichkeit<\/li>\n<li>ein kreatives Arbeitsumfeld in einem internationalen Team mit offener Duz-Kultur<\/li>\n<\/ul>\n<p><strong>DU M\u00d6CHTEST TEIL UNSERES TEAMS WERDEN?<\/strong><\/p>\n<p>Dann freuen wir uns auf Deine Bewerbung! Sende Deine <strong>Unterlagen mit CV und Zeugnissen in einem .pdf (max. 10 MB) bitte ausschlie\u00dflich per E-Mail an Anja Hirschberg<\/strong> (HR Lead): <strong><a href=\"mailto:jobs@looks.film\">jobs@looks.film<\/a><\/strong>[\/vc_column_text][\/vc_column][\/vc_row][vc_row][vc_column][vc_separator][\/vc_column][\/vc_row][vc_row disable_element=&#8220;yes&#8220;][vc_column][vc_column_text]<\/p>\n<h5><strong><span style=\"color: #00263e;\">Praktikum Producing \/ Stoffentwicklung <\/span><\/strong><strong><span style=\"color: #00263e;\">(m\/w\/d)<br \/>\n<\/span><\/strong><span style=\"color: #00263e;\">Standort: Leipzig<\/span><strong><span style=\"color: #00263e;\"><br \/>\n<\/span><\/strong><\/h5>\n<p>[\/vc_column_text][\/vc_column][\/vc_row][vc_row full_width=&#8220;stretch_row&#8220; disable_element=&#8220;yes&#8220; disable_custom_paddings_tablet=&#8220;true&#8220; disable_custom_paddings_mobile=&#8220;true&#8220; css=&#8220;.vc_custom_1611160614791{margin-right: 250px !important;}&#8220;][vc_column][vc_column_text]F\u00fcr unsere Producing-Abteilung suchen wir ab dem 01.02.2021 eine:n Praktikant:in in Vollzeit.<\/p>\n<p><strong>Ihre Aufgaben:<\/strong><\/p>\n<ul>\n<li>eigenst\u00e4ndige Recherchen (z.B. Hintergr\u00fcnde, Protagonisten, Experten)<\/li>\n<li>Stoffentwicklung, Themenrecherche und Unterst\u00fctzung unseres Development-Teams bei der Konzeption neuer Projekte<\/li>\n<li>Erstellung kurzer Texte f\u00fcr Pitches oder Pr\u00e4sentationen<\/li>\n<li>\u00dcbersetzungen (Englisch; weitere Fremdsprachenkenntnisse insbesondere Spanisch willkommen)<\/li>\n<li>Bildrecherchen (Archive, Bilddatenbanken)<\/li>\n<li>Sichtung und \u00dcberpr\u00fcfung von Rohschnitten<\/li>\n<li>Transkriptionen<\/li>\n<\/ul>\n<p><strong>Ihre Qualifikationen:<\/strong><\/p>\n<ul>\n<li>laufendes oder abgeschlossenes Studium, vorzugsweise der Medien-, Film-, Geschichts- oder Kommunikationswissenschaft<\/li>\n<li>hohe Affinit\u00e4t zum Dokumentarfilm und zu historischen Stoffen<\/li>\n<li>kreativ, offen und vielseitig interessiert<\/li>\n<li>ausgezeichnete Rechtschreibung und einwandfreier Schreibstil einwandfrei<\/li>\n<li>schnelle Auffassungsgabe und eine pr\u00e4zise, z\u00fcgige und strukturierte Arbeitsweise<\/li>\n<li>flie\u00dfende Deutsch- und sehr gute Englischkenntnisse (weitere Fremdsprachenkenntnisse, insbesondere Spanisch sind sehr willkommen)<\/li>\n<li>sorgf\u00e4ltige und zuverl\u00e4ssige Arbeitsweise<\/li>\n<\/ul>\n<hr \/>\n<p>Dauer: ca. 3 Monate<br \/>\nVerg\u00fctung: 400 \u20ac \/ Monat<br \/>\nStatus: Freiwilliges Orientierungspraktikum oder Pflichtpraktikum<\/p>\n<hr \/>\n<p><strong><br \/>\nWir freuen uns auf Ihre aussagekr\u00e4ftige Bewerbung!<\/strong><\/p>\n<p>Bitte schicken Sie Ihre Unterlagen (Anschreiben, Lebenslauf, Zeugnisse, Referenzen) via E-Mail an Valerie Fidler (Creative Producing) &#8211; \u00a0<a href=\"mailto:fidler@looks.film\">fidler@looks.film<\/a>.<\/p>\n<p><strong>\u00a0<\/strong>[\/vc_column_text][\/vc_column][\/vc_row][vc_row][vc_column][\/vc_column][\/vc_row]<\/p>\n<\/div>","protected":false},"excerpt":{"rendered":"<p>[vc_row&#8230;<\/p>\n","protected":false},"author":1,"featured_media":0,"parent":36533,"menu_order":0,"comment_status":"closed","ping_status":"closed","template":"","meta":{"footnotes":""},"yoast_head":"<!-- This site is optimized with the Yoast SEO plugin v22.9 - https:\/\/yoast.com\/wordpress\/plugins\/seo\/ -->\n<title>IT-Infrastrukturarchitekt &amp; Systemadministrator (M\/W\/D) - LOOKSfilm<\/title>\n<meta name=\"description\" content=\"Ein aktuelles Stellenangebot bei LOOKSfilm.\" \/>\n<meta name=\"robots\" content=\"index, follow, max-snippet:-1, max-image-preview:large, max-video-preview:-1\" \/>\n<link rel=\"canonical\" href=\"https:\/\/looks.film\/de\/jobs\/it-infrastruktur-systemadministrator\/\" \/>\n<meta property=\"og:locale\" content=\"de_DE\" \/>\n<meta property=\"og:type\" content=\"article\" \/>\n<meta property=\"og:title\" content=\"Jobs @ LOOKSfilm\" \/>\n<meta property=\"og:description\" content=\"Hier findet ihr aktuelle Jobs bei LOOKSfilm.\" \/>\n<meta property=\"og:url\" content=\"https:\/\/looks.film\/de\/jobs\/it-infrastruktur-systemadministrator\/\" \/>\n<meta property=\"og:site_name\" content=\"LOOKSfilm\" \/>\n<meta property=\"og:image\" content=\"https:\/\/looks.film\/wp-content\/uploads\/2020\/10\/20190606_Stellenausschreibung-Vorschaubild-Website-scaled.jpg\" \/>\n\t<meta property=\"og:image:width\" content=\"2560\" \/>\n\t<meta property=\"og:image:height\" content=\"1592\" \/>\n\t<meta property=\"og:image:type\" content=\"image\/jpeg\" \/>\n<meta name=\"twitter:card\" content=\"summary_large_image\" \/>\n<meta name=\"twitter:title\" content=\"Jobs @ LOOKSfilm\" \/>\n<meta name=\"twitter:description\" content=\"Hier findet ihr aktuelle Jobs bei LOOKSfilm.\" \/>\n<meta name=\"twitter:image\" content=\"https:\/\/looks.film\/wp-content\/uploads\/2020\/10\/20190606_Stellenausschreibung-Vorschaubild-Website-scaled.jpg\" \/>\n<meta name=\"twitter:label1\" content=\"Gesch\u00e4tzte Lesezeit\" \/>\n\t<meta name=\"twitter:data1\" content=\"4\u00a0Minuten\" \/>\n<script type=\"application\/ld+json\" class=\"yoast-schema-graph\">{\"@context\":\"https:\/\/schema.org\",\"@graph\":[{\"@type\":\"WebPage\",\"@id\":\"https:\/\/looks.film\/de\/jobs\/it-infrastruktur-systemadministrator\/\",\"url\":\"https:\/\/looks.film\/de\/jobs\/it-infrastruktur-systemadministrator\/\",\"name\":\"IT-Infrastrukturarchitekt & Systemadministrator (M\/W\/D) - LOOKSfilm\",\"isPartOf\":{\"@id\":\"https:\/\/looks.film\/de\/#website\"},\"datePublished\":\"2026-05-04T08:55:14+00:00\",\"dateModified\":\"2026-05-04T08:55:14+00:00\",\"description\":\"Ein aktuelles Stellenangebot bei LOOKSfilm.\",\"breadcrumb\":{\"@id\":\"https:\/\/looks.film\/de\/jobs\/it-infrastruktur-systemadministrator\/#breadcrumb\"},\"inLanguage\":\"de\",\"potentialAction\":[{\"@type\":\"ReadAction\",\"target\":[\"https:\/\/looks.film\/de\/jobs\/it-infrastruktur-systemadministrator\/\"]}]},{\"@type\":\"BreadcrumbList\",\"@id\":\"https:\/\/looks.film\/de\/jobs\/it-infrastruktur-systemadministrator\/#breadcrumb\",\"itemListElement\":[{\"@type\":\"ListItem\",\"position\":1,\"name\":\"Startseite\",\"item\":\"https:\/\/looks.film\/de\/\"},{\"@type\":\"ListItem\",\"position\":2,\"name\":\"Jobs\",\"item\":\"https:\/\/looks.film\/de\/jobs\/\"},{\"@type\":\"ListItem\",\"position\":3,\"name\":\"IT-Infrastrukturarchitekt &#038; Systemadministrator (M\/W\/D)\"}]},{\"@type\":\"WebSite\",\"@id\":\"https:\/\/looks.film\/de\/#website\",\"url\":\"https:\/\/looks.film\/de\/\",\"name\":\"LOOKSfilm\",\"description\":\"Film Production Company &amp; Distribution\",\"potentialAction\":[{\"@type\":\"SearchAction\",\"target\":{\"@type\":\"EntryPoint\",\"urlTemplate\":\"https:\/\/looks.film\/de\/?s={search_term_string}\"},\"query-input\":\"required name=search_term_string\"}],\"inLanguage\":\"de\"}]}<\/script>\n<!-- \/ Yoast SEO plugin. -->","yoast_head_json":{"title":"IT-Infrastrukturarchitekt & Systemadministrator (M\/W\/D) - LOOKSfilm","description":"Ein aktuelles Stellenangebot bei LOOKSfilm.","robots":{"index":"index","follow":"follow","max-snippet":"max-snippet:-1","max-image-preview":"max-image-preview:large","max-video-preview":"max-video-preview:-1"},"canonical":"https:\/\/looks.film\/de\/jobs\/it-infrastruktur-systemadministrator\/","og_locale":"de_DE","og_type":"article","og_title":"Jobs @ LOOKSfilm","og_description":"Hier findet ihr aktuelle Jobs bei LOOKSfilm.","og_url":"https:\/\/looks.film\/de\/jobs\/it-infrastruktur-systemadministrator\/","og_site_name":"LOOKSfilm","og_image":[{"width":2560,"height":1592,"url":"https:\/\/looks.film\/wp-content\/uploads\/2020\/10\/20190606_Stellenausschreibung-Vorschaubild-Website-scaled.jpg","type":"image\/jpeg"}],"twitter_card":"summary_large_image","twitter_title":"Jobs @ LOOKSfilm","twitter_description":"Hier findet ihr aktuelle Jobs bei LOOKSfilm.","twitter_image":"https:\/\/looks.film\/wp-content\/uploads\/2020\/10\/20190606_Stellenausschreibung-Vorschaubild-Website-scaled.jpg","twitter_misc":{"Gesch\u00e4tzte Lesezeit":"4\u00a0Minuten"},"schema":{"@context":"https:\/\/schema.org","@graph":[{"@type":"WebPage","@id":"https:\/\/looks.film\/de\/jobs\/it-infrastruktur-systemadministrator\/","url":"https:\/\/looks.film\/de\/jobs\/it-infrastruktur-systemadministrator\/","name":"IT-Infrastrukturarchitekt & Systemadministrator (M\/W\/D) - LOOKSfilm","isPartOf":{"@id":"https:\/\/looks.film\/de\/#website"},"datePublished":"2026-05-04T08:55:14+00:00","dateModified":"2026-05-04T08:55:14+00:00","description":"Ein aktuelles Stellenangebot bei LOOKSfilm.","breadcrumb":{"@id":"https:\/\/looks.film\/de\/jobs\/it-infrastruktur-systemadministrator\/#breadcrumb"},"inLanguage":"de","potentialAction":[{"@type":"ReadAction","target":["https:\/\/looks.film\/de\/jobs\/it-infrastruktur-systemadministrator\/"]}]},{"@type":"BreadcrumbList","@id":"https:\/\/looks.film\/de\/jobs\/it-infrastruktur-systemadministrator\/#breadcrumb","itemListElement":[{"@type":"ListItem","position":1,"name":"Startseite","item":"https:\/\/looks.film\/de\/"},{"@type":"ListItem","position":2,"name":"Jobs","item":"https:\/\/looks.film\/de\/jobs\/"},{"@type":"ListItem","position":3,"name":"IT-Infrastrukturarchitekt &#038; Systemadministrator (M\/W\/D)"}]},{"@type":"WebSite","@id":"https:\/\/looks.film\/de\/#website","url":"https:\/\/looks.film\/de\/","name":"LOOKSfilm","description":"Film Production Company &amp; Distribution","potentialAction":[{"@type":"SearchAction","target":{"@type":"EntryPoint","urlTemplate":"https:\/\/looks.film\/de\/?s={search_term_string}"},"query-input":"required name=search_term_string"}],"inLanguage":"de"}]}},"_links":{"self":[{"href":"https:\/\/looks.film\/de\/wp-json\/wp\/v2\/pages\/42616"}],"collection":[{"href":"https:\/\/looks.film\/de\/wp-json\/wp\/v2\/pages"}],"about":[{"href":"https:\/\/looks.film\/de\/wp-json\/wp\/v2\/types\/page"}],"author":[{"embeddable":true,"href":"https:\/\/looks.film\/de\/wp-json\/wp\/v2\/users\/1"}],"replies":[{"embeddable":true,"href":"https:\/\/looks.film\/de\/wp-json\/wp\/v2\/comments?post=42616"}],"version-history":[{"count":1,"href":"https:\/\/looks.film\/de\/wp-json\/wp\/v2\/pages\/42616\/revisions"}],"predecessor-version":[{"id":42618,"href":"https:\/\/looks.film\/de\/wp-json\/wp\/v2\/pages\/42616\/revisions\/42618"}],"up":[{"embeddable":true,"href":"https:\/\/looks.film\/de\/wp-json\/wp\/v2\/pages\/36533"}],"wp:attachment":[{"href":"https:\/\/looks.film\/de\/wp-json\/wp\/v2\/media?parent=42616"}],"curies":[{"name":"wp","href":"https:\/\/api.w.org\/{rel}","templated":true}]}}