{"id":42604,"date":"2026-04-17T07:59:34","date_gmt":"2026-04-17T05:59:34","guid":{"rendered":"https:\/\/looks.film\/?page_id=42604"},"modified":"2026-04-17T07:59:34","modified_gmt":"2026-04-17T05:59:34","slug":"development-producer-m-w-d","status":"publish","type":"page","link":"https:\/\/looks.film\/de\/jobs\/development-producer-m-w-d\/","title":{"rendered":"Development Producer (M\/W\/D)"},"content":{"rendered":"<div class=\"wpb-content-wrapper\"><p>[vc_row full_width=&#8220;stretch_row&#8220; css=&#8220;.vc_custom_1592844122143{background-color: #00263e !important;}&#8220;][vc_column][vc_column_text css=&#8220;.vc_custom_1610108949959{background-color: #00263e !important;}&#8220;]<\/p>\n<h3><span style=\"color: #ffffff;\">Aktuelle STELLENANGEBOtE<br \/>\n<\/span><\/h3>\n<p>[\/vc_column_text][\/vc_column][\/vc_row][vc_row][vc_column][vc_column_text css=&#8220;&#8220;]<\/p>\n<h5><span style=\"color: #003366;\"><strong>DEVELOPMENT PRODUCER (M\/W\/D)<\/strong><\/span><\/h5>\n<h5><span style=\"color: #003366;\"><strong>STANDORT: LEIPZIG, BERLIN, HAMBURG | TEILZEIT \/ VOLLZEIT | AB SOFORT\u00a0<\/strong><\/span><\/h5>\n<p>[\/vc_column_text][\/vc_column][\/vc_row][vc_row full_width=&#8220;stretch_row&#8220; disable_custom_paddings_tablet=&#8220;true&#8220; disable_custom_paddings_mobile=&#8220;true&#8220; css=&#8220;.vc_custom_1602668970620{margin-right: 250px !important;}&#8220;][vc_column][vc_column_text css=&#8220;&#8220;]<strong>\u00dcBER UNS<\/strong><\/p>\n<p>LOOKSfilm produziert seit 1995 preisgekr\u00f6nte Serien, Dokumentationen und Spielfilme f\u00fcr den internationalen Markt. Zu unseren Kunden z\u00e4hlen bekannte VoD-Plattformen und Sender weltweit. Unser festes Team arbeitet unter anderem an den Standorten Leipzig, Berlin und Hannover. Historische Stories sind unsere Leidenschaft.<\/p>\n<p>Du suchst eine anspruchsvolle und abwechslungsreiche T\u00e4tigkeit in der Film- und Fernsehbranche? Du m\u00f6chtest Filme und Serien f\u00fcr Arte, Netflix &amp; Co. entwickeln? Dein Herz schl\u00e4gt f\u00fcr dokumentarische Formate? Du suchst eine Festanstellung in einer der renommiertesten Produktionsfirmen Deutschlands? Dann bewirb dich bei uns als Development Producer und werde Teil des wohl sympathischsten Teams der Branche:<\/p>\n<p>Ab sofort suchen wir eine:n <strong>Development Producer (m\/w\/d) f\u00fcr den Standort Leipzig (bevorzugt), Berlin<\/strong> <strong>oder Hamburg,<\/strong> der\/die uns in der Entwicklung internationaler Filmprojekte unterst\u00fctzt.<\/p>\n<p><strong>DEINE AUFGABEN<\/strong><\/p>\n<ul>\n<li>Du \u00fcbernimmst die inhaltliche Entwicklung und Konzeption neuer Projekte: von der Themen- und Protagonist:innen-Recherche \u00fcber das Verfassen von Expos\u00e9s, Pitch Decks und Treatments bis hin zum Pitching.<\/li>\n<li>Du fertigst Texte und Pr\u00e4sentationsmaterialien f\u00fcr die Distribution unserer Entwicklungsprojekte an.<\/li>\n<li>Du k\u00fcmmerst dich um erste Archiv- und Bildrecherchen zu neuen Projekten.<\/li>\n<li>Du unterst\u00fctzt uns bei F\u00f6rderantr\u00e4gen f\u00fcr Entwicklungsprojekte.<\/li>\n<\/ul>\n<p><strong>DEINE QUALIFIKATIONEN<\/strong><\/p>\n<ul>\n<li>Du verf\u00fcgst \u00fcber ein abgeschlossenes Studium im Bereich Film und TV, Geschichte, Medien- oder Kommunikationswissenschaften, Literaturwissenschaft oder einer artverwandten Geisteswissenschaft.<\/li>\n<li>Du hast bereits erste Erfahrungen im Texten gesammelt, sei es in einer Redaktion oder als freie:r Autor:in.<\/li>\n<li>Du verf\u00fcgst \u00fcber ein ausgezeichnetes Sprachgef\u00fchl und kannst Geschichten so erz\u00e4hlen, dass sie die Menschen in ihren Bann ziehen. Du schreibst deutsche Texte auf muttersprachlichem Niveau.<\/li>\n<li>Deine Texte spr\u00fchen vor Kreativit\u00e4t, Wissen und Witz, sind aber auch strukturiert, stringent und \u00fcberzeugend geschrieben.<\/li>\n<li>Du hast ein Gesp\u00fcr f\u00fcr Menschen und Geschichten und interessierst dich f\u00fcr historische Themen und dokumentarische Formate.<\/li>\n<li>Du hast eine schnelle Auffassungsgabe und kannst dich problemlos in neue Themenfelder einarbeiten. Du wei\u00dft, wie du dir KI bei Recherchen zunutze machen kannst, aber verl\u00e4sst dich beim eigentlichen Schreiben auf dein Talent.<\/li>\n<li>Im besten Fall verf\u00fcgst du \u00fcber gestalterisches Talent und kannst es bei Pr\u00e4sentationen und Pitch Papern mit einbringen.<\/li>\n<\/ul>\n<p><strong>WAS WIR BIETEN<\/strong><\/p>\n<ul>\n<li>au\u00dfergew\u00f6hnlich spannende und anspruchsvolle Film- und Serienprojekte<\/li>\n<li>branchenf\u00fchrende Kunden und Partner weltweit<\/li>\n<li>abwechslungsreiche T\u00e4tigkeiten<\/li>\n<li>ein enthusiastisches, herzliches, internationales und erfahrenes Team<\/li>\n<\/ul>\n<p><strong>Wichtig: Bitte sende uns neben deinem CV eine m\u00f6glichst aussagekr\u00e4ftige Arbeitsprobe zu. Idealerweise zeigst du uns deine F\u00e4higkeiten durch einen fr\u00fcheren Projektpitch, ein Expos\u00e9 oder Treatment. Alternativ kannst du auch einen neuen Text schreiben. W\u00e4hle daf\u00fcr zwischen diesen beiden Optionen:<\/strong><\/p>\n<p>Verfasse (1) einen <strong>Onepager f\u00fcr eine 4-teilige dokumentarische Serie f\u00fcr einen \u00f6ffentlich-rechtlichen Sender zum Thema \u201eDie Geschichte der Emanzipation\u201c<\/strong> oder (2) einen <strong>Onepager f\u00fcr unser \u201eSchicksalsjahre\u201c-Format: 1&#215;90 Min zum Thema \u201eXi Jinping\u201c.<\/strong><\/p>\n<p><strong>\u00a0Wir freuen uns \u00fcber eine m\u00f6glichst ansprechende Gestaltung!<\/strong><\/p>\n<p>Bitte schick uns deine <strong>vollst\u00e4ndigen<\/strong> Unterlagen (<strong>Arbeitsproben oder Onepager<\/strong>, Anschreiben, Lebenslauf, Abschluss-Zeugnisse, Arbeitsnachweise) <strong>in einem PDF-Dokument ausschlie\u00dflich per E-Mail<\/strong>\u00a0an Anja Hirschberg (HR Lead): \u00a0<a href=\"mailto:jobs@looks.film\"><strong>jobs@looks.film<\/strong><\/a><strong>. <\/strong><\/p>\n<p>Wir freuen uns auf deine aussagekr\u00e4ftige Bewerbung![\/vc_column_text][\/vc_column][\/vc_row][vc_row][vc_column][vc_separator][\/vc_column][\/vc_row][vc_row disable_element=&#8220;yes&#8220;][vc_column][vc_column_text]<\/p>\n<h5><strong><span style=\"color: #00263e;\">Praktikum Producing \/ Stoffentwicklung <\/span><\/strong><strong><span style=\"color: #00263e;\">(m\/w\/d)<br \/>\n<\/span><\/strong><span style=\"color: #00263e;\">Standort: Leipzig<\/span><strong><span style=\"color: #00263e;\"><br \/>\n<\/span><\/strong><\/h5>\n<p>[\/vc_column_text][\/vc_column][\/vc_row][vc_row full_width=&#8220;stretch_row&#8220; disable_element=&#8220;yes&#8220; disable_custom_paddings_tablet=&#8220;true&#8220; disable_custom_paddings_mobile=&#8220;true&#8220; css=&#8220;.vc_custom_1611160614791{margin-right: 250px !important;}&#8220;][vc_column][vc_column_text]F\u00fcr unsere Producing-Abteilung suchen wir ab dem 01.02.2021 eine:n Praktikant:in in Vollzeit.<\/p>\n<p><strong>Ihre Aufgaben:<\/strong><\/p>\n<ul>\n<li>eigenst\u00e4ndige Recherchen (z.B. Hintergr\u00fcnde, Protagonisten, Experten)<\/li>\n<li>Stoffentwicklung, Themenrecherche und Unterst\u00fctzung unseres Development-Teams bei der Konzeption neuer Projekte<\/li>\n<li>Erstellung kurzer Texte f\u00fcr Pitches oder Pr\u00e4sentationen<\/li>\n<li>\u00dcbersetzungen (Englisch; weitere Fremdsprachenkenntnisse insbesondere Spanisch willkommen)<\/li>\n<li>Bildrecherchen (Archive, Bilddatenbanken)<\/li>\n<li>Sichtung und \u00dcberpr\u00fcfung von Rohschnitten<\/li>\n<li>Transkriptionen<\/li>\n<\/ul>\n<p><strong>Ihre Qualifikationen:<\/strong><\/p>\n<ul>\n<li>laufendes oder abgeschlossenes Studium, vorzugsweise der Medien-, Film-, Geschichts- oder Kommunikationswissenschaft<\/li>\n<li>hohe Affinit\u00e4t zum Dokumentarfilm und zu historischen Stoffen<\/li>\n<li>kreativ, offen und vielseitig interessiert<\/li>\n<li>ausgezeichnete Rechtschreibung und einwandfreier Schreibstil einwandfrei<\/li>\n<li>schnelle Auffassungsgabe und eine pr\u00e4zise, z\u00fcgige und strukturierte Arbeitsweise<\/li>\n<li>flie\u00dfende Deutsch- und sehr gute Englischkenntnisse (weitere Fremdsprachenkenntnisse, insbesondere Spanisch sind sehr willkommen)<\/li>\n<li>sorgf\u00e4ltige und zuverl\u00e4ssige Arbeitsweise<\/li>\n<\/ul>\n<hr \/>\n<p>Dauer: ca. 3 Monate<br \/>\nVerg\u00fctung: 400 \u20ac \/ Monat<br \/>\nStatus: Freiwilliges Orientierungspraktikum oder Pflichtpraktikum<\/p>\n<hr \/>\n<p><strong><br \/>\nWir freuen uns auf Ihre aussagekr\u00e4ftige Bewerbung!<\/strong><\/p>\n<p>Bitte schicken Sie Ihre Unterlagen (Anschreiben, Lebenslauf, Zeugnisse, Referenzen) via E-Mail an Valerie Fidler (Creative Producing) &#8211; \u00a0<a href=\"mailto:fidler@looks.film\">fidler@looks.film<\/a>.<\/p>\n<p><strong>\u00a0<\/strong>[\/vc_column_text][\/vc_column][\/vc_row][vc_row][vc_column][\/vc_column][\/vc_row]<\/p>\n<\/div>","protected":false},"excerpt":{"rendered":"<p>[vc_row&#8230;<\/p>\n","protected":false},"author":1,"featured_media":0,"parent":36533,"menu_order":0,"comment_status":"closed","ping_status":"closed","template":"","meta":{"footnotes":""},"yoast_head":"<!-- This site is optimized with the Yoast SEO plugin v22.9 - https:\/\/yoast.com\/wordpress\/plugins\/seo\/ -->\n<title>Development Producer (M\/W\/D) - LOOKSfilm<\/title>\n<meta name=\"description\" content=\"Ein aktuelles Stellenangebot bei LOOKSfilm.\" \/>\n<meta name=\"robots\" content=\"index, follow, max-snippet:-1, max-image-preview:large, max-video-preview:-1\" \/>\n<link rel=\"canonical\" href=\"https:\/\/looks.film\/de\/jobs\/development-producer-m-w-d\/\" \/>\n<meta property=\"og:locale\" content=\"de_DE\" \/>\n<meta property=\"og:type\" content=\"article\" \/>\n<meta property=\"og:title\" content=\"Jobs @ LOOKSfilm\" \/>\n<meta property=\"og:description\" content=\"Hier findet ihr aktuelle Jobs bei LOOKSfilm.\" \/>\n<meta property=\"og:url\" content=\"https:\/\/looks.film\/de\/jobs\/development-producer-m-w-d\/\" \/>\n<meta property=\"og:site_name\" content=\"LOOKSfilm\" \/>\n<meta property=\"og:image\" content=\"https:\/\/looks.film\/wp-content\/uploads\/2020\/10\/20190606_Stellenausschreibung-Vorschaubild-Website-scaled.jpg\" \/>\n\t<meta property=\"og:image:width\" content=\"2560\" \/>\n\t<meta property=\"og:image:height\" content=\"1592\" \/>\n\t<meta property=\"og:image:type\" content=\"image\/jpeg\" \/>\n<meta name=\"twitter:card\" content=\"summary_large_image\" \/>\n<meta name=\"twitter:title\" content=\"Jobs @ LOOKSfilm\" \/>\n<meta name=\"twitter:description\" content=\"Hier findet ihr aktuelle Jobs bei LOOKSfilm.\" \/>\n<meta name=\"twitter:image\" content=\"https:\/\/looks.film\/wp-content\/uploads\/2020\/10\/20190606_Stellenausschreibung-Vorschaubild-Website-scaled.jpg\" \/>\n<meta name=\"twitter:label1\" content=\"Gesch\u00e4tzte Lesezeit\" \/>\n\t<meta name=\"twitter:data1\" content=\"4\u00a0Minuten\" \/>\n<script type=\"application\/ld+json\" class=\"yoast-schema-graph\">{\"@context\":\"https:\/\/schema.org\",\"@graph\":[{\"@type\":\"WebPage\",\"@id\":\"https:\/\/looks.film\/de\/jobs\/development-producer-m-w-d\/\",\"url\":\"https:\/\/looks.film\/de\/jobs\/development-producer-m-w-d\/\",\"name\":\"Development Producer (M\/W\/D) - LOOKSfilm\",\"isPartOf\":{\"@id\":\"https:\/\/looks.film\/de\/#website\"},\"datePublished\":\"2026-04-17T05:59:34+00:00\",\"dateModified\":\"2026-04-17T05:59:34+00:00\",\"description\":\"Ein aktuelles Stellenangebot bei LOOKSfilm.\",\"breadcrumb\":{\"@id\":\"https:\/\/looks.film\/de\/jobs\/development-producer-m-w-d\/#breadcrumb\"},\"inLanguage\":\"de\",\"potentialAction\":[{\"@type\":\"ReadAction\",\"target\":[\"https:\/\/looks.film\/de\/jobs\/development-producer-m-w-d\/\"]}]},{\"@type\":\"BreadcrumbList\",\"@id\":\"https:\/\/looks.film\/de\/jobs\/development-producer-m-w-d\/#breadcrumb\",\"itemListElement\":[{\"@type\":\"ListItem\",\"position\":1,\"name\":\"Startseite\",\"item\":\"https:\/\/looks.film\/de\/\"},{\"@type\":\"ListItem\",\"position\":2,\"name\":\"Jobs\",\"item\":\"https:\/\/looks.film\/de\/jobs\/\"},{\"@type\":\"ListItem\",\"position\":3,\"name\":\"Development Producer (M\/W\/D)\"}]},{\"@type\":\"WebSite\",\"@id\":\"https:\/\/looks.film\/de\/#website\",\"url\":\"https:\/\/looks.film\/de\/\",\"name\":\"LOOKSfilm\",\"description\":\"Film Production Company &amp; Distribution\",\"potentialAction\":[{\"@type\":\"SearchAction\",\"target\":{\"@type\":\"EntryPoint\",\"urlTemplate\":\"https:\/\/looks.film\/de\/?s={search_term_string}\"},\"query-input\":\"required name=search_term_string\"}],\"inLanguage\":\"de\"}]}<\/script>\n<!-- \/ Yoast SEO plugin. -->","yoast_head_json":{"title":"Development Producer (M\/W\/D) - LOOKSfilm","description":"Ein aktuelles Stellenangebot bei LOOKSfilm.","robots":{"index":"index","follow":"follow","max-snippet":"max-snippet:-1","max-image-preview":"max-image-preview:large","max-video-preview":"max-video-preview:-1"},"canonical":"https:\/\/looks.film\/de\/jobs\/development-producer-m-w-d\/","og_locale":"de_DE","og_type":"article","og_title":"Jobs @ LOOKSfilm","og_description":"Hier findet ihr aktuelle Jobs bei LOOKSfilm.","og_url":"https:\/\/looks.film\/de\/jobs\/development-producer-m-w-d\/","og_site_name":"LOOKSfilm","og_image":[{"width":2560,"height":1592,"url":"https:\/\/looks.film\/wp-content\/uploads\/2020\/10\/20190606_Stellenausschreibung-Vorschaubild-Website-scaled.jpg","type":"image\/jpeg"}],"twitter_card":"summary_large_image","twitter_title":"Jobs @ LOOKSfilm","twitter_description":"Hier findet ihr aktuelle Jobs bei LOOKSfilm.","twitter_image":"https:\/\/looks.film\/wp-content\/uploads\/2020\/10\/20190606_Stellenausschreibung-Vorschaubild-Website-scaled.jpg","twitter_misc":{"Gesch\u00e4tzte Lesezeit":"4\u00a0Minuten"},"schema":{"@context":"https:\/\/schema.org","@graph":[{"@type":"WebPage","@id":"https:\/\/looks.film\/de\/jobs\/development-producer-m-w-d\/","url":"https:\/\/looks.film\/de\/jobs\/development-producer-m-w-d\/","name":"Development Producer (M\/W\/D) - LOOKSfilm","isPartOf":{"@id":"https:\/\/looks.film\/de\/#website"},"datePublished":"2026-04-17T05:59:34+00:00","dateModified":"2026-04-17T05:59:34+00:00","description":"Ein aktuelles Stellenangebot bei LOOKSfilm.","breadcrumb":{"@id":"https:\/\/looks.film\/de\/jobs\/development-producer-m-w-d\/#breadcrumb"},"inLanguage":"de","potentialAction":[{"@type":"ReadAction","target":["https:\/\/looks.film\/de\/jobs\/development-producer-m-w-d\/"]}]},{"@type":"BreadcrumbList","@id":"https:\/\/looks.film\/de\/jobs\/development-producer-m-w-d\/#breadcrumb","itemListElement":[{"@type":"ListItem","position":1,"name":"Startseite","item":"https:\/\/looks.film\/de\/"},{"@type":"ListItem","position":2,"name":"Jobs","item":"https:\/\/looks.film\/de\/jobs\/"},{"@type":"ListItem","position":3,"name":"Development Producer (M\/W\/D)"}]},{"@type":"WebSite","@id":"https:\/\/looks.film\/de\/#website","url":"https:\/\/looks.film\/de\/","name":"LOOKSfilm","description":"Film Production Company &amp; Distribution","potentialAction":[{"@type":"SearchAction","target":{"@type":"EntryPoint","urlTemplate":"https:\/\/looks.film\/de\/?s={search_term_string}"},"query-input":"required name=search_term_string"}],"inLanguage":"de"}]}},"_links":{"self":[{"href":"https:\/\/looks.film\/de\/wp-json\/wp\/v2\/pages\/42604"}],"collection":[{"href":"https:\/\/looks.film\/de\/wp-json\/wp\/v2\/pages"}],"about":[{"href":"https:\/\/looks.film\/de\/wp-json\/wp\/v2\/types\/page"}],"author":[{"embeddable":true,"href":"https:\/\/looks.film\/de\/wp-json\/wp\/v2\/users\/1"}],"replies":[{"embeddable":true,"href":"https:\/\/looks.film\/de\/wp-json\/wp\/v2\/comments?post=42604"}],"version-history":[{"count":3,"href":"https:\/\/looks.film\/de\/wp-json\/wp\/v2\/pages\/42604\/revisions"}],"predecessor-version":[{"id":42608,"href":"https:\/\/looks.film\/de\/wp-json\/wp\/v2\/pages\/42604\/revisions\/42608"}],"up":[{"embeddable":true,"href":"https:\/\/looks.film\/de\/wp-json\/wp\/v2\/pages\/36533"}],"wp:attachment":[{"href":"https:\/\/looks.film\/de\/wp-json\/wp\/v2\/media?parent=42604"}],"curies":[{"name":"wp","href":"https:\/\/api.w.org\/{rel}","templated":true}]}}