{"id":42596,"date":"2026-04-08T14:23:36","date_gmt":"2026-04-08T12:23:36","guid":{"rendered":"https:\/\/looks.film\/?page_id=42596"},"modified":"2026-04-08T14:23:36","modified_gmt":"2026-04-08T12:23:36","slug":"foerdermittelmanager-m-w-d","status":"publish","type":"page","link":"https:\/\/looks.film\/de\/jobs\/foerdermittelmanager-m-w-d\/","title":{"rendered":"F\u00f6rdermittelmanager (m\/w\/d)"},"content":{"rendered":"<div class=\"wpb-content-wrapper\"><p>[vc_row full_width=&#8220;stretch_row&#8220; css=&#8220;.vc_custom_1592844122143{background-color: #00263e !important;}&#8220;][vc_column][vc_column_text css=&#8220;.vc_custom_1610108949959{background-color: #00263e !important;}&#8220;]<\/p>\n<h3><span style=\"color: #ffffff;\">Aktuelle STELLENANGEBOtE<br \/>\n<\/span><\/h3>\n<p>[\/vc_column_text][\/vc_column][\/vc_row][vc_row][vc_column][vc_column_text css=&#8220;&#8220;]<\/p>\n<h5><span style=\"color: #003366;\"><strong>F\u00f6rdermittelmanager (m\/w\/d)<\/strong><\/span><\/h5>\n<h5><span style=\"color: #003366;\"><strong>Standort: Teilzeit \/ Vollzeit |\u00a0Ab sofort\u00a0|\u00a0Leipzig, Berlin, Magdeburg, Hamburg<\/strong><\/span><\/h5>\n<p>[\/vc_column_text][\/vc_column][\/vc_row][vc_row full_width=&#8220;stretch_row&#8220; disable_custom_paddings_tablet=&#8220;true&#8220; disable_custom_paddings_mobile=&#8220;true&#8220; css=&#8220;.vc_custom_1602668970620{margin-right: 250px !important;}&#8220;][vc_column][vc_column_text css=&#8220;&#8220;]LOOKSfilm produziert seit 1995 Dokumentationen, Serien und Filme f\u00fcr den weltweiten Markt. Unsere preisgekr\u00f6nten Produktionen feiern Erfolge bei den namhaftesten TV-Sendern, gr\u00f6\u00dften VoD-Plattformen und wichtigsten Festivals. Ein internationales Team von 80 Kolleginnen und Kollegen entwickelt, finanziert und produziert mit gro\u00dfer Leidenschaft Film- und Serien-Projekte mit einem spannenden Netzwerk erstklassiger weltweiter Partner.<\/p>\n<p>Unser F\u00f6rdermittelmanagement spielt dabei eine wichtige Rolle, welches sich mit wachsender Zahl, Diversifizierung und Internationalit\u00e4t unserer Projekte rasch entwickelt. Zu seiner Verst\u00e4rkung suchen wir zum n\u00e4chstm\u00f6glichen Zeitpunkt an einem unserer Standorte eine\/n engagierte\/n Mitarbeiter\/in.<\/p>\n<p><strong>DEINE AUFGABEN<\/strong><\/p>\n<ul>\n<li>eigenst\u00e4ndige Recherche von F\u00f6rderprogrammen auf regionaler, nationaler und europ\u00e4ischer Ebene (u.a. im Bereich Medien, Kultur, Digitalisierung, KI und Investitionen)<\/li>\n<li>Beantragung von F\u00f6rdermitteln, inklusive der f\u00f6rderkonformen Gestaltung der Projekte in Absprache mit den Abteilungen<\/li>\n<li>Begleitung und Administration von gef\u00f6rderten Projekten<\/li>\n<li>Abrechnung bestehender Projekte in Abstimmung mit den Abteilungen<\/li>\n<\/ul>\n<p><strong>DAF\u00dcR BRINGST DU FOLGENDES MIT<\/strong><\/p>\n<ul>\n<li>Erfahrung in der Beantragung und Abrechnung von F\u00f6rderprogrammen der Wirtschaftsf\u00f6rderung, Forschungsf\u00f6rderung und\/oder der F\u00f6rderung gemeinn\u00fctziger Projekte (Fundraising)<\/li>\n<li>Freude am strukturierten Arbeiten sowie ein gutes Zahlenverst\u00e4ndnis<\/li>\n<li>selbstst\u00e4ndige Arbeitsweise und Spa\u00df an der Arbeit in einem internationalen Team<\/li>\n<li>bevorzugt ein erfolgreich abgeschlossenes Studium oder eine Ausbildung mit kaufm\u00e4nnischem, betriebswirtschaftlichem oder kulturwirtschaftlichem Hintergrund<\/li>\n<li>von Vorteil sind Erfahrungen in buchhalterischen Prozessen<\/li>\n<li>gute englische Sprachkenntnisse in Wort und Schrift<\/li>\n<\/ul>\n<p><strong>\u00a0<\/strong><strong>WAS WIR BIETEN<\/strong><\/p>\n<ul>\n<li>au\u00dfergew\u00f6hnlich sinnstiftende und spannende Projekte<\/li>\n<li>branchenf\u00fchrende Kunden und Partner weltweit<\/li>\n<li>gro\u00dfen Gestaltungsspielraum und eine angemessene Entlohnung<\/li>\n<li>sehr abwechslungsreiche T\u00e4tigkeiten<\/li>\n<li>ein erfahrenes, buntes, internationales und herzliches Team<\/li>\n<li>Weiterbildungen bei renommierten Einrichtungen<\/li>\n<li>M\u00f6glichkeit, teilweise in Homeoffice zu arbeiten<\/li>\n<\/ul>\n<p>Wir freuen uns auf Deine Bewerbung! Bitte schicke uns Deine Unterlagen (Motivation, Lebenslauf, relevante Zeugnisse)\u00a0<strong>in einem PDF-Dokument ausschlie\u00dflich per E-Mail<\/strong>\u00a0an Anja Hirschberg (HR Lead): \u00a0<strong><a href=\"mailto:jobs@looks.film\">jobs@looks.film<\/a>.<\/strong>[\/vc_column_text][\/vc_column][\/vc_row][vc_row][vc_column][vc_separator][\/vc_column][\/vc_row][vc_row disable_element=&#8220;yes&#8220;][vc_column][vc_column_text]<\/p>\n<h5><strong><span style=\"color: #00263e;\">Praktikum Producing \/ Stoffentwicklung <\/span><\/strong><strong><span style=\"color: #00263e;\">(m\/w\/d)<br \/>\n<\/span><\/strong><span style=\"color: #00263e;\">Standort: Leipzig<\/span><strong><span style=\"color: #00263e;\"><br \/>\n<\/span><\/strong><\/h5>\n<p>[\/vc_column_text][\/vc_column][\/vc_row][vc_row full_width=&#8220;stretch_row&#8220; disable_element=&#8220;yes&#8220; disable_custom_paddings_tablet=&#8220;true&#8220; disable_custom_paddings_mobile=&#8220;true&#8220; css=&#8220;.vc_custom_1611160614791{margin-right: 250px !important;}&#8220;][vc_column][vc_column_text]F\u00fcr unsere Producing-Abteilung suchen wir ab dem 01.02.2021 eine:n Praktikant:in in Vollzeit.<\/p>\n<p><strong>Ihre Aufgaben:<\/strong><\/p>\n<ul>\n<li>eigenst\u00e4ndige Recherchen (z.B. Hintergr\u00fcnde, Protagonisten, Experten)<\/li>\n<li>Stoffentwicklung, Themenrecherche und Unterst\u00fctzung unseres Development-Teams bei der Konzeption neuer Projekte<\/li>\n<li>Erstellung kurzer Texte f\u00fcr Pitches oder Pr\u00e4sentationen<\/li>\n<li>\u00dcbersetzungen (Englisch; weitere Fremdsprachenkenntnisse insbesondere Spanisch willkommen)<\/li>\n<li>Bildrecherchen (Archive, Bilddatenbanken)<\/li>\n<li>Sichtung und \u00dcberpr\u00fcfung von Rohschnitten<\/li>\n<li>Transkriptionen<\/li>\n<\/ul>\n<p><strong>Ihre Qualifikationen:<\/strong><\/p>\n<ul>\n<li>laufendes oder abgeschlossenes Studium, vorzugsweise der Medien-, Film-, Geschichts- oder Kommunikationswissenschaft<\/li>\n<li>hohe Affinit\u00e4t zum Dokumentarfilm und zu historischen Stoffen<\/li>\n<li>kreativ, offen und vielseitig interessiert<\/li>\n<li>ausgezeichnete Rechtschreibung und einwandfreier Schreibstil einwandfrei<\/li>\n<li>schnelle Auffassungsgabe und eine pr\u00e4zise, z\u00fcgige und strukturierte Arbeitsweise<\/li>\n<li>flie\u00dfende Deutsch- und sehr gute Englischkenntnisse (weitere Fremdsprachenkenntnisse, insbesondere Spanisch sind sehr willkommen)<\/li>\n<li>sorgf\u00e4ltige und zuverl\u00e4ssige Arbeitsweise<\/li>\n<\/ul>\n<hr \/>\n<p>Dauer: ca. 3 Monate<br \/>\nVerg\u00fctung: 400 \u20ac \/ Monat<br \/>\nStatus: Freiwilliges Orientierungspraktikum oder Pflichtpraktikum<\/p>\n<hr \/>\n<p><strong><br \/>\nWir freuen uns auf Ihre aussagekr\u00e4ftige Bewerbung!<\/strong><\/p>\n<p>Bitte schicken Sie Ihre Unterlagen (Anschreiben, Lebenslauf, Zeugnisse, Referenzen) via E-Mail an Valerie Fidler (Creative Producing) &#8211; \u00a0<a href=\"mailto:fidler@looks.film\">fidler@looks.film<\/a>.<\/p>\n<p><strong>\u00a0<\/strong>[\/vc_column_text][\/vc_column][\/vc_row][vc_row][vc_column][\/vc_column][\/vc_row]<\/p>\n<\/div>","protected":false},"excerpt":{"rendered":"<p>[vc_row&#8230;<\/p>\n","protected":false},"author":1,"featured_media":0,"parent":36533,"menu_order":0,"comment_status":"closed","ping_status":"closed","template":"","meta":{"footnotes":""},"yoast_head":"<!-- This site is optimized with the Yoast SEO plugin v22.9 - https:\/\/yoast.com\/wordpress\/plugins\/seo\/ -->\n<title>F\u00f6rdermittelmanager (m\/w\/d) - LOOKSfilm<\/title>\n<meta name=\"description\" content=\"Ein aktuelles Stellenangebot bei LOOKSfilm.\" \/>\n<meta name=\"robots\" content=\"index, follow, max-snippet:-1, max-image-preview:large, max-video-preview:-1\" \/>\n<link rel=\"canonical\" href=\"https:\/\/looks.film\/de\/jobs\/foerdermittelmanager-m-w-d\/\" \/>\n<meta property=\"og:locale\" content=\"de_DE\" \/>\n<meta property=\"og:type\" content=\"article\" \/>\n<meta property=\"og:title\" content=\"Jobs @ LOOKSfilm\" \/>\n<meta property=\"og:description\" content=\"Hier findet ihr aktuelle Jobs bei LOOKSfilm.\" \/>\n<meta property=\"og:url\" content=\"https:\/\/looks.film\/de\/jobs\/foerdermittelmanager-m-w-d\/\" \/>\n<meta property=\"og:site_name\" content=\"LOOKSfilm\" \/>\n<meta property=\"og:image\" content=\"https:\/\/looks.film\/wp-content\/uploads\/2020\/10\/20190606_Stellenausschreibung-Vorschaubild-Website-scaled.jpg\" \/>\n\t<meta property=\"og:image:width\" content=\"2560\" \/>\n\t<meta property=\"og:image:height\" content=\"1592\" \/>\n\t<meta property=\"og:image:type\" content=\"image\/jpeg\" \/>\n<meta name=\"twitter:card\" content=\"summary_large_image\" \/>\n<meta name=\"twitter:title\" content=\"Jobs @ LOOKSfilm\" \/>\n<meta name=\"twitter:description\" content=\"Hier findet ihr aktuelle Jobs bei LOOKSfilm.\" \/>\n<meta name=\"twitter:image\" content=\"https:\/\/looks.film\/wp-content\/uploads\/2020\/10\/20190606_Stellenausschreibung-Vorschaubild-Website-scaled.jpg\" \/>\n<meta name=\"twitter:label1\" content=\"Gesch\u00e4tzte Lesezeit\" \/>\n\t<meta name=\"twitter:data1\" content=\"3\u00a0Minuten\" \/>\n<script type=\"application\/ld+json\" class=\"yoast-schema-graph\">{\"@context\":\"https:\/\/schema.org\",\"@graph\":[{\"@type\":\"WebPage\",\"@id\":\"https:\/\/looks.film\/de\/jobs\/foerdermittelmanager-m-w-d\/\",\"url\":\"https:\/\/looks.film\/de\/jobs\/foerdermittelmanager-m-w-d\/\",\"name\":\"F\u00f6rdermittelmanager (m\/w\/d) - LOOKSfilm\",\"isPartOf\":{\"@id\":\"https:\/\/looks.film\/de\/#website\"},\"datePublished\":\"2026-04-08T12:23:36+00:00\",\"dateModified\":\"2026-04-08T12:23:36+00:00\",\"description\":\"Ein aktuelles Stellenangebot bei LOOKSfilm.\",\"breadcrumb\":{\"@id\":\"https:\/\/looks.film\/de\/jobs\/foerdermittelmanager-m-w-d\/#breadcrumb\"},\"inLanguage\":\"de\",\"potentialAction\":[{\"@type\":\"ReadAction\",\"target\":[\"https:\/\/looks.film\/de\/jobs\/foerdermittelmanager-m-w-d\/\"]}]},{\"@type\":\"BreadcrumbList\",\"@id\":\"https:\/\/looks.film\/de\/jobs\/foerdermittelmanager-m-w-d\/#breadcrumb\",\"itemListElement\":[{\"@type\":\"ListItem\",\"position\":1,\"name\":\"Startseite\",\"item\":\"https:\/\/looks.film\/de\/\"},{\"@type\":\"ListItem\",\"position\":2,\"name\":\"Jobs\",\"item\":\"https:\/\/looks.film\/de\/jobs\/\"},{\"@type\":\"ListItem\",\"position\":3,\"name\":\"F\u00f6rdermittelmanager (m\/w\/d)\"}]},{\"@type\":\"WebSite\",\"@id\":\"https:\/\/looks.film\/de\/#website\",\"url\":\"https:\/\/looks.film\/de\/\",\"name\":\"LOOKSfilm\",\"description\":\"Film Production Company &amp; Distribution\",\"potentialAction\":[{\"@type\":\"SearchAction\",\"target\":{\"@type\":\"EntryPoint\",\"urlTemplate\":\"https:\/\/looks.film\/de\/?s={search_term_string}\"},\"query-input\":\"required name=search_term_string\"}],\"inLanguage\":\"de\"}]}<\/script>\n<!-- \/ Yoast SEO plugin. -->","yoast_head_json":{"title":"F\u00f6rdermittelmanager (m\/w\/d) - LOOKSfilm","description":"Ein aktuelles Stellenangebot bei LOOKSfilm.","robots":{"index":"index","follow":"follow","max-snippet":"max-snippet:-1","max-image-preview":"max-image-preview:large","max-video-preview":"max-video-preview:-1"},"canonical":"https:\/\/looks.film\/de\/jobs\/foerdermittelmanager-m-w-d\/","og_locale":"de_DE","og_type":"article","og_title":"Jobs @ LOOKSfilm","og_description":"Hier findet ihr aktuelle Jobs bei LOOKSfilm.","og_url":"https:\/\/looks.film\/de\/jobs\/foerdermittelmanager-m-w-d\/","og_site_name":"LOOKSfilm","og_image":[{"width":2560,"height":1592,"url":"https:\/\/looks.film\/wp-content\/uploads\/2020\/10\/20190606_Stellenausschreibung-Vorschaubild-Website-scaled.jpg","type":"image\/jpeg"}],"twitter_card":"summary_large_image","twitter_title":"Jobs @ LOOKSfilm","twitter_description":"Hier findet ihr aktuelle Jobs bei LOOKSfilm.","twitter_image":"https:\/\/looks.film\/wp-content\/uploads\/2020\/10\/20190606_Stellenausschreibung-Vorschaubild-Website-scaled.jpg","twitter_misc":{"Gesch\u00e4tzte Lesezeit":"3\u00a0Minuten"},"schema":{"@context":"https:\/\/schema.org","@graph":[{"@type":"WebPage","@id":"https:\/\/looks.film\/de\/jobs\/foerdermittelmanager-m-w-d\/","url":"https:\/\/looks.film\/de\/jobs\/foerdermittelmanager-m-w-d\/","name":"F\u00f6rdermittelmanager (m\/w\/d) - LOOKSfilm","isPartOf":{"@id":"https:\/\/looks.film\/de\/#website"},"datePublished":"2026-04-08T12:23:36+00:00","dateModified":"2026-04-08T12:23:36+00:00","description":"Ein aktuelles Stellenangebot bei LOOKSfilm.","breadcrumb":{"@id":"https:\/\/looks.film\/de\/jobs\/foerdermittelmanager-m-w-d\/#breadcrumb"},"inLanguage":"de","potentialAction":[{"@type":"ReadAction","target":["https:\/\/looks.film\/de\/jobs\/foerdermittelmanager-m-w-d\/"]}]},{"@type":"BreadcrumbList","@id":"https:\/\/looks.film\/de\/jobs\/foerdermittelmanager-m-w-d\/#breadcrumb","itemListElement":[{"@type":"ListItem","position":1,"name":"Startseite","item":"https:\/\/looks.film\/de\/"},{"@type":"ListItem","position":2,"name":"Jobs","item":"https:\/\/looks.film\/de\/jobs\/"},{"@type":"ListItem","position":3,"name":"F\u00f6rdermittelmanager (m\/w\/d)"}]},{"@type":"WebSite","@id":"https:\/\/looks.film\/de\/#website","url":"https:\/\/looks.film\/de\/","name":"LOOKSfilm","description":"Film Production Company &amp; Distribution","potentialAction":[{"@type":"SearchAction","target":{"@type":"EntryPoint","urlTemplate":"https:\/\/looks.film\/de\/?s={search_term_string}"},"query-input":"required name=search_term_string"}],"inLanguage":"de"}]}},"_links":{"self":[{"href":"https:\/\/looks.film\/de\/wp-json\/wp\/v2\/pages\/42596"}],"collection":[{"href":"https:\/\/looks.film\/de\/wp-json\/wp\/v2\/pages"}],"about":[{"href":"https:\/\/looks.film\/de\/wp-json\/wp\/v2\/types\/page"}],"author":[{"embeddable":true,"href":"https:\/\/looks.film\/de\/wp-json\/wp\/v2\/users\/1"}],"replies":[{"embeddable":true,"href":"https:\/\/looks.film\/de\/wp-json\/wp\/v2\/comments?post=42596"}],"version-history":[{"count":1,"href":"https:\/\/looks.film\/de\/wp-json\/wp\/v2\/pages\/42596\/revisions"}],"predecessor-version":[{"id":42598,"href":"https:\/\/looks.film\/de\/wp-json\/wp\/v2\/pages\/42596\/revisions\/42598"}],"up":[{"embeddable":true,"href":"https:\/\/looks.film\/de\/wp-json\/wp\/v2\/pages\/36533"}],"wp:attachment":[{"href":"https:\/\/looks.film\/de\/wp-json\/wp\/v2\/media?parent=42596"}],"curies":[{"name":"wp","href":"https:\/\/api.w.org\/{rel}","templated":true}]}}