{"id":42568,"date":"2026-03-11T10:24:34","date_gmt":"2026-03-11T09:24:34","guid":{"rendered":"https:\/\/looks.film\/?page_id=42568"},"modified":"2026-03-20T09:53:40","modified_gmt":"2026-03-20T08:53:40","slug":"post-producer-m-w-d","status":"publish","type":"page","link":"https:\/\/looks.film\/de\/jobs\/post-producer-m-w-d\/","title":{"rendered":"Senior Schnittassistenz \/ Post Producer (m\/w\/d)"},"content":{"rendered":"<div class=\"wpb-content-wrapper\"><p>[vc_row full_width=&#8220;stretch_row&#8220; css=&#8220;.vc_custom_1592844122143{background-color: #00263e !important;}&#8220;][vc_column][vc_column_text css=&#8220;.vc_custom_1610108949959{background-color: #00263e !important;}&#8220;]<\/p>\n<h3><span style=\"color: #ffffff;\">Aktuelle STELLENANGEBOtE<br \/>\n<\/span><\/h3>\n<p>[\/vc_column_text][\/vc_column][\/vc_row][vc_row][vc_column][vc_column_text css=&#8220;&#8220;]<\/p>\n<h5><span style=\"color: #003366;\"><strong>Senior Schnittassistenz \/ Post Producer (M\/W\/D)<\/strong><\/span><\/h5>\n<h5><span style=\"color: #003366;\"><strong>STANDORT: Vollzeit\/Ab Sofort\/LEIPZIG oder HAMBURG<\/strong><\/span><\/h5>\n<p>[\/vc_column_text][\/vc_column][\/vc_row][vc_row full_width=&#8220;stretch_row&#8220; disable_custom_paddings_tablet=&#8220;true&#8220; disable_custom_paddings_mobile=&#8220;true&#8220; css=&#8220;.vc_custom_1602668970620{margin-right: 250px !important;}&#8220;][vc_column][vc_column_text css=&#8220;&#8220;]<strong>LOOKSfilm<\/strong>\u00a0produziert seit mehr als 25 Jahren preisgekr\u00f6nte Serien, Dokumentationen und Spielfilme f\u00fcr den internationalen Markt. Zu unseren Kunden z\u00e4hlen bekannte VoD-Plattformen und Sender weltweit. Historische Stories sind unsere Leidenschaft.<\/p>\n<p>F\u00fcr unsere\u00a0Tochtergesellschaft wave-line Leipzig mit Sitz in unserer <strong>Zentrale in Leipzig<\/strong> suchen wir einen <strong>Senior Schnittassistenz \/<\/strong> <strong>Post Producer (m\/w\/d) f\u00fcr die<\/strong> <strong>Postproduktion &amp; Technik<\/strong> mit umfassender Erfahrung im Bereich Postproduktion.<\/p>\n<p>Als Post Producer:in betreust Du aktiv die Fertigstellung unserer Produktionen von Ingest bis zur Auslieferung an den Kunden. Du bist hauptverantwortlich f\u00fcr die Master-Timeline und sorgst f\u00fcr eine qualitativ hochwertige Postproduktion.<\/p>\n<p>F\u00fcr diesen Bereich suchen wir <strong>ab sofort Verst\u00e4rkung in Leipzig<\/strong> in Vollzeit.<\/p>\n<p><strong>DEINE AUFGABEN<\/strong><\/p>\n<ul>\n<li>Verantwortung \u00fcber Master-Timeline und Begleitung des Projekts in der Postproduktion<\/li>\n<li>Ingest von Drehmaterial, Anlegen Bild\/Ton und Multicam, Conforming und Onlining von Dreh- und besonders Archivmaterial<\/li>\n<li>technische Schnittunterst\u00fctzung und Support bei technischen Problemen<\/li>\n<li>Export und Lieferung Masterfile an Kunden nach technischen Vorgaben und Standards der Postproduktion<\/li>\n<li>projektbegleitende Qualit\u00e4tskontrolle und v.a. Endkontrolle des Master Files auf technische Richtigkeit<\/li>\n<\/ul>\n<p><strong>DAF\u00dcR BRINGST DU FOLGENDES MIT<\/strong><\/p>\n<ul>\n<li>starkes Verantwortungsbewusstsein und hohe Gewissenhaftigkeit<\/li>\n<li>proaktive Kommunikationskultur, selbstst\u00e4ndige, strukturierte und eigenverantwortliche Arbeitsweise, l\u00f6sungsorientiertes Denken<\/li>\n<li>Ausbildung und belastbare Arbeitserfahrungen im Bereich Postproduktion<\/li>\n<li>ausgepr\u00e4gte Kenntnisse im Umgang mit Avid Media Composer und DaVinci Resolve, gute Kenntnisse in Adobe After Effects, Photoshop<\/li>\n<li>langj\u00e4hrige Erfahrungen im Online-Offline-Workflow und idealerweise in der Dokumentarfilm-Postproduktion<\/li>\n<li>Erfahrungen in Premiere Pro sowie gemischten Macintosh\/Windows-Projekten sind ein Pluspunkt<\/li>\n<li>Umgang mit serverbasierten Vernetzungen (Editshare)<\/li>\n<\/ul>\n<p><strong>WAS WIR BIETEN<\/strong><\/p>\n<ul>\n<li>essenzielle Mitarbeit bei spannenden, sinnstiftenden und erfolgreichen (internationalen) Produktionen<\/li>\n<li>ein ausgesprochenes Interesse an einer langj\u00e4hrigen und wachsenden Zusammenarbeit<\/li>\n<li>ein professionelles, herzliches, buntes und internationales Team mit flachen Hierarchien<\/li>\n<li>Weiterbildungen bei renommierten Einrichtungen<\/li>\n<\/ul>\n<p>Wir freuen uns auf Deine Bewerbung! Bitte schicke uns Deine Unterlagen (Motivation, Lebenslauf, relevante Zeugnisse)\u00a0<strong>in einem PDF-Dokument ausschlie\u00dflich per E-Mail<\/strong>\u00a0unter Angabe Deiner Gehaltsvorstellung an Anja Hirschberg (HR Lead): \u00a0<strong><a href=\"mailto:jobs@looks.film\">jobs@looks.film<\/a>.<\/strong>[\/vc_column_text][\/vc_column][\/vc_row][vc_row][vc_column][vc_separator][\/vc_column][\/vc_row][vc_row disable_element=&#8220;yes&#8220;][vc_column][vc_column_text]<\/p>\n<h5><strong><span style=\"color: #00263e;\">Praktikum Producing \/ Stoffentwicklung <\/span><\/strong><strong><span style=\"color: #00263e;\">(m\/w\/d)<br \/>\n<\/span><\/strong><span style=\"color: #00263e;\">Standort: Leipzig<\/span><strong><span style=\"color: #00263e;\"><br \/>\n<\/span><\/strong><\/h5>\n<p>[\/vc_column_text][\/vc_column][\/vc_row][vc_row full_width=&#8220;stretch_row&#8220; disable_element=&#8220;yes&#8220; disable_custom_paddings_tablet=&#8220;true&#8220; disable_custom_paddings_mobile=&#8220;true&#8220; css=&#8220;.vc_custom_1611160614791{margin-right: 250px !important;}&#8220;][vc_column][vc_column_text]F\u00fcr unsere Producing-Abteilung suchen wir ab dem 01.02.2021 eine:n Praktikant:in in Vollzeit.<\/p>\n<p><strong>Ihre Aufgaben:<\/strong><\/p>\n<ul>\n<li>eigenst\u00e4ndige Recherchen (z.B. Hintergr\u00fcnde, Protagonisten, Experten)<\/li>\n<li>Stoffentwicklung, Themenrecherche und Unterst\u00fctzung unseres Development-Teams bei der Konzeption neuer Projekte<\/li>\n<li>Erstellung kurzer Texte f\u00fcr Pitches oder Pr\u00e4sentationen<\/li>\n<li>\u00dcbersetzungen (Englisch; weitere Fremdsprachenkenntnisse insbesondere Spanisch willkommen)<\/li>\n<li>Bildrecherchen (Archive, Bilddatenbanken)<\/li>\n<li>Sichtung und \u00dcberpr\u00fcfung von Rohschnitten<\/li>\n<li>Transkriptionen<\/li>\n<\/ul>\n<p><strong>Ihre Qualifikationen:<\/strong><\/p>\n<ul>\n<li>laufendes oder abgeschlossenes Studium, vorzugsweise der Medien-, Film-, Geschichts- oder Kommunikationswissenschaft<\/li>\n<li>hohe Affinit\u00e4t zum Dokumentarfilm und zu historischen Stoffen<\/li>\n<li>kreativ, offen und vielseitig interessiert<\/li>\n<li>ausgezeichnete Rechtschreibung und einwandfreier Schreibstil einwandfrei<\/li>\n<li>schnelle Auffassungsgabe und eine pr\u00e4zise, z\u00fcgige und strukturierte Arbeitsweise<\/li>\n<li>flie\u00dfende Deutsch- und sehr gute Englischkenntnisse (weitere Fremdsprachenkenntnisse, insbesondere Spanisch sind sehr willkommen)<\/li>\n<li>sorgf\u00e4ltige und zuverl\u00e4ssige Arbeitsweise<\/li>\n<\/ul>\n<hr \/>\n<p>Dauer: ca. 3 Monate<br \/>\nVerg\u00fctung: 400 \u20ac \/ Monat<br \/>\nStatus: Freiwilliges Orientierungspraktikum oder Pflichtpraktikum<\/p>\n<hr \/>\n<p><strong><br \/>\nWir freuen uns auf Ihre aussagekr\u00e4ftige Bewerbung!<\/strong><\/p>\n<p>Bitte schicken Sie Ihre Unterlagen (Anschreiben, Lebenslauf, Zeugnisse, Referenzen) via E-Mail an Valerie Fidler (Creative Producing) &#8211; \u00a0<a href=\"mailto:fidler@looks.film\">fidler@looks.film<\/a>.<\/p>\n<p><strong>\u00a0<\/strong>[\/vc_column_text][\/vc_column][\/vc_row][vc_row][vc_column][\/vc_column][\/vc_row]<\/p>\n<\/div>","protected":false},"excerpt":{"rendered":"<p>[vc_row&#8230;<\/p>\n","protected":false},"author":1,"featured_media":0,"parent":36533,"menu_order":0,"comment_status":"closed","ping_status":"closed","template":"","meta":{"footnotes":""},"yoast_head":"<!-- This site is optimized with the Yoast SEO plugin v22.9 - https:\/\/yoast.com\/wordpress\/plugins\/seo\/ -->\n<title>Senior Schnittassistenz \/ Post Producer (m\/w\/d) - LOOKSfilm<\/title>\n<meta name=\"description\" content=\"PROGRESS sucht eine:n Lead Archive Producer:in mit Erfahrung in Archivrecherche &amp; Rechtekl\u00e4rung f\u00fcr dokumentarische Film- &amp; Serienproduktionen\" \/>\n<meta name=\"robots\" content=\"index, follow, max-snippet:-1, max-image-preview:large, max-video-preview:-1\" \/>\n<link rel=\"canonical\" href=\"https:\/\/looks.film\/de\/jobs\/post-producer-m-w-d\/\" \/>\n<meta property=\"og:locale\" content=\"de_DE\" \/>\n<meta property=\"og:type\" content=\"article\" \/>\n<meta property=\"og:title\" content=\"Jobs @ LOOKSfilm\" \/>\n<meta property=\"og:description\" content=\"Hier findet ihr aktuelle Jobs bei LOOKSfilm.\" \/>\n<meta property=\"og:url\" content=\"https:\/\/looks.film\/de\/jobs\/post-producer-m-w-d\/\" \/>\n<meta property=\"og:site_name\" content=\"LOOKSfilm\" \/>\n<meta property=\"article:modified_time\" content=\"2026-03-20T08:53:40+00:00\" \/>\n<meta property=\"og:image\" content=\"https:\/\/looks.film\/wp-content\/uploads\/2020\/10\/20190606_Stellenausschreibung-Vorschaubild-Website-scaled.jpg\" \/>\n\t<meta property=\"og:image:width\" content=\"2560\" \/>\n\t<meta property=\"og:image:height\" content=\"1592\" \/>\n\t<meta property=\"og:image:type\" content=\"image\/jpeg\" \/>\n<meta name=\"twitter:card\" content=\"summary_large_image\" \/>\n<meta name=\"twitter:title\" content=\"Jobs @ LOOKSfilm\" \/>\n<meta name=\"twitter:description\" content=\"Hier findet ihr aktuelle Jobs bei LOOKSfilm.\" \/>\n<meta name=\"twitter:image\" content=\"https:\/\/looks.film\/wp-content\/uploads\/2020\/10\/20190606_Stellenausschreibung-Vorschaubild-Website-scaled.jpg\" \/>\n<meta name=\"twitter:label1\" content=\"Gesch\u00e4tzte Lesezeit\" \/>\n\t<meta name=\"twitter:data1\" content=\"3\u00a0Minuten\" \/>\n<script type=\"application\/ld+json\" class=\"yoast-schema-graph\">{\"@context\":\"https:\/\/schema.org\",\"@graph\":[{\"@type\":\"WebPage\",\"@id\":\"https:\/\/looks.film\/de\/jobs\/post-producer-m-w-d\/\",\"url\":\"https:\/\/looks.film\/de\/jobs\/post-producer-m-w-d\/\",\"name\":\"Senior Schnittassistenz \/ Post Producer (m\/w\/d) - LOOKSfilm\",\"isPartOf\":{\"@id\":\"https:\/\/looks.film\/de\/#website\"},\"datePublished\":\"2026-03-11T09:24:34+00:00\",\"dateModified\":\"2026-03-20T08:53:40+00:00\",\"description\":\"PROGRESS sucht eine:n Lead Archive Producer:in mit Erfahrung in Archivrecherche & Rechtekl\u00e4rung f\u00fcr dokumentarische Film- & Serienproduktionen\",\"breadcrumb\":{\"@id\":\"https:\/\/looks.film\/de\/jobs\/post-producer-m-w-d\/#breadcrumb\"},\"inLanguage\":\"de\",\"potentialAction\":[{\"@type\":\"ReadAction\",\"target\":[\"https:\/\/looks.film\/de\/jobs\/post-producer-m-w-d\/\"]}]},{\"@type\":\"BreadcrumbList\",\"@id\":\"https:\/\/looks.film\/de\/jobs\/post-producer-m-w-d\/#breadcrumb\",\"itemListElement\":[{\"@type\":\"ListItem\",\"position\":1,\"name\":\"Startseite\",\"item\":\"https:\/\/looks.film\/de\/\"},{\"@type\":\"ListItem\",\"position\":2,\"name\":\"Jobs\",\"item\":\"https:\/\/looks.film\/de\/jobs\/\"},{\"@type\":\"ListItem\",\"position\":3,\"name\":\"Senior Schnittassistenz \/ Post Producer (m\/w\/d)\"}]},{\"@type\":\"WebSite\",\"@id\":\"https:\/\/looks.film\/de\/#website\",\"url\":\"https:\/\/looks.film\/de\/\",\"name\":\"LOOKSfilm\",\"description\":\"Film Production Company &amp; Distribution\",\"potentialAction\":[{\"@type\":\"SearchAction\",\"target\":{\"@type\":\"EntryPoint\",\"urlTemplate\":\"https:\/\/looks.film\/de\/?s={search_term_string}\"},\"query-input\":\"required name=search_term_string\"}],\"inLanguage\":\"de\"}]}<\/script>\n<!-- \/ Yoast SEO plugin. -->","yoast_head_json":{"title":"Senior Schnittassistenz \/ Post Producer (m\/w\/d) - LOOKSfilm","description":"PROGRESS sucht eine:n Lead Archive Producer:in mit Erfahrung in Archivrecherche & Rechtekl\u00e4rung f\u00fcr dokumentarische Film- & Serienproduktionen","robots":{"index":"index","follow":"follow","max-snippet":"max-snippet:-1","max-image-preview":"max-image-preview:large","max-video-preview":"max-video-preview:-1"},"canonical":"https:\/\/looks.film\/de\/jobs\/post-producer-m-w-d\/","og_locale":"de_DE","og_type":"article","og_title":"Jobs @ LOOKSfilm","og_description":"Hier findet ihr aktuelle Jobs bei LOOKSfilm.","og_url":"https:\/\/looks.film\/de\/jobs\/post-producer-m-w-d\/","og_site_name":"LOOKSfilm","article_modified_time":"2026-03-20T08:53:40+00:00","og_image":[{"width":2560,"height":1592,"url":"https:\/\/looks.film\/wp-content\/uploads\/2020\/10\/20190606_Stellenausschreibung-Vorschaubild-Website-scaled.jpg","type":"image\/jpeg"}],"twitter_card":"summary_large_image","twitter_title":"Jobs @ LOOKSfilm","twitter_description":"Hier findet ihr aktuelle Jobs bei LOOKSfilm.","twitter_image":"https:\/\/looks.film\/wp-content\/uploads\/2020\/10\/20190606_Stellenausschreibung-Vorschaubild-Website-scaled.jpg","twitter_misc":{"Gesch\u00e4tzte Lesezeit":"3\u00a0Minuten"},"schema":{"@context":"https:\/\/schema.org","@graph":[{"@type":"WebPage","@id":"https:\/\/looks.film\/de\/jobs\/post-producer-m-w-d\/","url":"https:\/\/looks.film\/de\/jobs\/post-producer-m-w-d\/","name":"Senior Schnittassistenz \/ Post Producer (m\/w\/d) - LOOKSfilm","isPartOf":{"@id":"https:\/\/looks.film\/de\/#website"},"datePublished":"2026-03-11T09:24:34+00:00","dateModified":"2026-03-20T08:53:40+00:00","description":"PROGRESS sucht eine:n Lead Archive Producer:in mit Erfahrung in Archivrecherche & Rechtekl\u00e4rung f\u00fcr dokumentarische Film- & Serienproduktionen","breadcrumb":{"@id":"https:\/\/looks.film\/de\/jobs\/post-producer-m-w-d\/#breadcrumb"},"inLanguage":"de","potentialAction":[{"@type":"ReadAction","target":["https:\/\/looks.film\/de\/jobs\/post-producer-m-w-d\/"]}]},{"@type":"BreadcrumbList","@id":"https:\/\/looks.film\/de\/jobs\/post-producer-m-w-d\/#breadcrumb","itemListElement":[{"@type":"ListItem","position":1,"name":"Startseite","item":"https:\/\/looks.film\/de\/"},{"@type":"ListItem","position":2,"name":"Jobs","item":"https:\/\/looks.film\/de\/jobs\/"},{"@type":"ListItem","position":3,"name":"Senior Schnittassistenz \/ Post Producer (m\/w\/d)"}]},{"@type":"WebSite","@id":"https:\/\/looks.film\/de\/#website","url":"https:\/\/looks.film\/de\/","name":"LOOKSfilm","description":"Film Production Company &amp; Distribution","potentialAction":[{"@type":"SearchAction","target":{"@type":"EntryPoint","urlTemplate":"https:\/\/looks.film\/de\/?s={search_term_string}"},"query-input":"required name=search_term_string"}],"inLanguage":"de"}]}},"_links":{"self":[{"href":"https:\/\/looks.film\/de\/wp-json\/wp\/v2\/pages\/42568"}],"collection":[{"href":"https:\/\/looks.film\/de\/wp-json\/wp\/v2\/pages"}],"about":[{"href":"https:\/\/looks.film\/de\/wp-json\/wp\/v2\/types\/page"}],"author":[{"embeddable":true,"href":"https:\/\/looks.film\/de\/wp-json\/wp\/v2\/users\/1"}],"replies":[{"embeddable":true,"href":"https:\/\/looks.film\/de\/wp-json\/wp\/v2\/comments?post=42568"}],"version-history":[{"count":5,"href":"https:\/\/looks.film\/de\/wp-json\/wp\/v2\/pages\/42568\/revisions"}],"predecessor-version":[{"id":42588,"href":"https:\/\/looks.film\/de\/wp-json\/wp\/v2\/pages\/42568\/revisions\/42588"}],"up":[{"embeddable":true,"href":"https:\/\/looks.film\/de\/wp-json\/wp\/v2\/pages\/36533"}],"wp:attachment":[{"href":"https:\/\/looks.film\/de\/wp-json\/wp\/v2\/media?parent=42568"}],"curies":[{"name":"wp","href":"https:\/\/api.w.org\/{rel}","templated":true}]}}