{"id":42552,"date":"2026-03-05T09:01:48","date_gmt":"2026-03-05T08:01:48","guid":{"rendered":"https:\/\/looks.film\/?page_id=42552"},"modified":"2026-03-20T09:54:42","modified_gmt":"2026-03-20T08:54:42","slug":"buchhalter-m-w-d","status":"publish","type":"page","link":"https:\/\/looks.film\/de\/jobs\/buchhalter-m-w-d\/","title":{"rendered":"Buchhalter (m\/w\/d)"},"content":{"rendered":"<div class=\"wpb-content-wrapper\"><p>[vc_row full_width=&#8220;stretch_row&#8220; css=&#8220;.vc_custom_1592844122143{background-color: #00263e !important;}&#8220;][vc_column][vc_column_text css=&#8220;.vc_custom_1610108949959{background-color: #00263e !important;}&#8220;]<\/p>\n<h3><span style=\"color: #ffffff;\">Aktuelle STELLENANGEBOtE<br \/>\n<\/span><\/h3>\n<p>[\/vc_column_text][\/vc_column][\/vc_row][vc_row][vc_column][vc_column_text css=&#8220;&#8220;]<\/p>\n<h5><span style=\"color: #003366;\"><strong>Buchhalter (m\/w\/d)<\/strong><\/span><\/h5>\n<h5><span style=\"color: #003366;\"><strong>Standort: Vollzeit |<\/strong><strong>\u00a0<\/strong><strong>Ab sofort <\/strong><\/span><strong style=\"color: #003366; letter-spacing: 0.05em;\">| <\/strong><span style=\"color: #003366;\"><strong>LEIPZIG ODER HAMBURG<\/strong><\/span><\/h5>\n<p>[\/vc_column_text][\/vc_column][\/vc_row][vc_row full_width=&#8220;stretch_row&#8220; disable_custom_paddings_tablet=&#8220;true&#8220; disable_custom_paddings_mobile=&#8220;true&#8220; css=&#8220;.vc_custom_1602668970620{margin-right: 250px !important;}&#8220;][vc_column][vc_column_text css=&#8220;&#8220;]Willst Du Teil einer der gr\u00f6\u00dften unabh\u00e4ngigen Filmproduktionsfirmen Deutschlands werden? Bei uns erwartet Dich mehr als nur Zahlen: Wir erz\u00e4hlen Geschichten, die die Welt bewegen \u2013 von preisgekr\u00f6nten Dokumentationen bis zu fesselnden Serien f\u00fcr die gr\u00f6\u00dften Namen der Branche.<\/p>\n<p>Als\u00a0<strong>Buchhalter (m\/w\/d) in unserem 80-k\u00f6pfigen internationalen Team<\/strong>\u00a0vereinst Du das Beste aus beiden Welten: die Pr\u00e4zision der Zahlen und den kreativen Spirit der Filmwelt. LOOKSfilm produziert seit 1995 Dokumentationen, Serien und Filme f\u00fcr den weltweiten Markt.<\/p>\n<p>Egal, ob Du als engagiertes Talent an unserer Expertise und unseren Schulungen wachsen und Dich weiterentwickeln willst oder ob Du als erfahrener Profi eine langfristige berufliche Heimat mit spannenden Perspektiven suchst: Gemeinsam gestalten wir die Zukunft des internationalen Films \u2013 bist Du dabei?<\/p>\n<p>Wir suchen\u00a0<strong>ab sofort<\/strong>\u00a0einen\u00a0<strong>Buchhalter\/Bilanzbuchhalter (m\/w\/d)<\/strong>\u00a0f\u00fcr den\u00a0<strong>Standort Leipzig<\/strong>. Die Stelle ist in Vollzeit zu besetzen und zun\u00e4chst auf zwei Jahre befristet, mit der M\u00f6glichkeit einer Verl\u00e4ngerung oder Entfristung.<\/p>\n<p><strong>DEINE AUFGABEN<\/strong><\/p>\n<ul>\n<li>Eigenst\u00e4ndige Finanzbuchhaltung: Du bearbeitest alle Gesch\u00e4ftsvorf\u00e4lle und erstellst Monats- bzw. Quartalsabschl\u00fcsse nach HGB f\u00fcr eine oder mehrere unserer Gesellschaften.<\/li>\n<li>Umsatzsteuer und Abgaben: Du k\u00fcmmerst Dich um die Erstellung und \u00dcbermittlung der Umsatzsteuervoranmeldungen.<\/li>\n<li>Anlagen-, Debitoren- und Kreditorenbuchhaltung: Du beh\u00e4ltst den \u00dcberblick, arbeitest strukturiert und bearbeitest komplexe Sachverhalte effizient.<\/li>\n<li>Fakturierung und Forderungsmanagement: Dein Know-how ist gefragt, um Rechnungsstellung und Zahlungsfl\u00fcsse sicherzustellen.<\/li>\n<li>Kontenabstimmung und -pflege: Du f\u00fchrst die laufende Kontenabstimmung routiniert durch und sorgst f\u00fcr saubere Buchf\u00fchrung.<\/li>\n<li>Zahlungsverkehr: Du wickelst Zahlungen eigenverantwortlich ab und stellst eine termingerechte Abwicklung sicher.<\/li>\n<\/ul>\n<p><strong>DAF\u00dcR BRINGST DU FOLGENDES MIT<\/strong><\/p>\n<ul>\n<li>abgeschlossene kaufm\u00e4nnische Ausbildung, idealerweise mit Weiterbildung zum\/zur Bilanzbuchhalter:in oder vergleichbare Qualifikation mit mehrj\u00e4hriger Berufserfahrung in der Buchhaltung<\/li>\n<li>Software-Kenntnisse: sicherer Umgang mit MS Office, DATEV-Kenntnisse und Erfahrung mit IFRS sehr erw\u00fcnscht<\/li>\n<li>Arbeitsweise: ausgepr\u00e4gte analytische F\u00e4higkeiten, eigenst\u00e4ndige und strukturierte Arbeitsweise sowie eine gewissenhafte Herangehensweise<\/li>\n<li>Sprachkenntnisse: sehr gute Deutschkenntnisse in Wort und Schrift, Englischkenntnisse sind w\u00fcnschenswert<\/li>\n<li>Steuerrecht: Solide Kenntnisse im Steuerrecht runden Dein Profil ab.<\/li>\n<\/ul>\n<p><strong>WAS WIR BIETEN<\/strong><\/p>\n<ul>\n<li>Flexible Arbeitsmodelle: hybrides Arbeiten mit einer ausgewogenen Mischung aus B\u00fcropr\u00e4senz und mobilem Arbeiten \u2013 f\u00fcr maximale Flexibilit\u00e4t und Produktivit\u00e4t<\/li>\n<li>Deine Entwicklung: strukturierte Einarbeitung sowie individuelle Schulungs- und Weiterbildungsm\u00f6glichkeiten<\/li>\n<li>Spannendes Umfeld: anspruchsvolle Projekte in einem internationalen, erfahrenen Team an f\u00fcnf Standorten mit flacher Hierarchie und Duz-Kultur<\/li>\n<li>Zus\u00e4tzliche Benefits: JobRad-Leasing nach Bedarf<\/li>\n<li>Langfristige Perspektive: unbefristete Festanstellung in einem erfolgreichen, wachsenden Unternehmen der Filmbranche<\/li>\n<\/ul>\n<p>Wir freuen uns auf Deine Bewerbung! Bitte schicke uns Deine Unterlagen (Motivation, Lebenslauf inklusive einer Auswahl an verantworteten Produktionen, relevante Zeugnisse)\u00a0<strong>in einem PDF-Dokument ausschlie\u00dflich per E-Mail<\/strong>\u00a0an Anja Hirschberg (HR Lead): \u00a0<strong><a href=\"mailto:jobs@looks.film\">jobs@looks.film<\/a>.<\/strong>[\/vc_column_text][\/vc_column][\/vc_row][vc_row][vc_column][vc_separator][\/vc_column][\/vc_row][vc_row disable_element=&#8220;yes&#8220;][vc_column][vc_column_text]<\/p>\n<h5><strong><span style=\"color: #00263e;\">Praktikum Producing \/ Stoffentwicklung <\/span><\/strong><strong><span style=\"color: #00263e;\">(m\/w\/d)<br \/>\n<\/span><\/strong><span style=\"color: #00263e;\">Standort: Leipzig<\/span><strong><span style=\"color: #00263e;\"><br \/>\n<\/span><\/strong><\/h5>\n<p>[\/vc_column_text][\/vc_column][\/vc_row][vc_row full_width=&#8220;stretch_row&#8220; disable_element=&#8220;yes&#8220; disable_custom_paddings_tablet=&#8220;true&#8220; disable_custom_paddings_mobile=&#8220;true&#8220; css=&#8220;.vc_custom_1611160614791{margin-right: 250px !important;}&#8220;][vc_column][vc_column_text]F\u00fcr unsere Producing-Abteilung suchen wir ab dem 01.02.2021 eine:n Praktikant:in in Vollzeit.<\/p>\n<p><strong>Ihre Aufgaben:<\/strong><\/p>\n<ul>\n<li>eigenst\u00e4ndige Recherchen (z.B. Hintergr\u00fcnde, Protagonisten, Experten)<\/li>\n<li>Stoffentwicklung, Themenrecherche und Unterst\u00fctzung unseres Development-Teams bei der Konzeption neuer Projekte<\/li>\n<li>Erstellung kurzer Texte f\u00fcr Pitches oder Pr\u00e4sentationen<\/li>\n<li>\u00dcbersetzungen (Englisch; weitere Fremdsprachenkenntnisse insbesondere Spanisch willkommen)<\/li>\n<li>Bildrecherchen (Archive, Bilddatenbanken)<\/li>\n<li>Sichtung und \u00dcberpr\u00fcfung von Rohschnitten<\/li>\n<li>Transkriptionen<\/li>\n<\/ul>\n<p><strong>Ihre Qualifikationen:<\/strong><\/p>\n<ul>\n<li>laufendes oder abgeschlossenes Studium, vorzugsweise der Medien-, Film-, Geschichts- oder Kommunikationswissenschaft<\/li>\n<li>hohe Affinit\u00e4t zum Dokumentarfilm und zu historischen Stoffen<\/li>\n<li>kreativ, offen und vielseitig interessiert<\/li>\n<li>ausgezeichnete Rechtschreibung und einwandfreier Schreibstil einwandfrei<\/li>\n<li>schnelle Auffassungsgabe und eine pr\u00e4zise, z\u00fcgige und strukturierte Arbeitsweise<\/li>\n<li>flie\u00dfende Deutsch- und sehr gute Englischkenntnisse (weitere Fremdsprachenkenntnisse, insbesondere Spanisch sind sehr willkommen)<\/li>\n<li>sorgf\u00e4ltige und zuverl\u00e4ssige Arbeitsweise<\/li>\n<\/ul>\n<hr \/>\n<p>Dauer: ca. 3 Monate<br \/>\nVerg\u00fctung: 400 \u20ac \/ Monat<br \/>\nStatus: Freiwilliges Orientierungspraktikum oder Pflichtpraktikum<\/p>\n<hr \/>\n<p><strong><br \/>\nWir freuen uns auf Ihre aussagekr\u00e4ftige Bewerbung!<\/strong><\/p>\n<p>Bitte schicken Sie Ihre Unterlagen (Anschreiben, Lebenslauf, Zeugnisse, Referenzen) via E-Mail an Valerie Fidler (Creative Producing) &#8211; \u00a0<a href=\"mailto:fidler@looks.film\">fidler@looks.film<\/a>.<\/p>\n<p><strong>\u00a0<\/strong>[\/vc_column_text][\/vc_column][\/vc_row][vc_row][vc_column][\/vc_column][\/vc_row]<\/p>\n<\/div>","protected":false},"excerpt":{"rendered":"<p>[vc_row&#8230;<\/p>\n","protected":false},"author":1,"featured_media":0,"parent":36533,"menu_order":0,"comment_status":"closed","ping_status":"closed","template":"","meta":{"footnotes":""},"yoast_head":"<!-- This site is optimized with the Yoast SEO plugin v22.9 - https:\/\/yoast.com\/wordpress\/plugins\/seo\/ -->\n<title>Buchhalter (m\/w\/d) - LOOKSfilm<\/title>\n<meta name=\"description\" content=\"Ein aktuelles Stellenangebot bei LOOKSfilm.\" \/>\n<meta name=\"robots\" content=\"index, follow, max-snippet:-1, max-image-preview:large, max-video-preview:-1\" \/>\n<link rel=\"canonical\" href=\"https:\/\/looks.film\/de\/jobs\/buchhalter-m-w-d\/\" \/>\n<meta property=\"og:locale\" content=\"de_DE\" \/>\n<meta property=\"og:type\" content=\"article\" \/>\n<meta property=\"og:title\" content=\"Jobs @ LOOKSfilm\" \/>\n<meta property=\"og:description\" content=\"Hier findet ihr aktuelle Jobs bei LOOKSfilm.\" \/>\n<meta property=\"og:url\" content=\"https:\/\/looks.film\/de\/jobs\/buchhalter-m-w-d\/\" \/>\n<meta property=\"og:site_name\" content=\"LOOKSfilm\" \/>\n<meta property=\"article:modified_time\" content=\"2026-03-20T08:54:42+00:00\" \/>\n<meta property=\"og:image\" content=\"https:\/\/looks.film\/wp-content\/uploads\/2020\/10\/20190606_Stellenausschreibung-Vorschaubild-Website-scaled.jpg\" \/>\n\t<meta property=\"og:image:width\" content=\"2560\" \/>\n\t<meta property=\"og:image:height\" content=\"1592\" \/>\n\t<meta property=\"og:image:type\" content=\"image\/jpeg\" \/>\n<meta name=\"twitter:card\" content=\"summary_large_image\" \/>\n<meta name=\"twitter:title\" content=\"Jobs @ LOOKSfilm\" \/>\n<meta name=\"twitter:description\" content=\"Hier findet ihr aktuelle Jobs bei LOOKSfilm.\" \/>\n<meta name=\"twitter:image\" content=\"https:\/\/looks.film\/wp-content\/uploads\/2020\/10\/20190606_Stellenausschreibung-Vorschaubild-Website-scaled.jpg\" \/>\n<meta name=\"twitter:label1\" content=\"Gesch\u00e4tzte Lesezeit\" \/>\n\t<meta name=\"twitter:data1\" content=\"4\u00a0Minuten\" \/>\n<script type=\"application\/ld+json\" class=\"yoast-schema-graph\">{\"@context\":\"https:\/\/schema.org\",\"@graph\":[{\"@type\":\"WebPage\",\"@id\":\"https:\/\/looks.film\/de\/jobs\/buchhalter-m-w-d\/\",\"url\":\"https:\/\/looks.film\/de\/jobs\/buchhalter-m-w-d\/\",\"name\":\"Buchhalter (m\/w\/d) - LOOKSfilm\",\"isPartOf\":{\"@id\":\"https:\/\/looks.film\/de\/#website\"},\"datePublished\":\"2026-03-05T08:01:48+00:00\",\"dateModified\":\"2026-03-20T08:54:42+00:00\",\"description\":\"Ein aktuelles Stellenangebot bei LOOKSfilm.\",\"breadcrumb\":{\"@id\":\"https:\/\/looks.film\/de\/jobs\/buchhalter-m-w-d\/#breadcrumb\"},\"inLanguage\":\"de\",\"potentialAction\":[{\"@type\":\"ReadAction\",\"target\":[\"https:\/\/looks.film\/de\/jobs\/buchhalter-m-w-d\/\"]}]},{\"@type\":\"BreadcrumbList\",\"@id\":\"https:\/\/looks.film\/de\/jobs\/buchhalter-m-w-d\/#breadcrumb\",\"itemListElement\":[{\"@type\":\"ListItem\",\"position\":1,\"name\":\"Startseite\",\"item\":\"https:\/\/looks.film\/de\/\"},{\"@type\":\"ListItem\",\"position\":2,\"name\":\"Jobs\",\"item\":\"https:\/\/looks.film\/de\/jobs\/\"},{\"@type\":\"ListItem\",\"position\":3,\"name\":\"Buchhalter (m\/w\/d)\"}]},{\"@type\":\"WebSite\",\"@id\":\"https:\/\/looks.film\/de\/#website\",\"url\":\"https:\/\/looks.film\/de\/\",\"name\":\"LOOKSfilm\",\"description\":\"Film Production Company &amp; Distribution\",\"potentialAction\":[{\"@type\":\"SearchAction\",\"target\":{\"@type\":\"EntryPoint\",\"urlTemplate\":\"https:\/\/looks.film\/de\/?s={search_term_string}\"},\"query-input\":\"required name=search_term_string\"}],\"inLanguage\":\"de\"}]}<\/script>\n<!-- \/ Yoast SEO plugin. -->","yoast_head_json":{"title":"Buchhalter (m\/w\/d) - LOOKSfilm","description":"Ein aktuelles Stellenangebot bei LOOKSfilm.","robots":{"index":"index","follow":"follow","max-snippet":"max-snippet:-1","max-image-preview":"max-image-preview:large","max-video-preview":"max-video-preview:-1"},"canonical":"https:\/\/looks.film\/de\/jobs\/buchhalter-m-w-d\/","og_locale":"de_DE","og_type":"article","og_title":"Jobs @ LOOKSfilm","og_description":"Hier findet ihr aktuelle Jobs bei LOOKSfilm.","og_url":"https:\/\/looks.film\/de\/jobs\/buchhalter-m-w-d\/","og_site_name":"LOOKSfilm","article_modified_time":"2026-03-20T08:54:42+00:00","og_image":[{"width":2560,"height":1592,"url":"https:\/\/looks.film\/wp-content\/uploads\/2020\/10\/20190606_Stellenausschreibung-Vorschaubild-Website-scaled.jpg","type":"image\/jpeg"}],"twitter_card":"summary_large_image","twitter_title":"Jobs @ LOOKSfilm","twitter_description":"Hier findet ihr aktuelle Jobs bei LOOKSfilm.","twitter_image":"https:\/\/looks.film\/wp-content\/uploads\/2020\/10\/20190606_Stellenausschreibung-Vorschaubild-Website-scaled.jpg","twitter_misc":{"Gesch\u00e4tzte Lesezeit":"4\u00a0Minuten"},"schema":{"@context":"https:\/\/schema.org","@graph":[{"@type":"WebPage","@id":"https:\/\/looks.film\/de\/jobs\/buchhalter-m-w-d\/","url":"https:\/\/looks.film\/de\/jobs\/buchhalter-m-w-d\/","name":"Buchhalter (m\/w\/d) - LOOKSfilm","isPartOf":{"@id":"https:\/\/looks.film\/de\/#website"},"datePublished":"2026-03-05T08:01:48+00:00","dateModified":"2026-03-20T08:54:42+00:00","description":"Ein aktuelles Stellenangebot bei LOOKSfilm.","breadcrumb":{"@id":"https:\/\/looks.film\/de\/jobs\/buchhalter-m-w-d\/#breadcrumb"},"inLanguage":"de","potentialAction":[{"@type":"ReadAction","target":["https:\/\/looks.film\/de\/jobs\/buchhalter-m-w-d\/"]}]},{"@type":"BreadcrumbList","@id":"https:\/\/looks.film\/de\/jobs\/buchhalter-m-w-d\/#breadcrumb","itemListElement":[{"@type":"ListItem","position":1,"name":"Startseite","item":"https:\/\/looks.film\/de\/"},{"@type":"ListItem","position":2,"name":"Jobs","item":"https:\/\/looks.film\/de\/jobs\/"},{"@type":"ListItem","position":3,"name":"Buchhalter (m\/w\/d)"}]},{"@type":"WebSite","@id":"https:\/\/looks.film\/de\/#website","url":"https:\/\/looks.film\/de\/","name":"LOOKSfilm","description":"Film Production Company &amp; Distribution","potentialAction":[{"@type":"SearchAction","target":{"@type":"EntryPoint","urlTemplate":"https:\/\/looks.film\/de\/?s={search_term_string}"},"query-input":"required name=search_term_string"}],"inLanguage":"de"}]}},"_links":{"self":[{"href":"https:\/\/looks.film\/de\/wp-json\/wp\/v2\/pages\/42552"}],"collection":[{"href":"https:\/\/looks.film\/de\/wp-json\/wp\/v2\/pages"}],"about":[{"href":"https:\/\/looks.film\/de\/wp-json\/wp\/v2\/types\/page"}],"author":[{"embeddable":true,"href":"https:\/\/looks.film\/de\/wp-json\/wp\/v2\/users\/1"}],"replies":[{"embeddable":true,"href":"https:\/\/looks.film\/de\/wp-json\/wp\/v2\/comments?post=42552"}],"version-history":[{"count":2,"href":"https:\/\/looks.film\/de\/wp-json\/wp\/v2\/pages\/42552\/revisions"}],"predecessor-version":[{"id":42589,"href":"https:\/\/looks.film\/de\/wp-json\/wp\/v2\/pages\/42552\/revisions\/42589"}],"up":[{"embeddable":true,"href":"https:\/\/looks.film\/de\/wp-json\/wp\/v2\/pages\/36533"}],"wp:attachment":[{"href":"https:\/\/looks.film\/de\/wp-json\/wp\/v2\/media?parent=42552"}],"curies":[{"name":"wp","href":"https:\/\/api.w.org\/{rel}","templated":true}]}}