{"id":42389,"date":"2025-10-22T08:21:46","date_gmt":"2025-10-22T06:21:46","guid":{"rendered":"https:\/\/looks.film\/?page_id=42389"},"modified":"2026-01-12T14:16:04","modified_gmt":"2026-01-12T13:16:04","slug":"praktikum-in-der-filmproduktion-producing-postproduktion","status":"publish","type":"page","link":"https:\/\/looks.film\/de\/jobs\/praktikum-in-der-filmproduktion-producing-postproduktion\/","title":{"rendered":"Praktikum in der Filmproduktion (Producing \/ Postproduktion)"},"content":{"rendered":"<div class=\"wpb-content-wrapper\"><p>[vc_row full_width=&#8220;stretch_row&#8220; css=&#8220;.vc_custom_1592844122143{background-color: #00263e !important;}&#8220;][vc_column][vc_column_text css=&#8220;.vc_custom_1610108949959{background-color: #00263e !important;}&#8220;]<\/p>\n<h3><span style=\"color: #ffffff;\">Aktuelle STELLENANGEBOtE<br \/>\n<\/span><\/h3>\n<p>[\/vc_column_text][\/vc_column][\/vc_row][vc_row][vc_column][vc_column_text css=&#8220;&#8220;]<\/p>\n<h5><span style=\"color: #003366;\"><strong>Praktikum in der Filmproduktion (Producing \/ Produktion) (m\/w\/d)<\/strong><\/span><\/h5>\n<h5><span style=\"color: #003366;\"><strong>Standort: MAGDEBURG | Vollzeit | 3-<\/strong><strong>6 MONATE (n\u00e4chster Beginn: 01.10.2026)<\/strong><\/span><\/h5>\n<p>[\/vc_column_text][\/vc_column][\/vc_row][vc_row full_width=&#8220;stretch_row&#8220; disable_custom_paddings_tablet=&#8220;true&#8220; disable_custom_paddings_mobile=&#8220;true&#8220; css=&#8220;.vc_custom_1602668970620{margin-right: 250px !important;}&#8220;][vc_column][vc_column_text css=&#8220;&#8220;]<span style=\"color: #003366;\"><strong>LOOKSfilm<\/strong> produziert seit der Gr\u00fcndung im Jahr 1995 hochwertige Dokumentarfilme, Dokumentationen, Spielfilme und Serien f\u00fcr Kino, Fernsehen und VOD-Plattformen. An den Standorten Leipzig, Berlin, Hannover und Halle entstanden bisher \u00fcber 100 Produktionen, ein gro\u00dfer Teil davon in internationalen Koproduktionen, fast alle f\u00fcr den internationalen Markt. Einen Fokus bildet dabei die Produktion von historischen Dokumentationen.<\/span><\/p>\n<p><span style=\"color: #003366;\">Wir bieten dir Einblicke in alle Phasen der TV- und Online-Produktion. Bringe deine Ideen ein, \u00fcbernimm Verantwortung und bewege mit uns die Gesellschaft!<\/span><\/p>\n<p><strong><span style=\"color: #003366;\">F\u00fcr die Producing oder Produktions-Abteilung suchen wir ab sofort eine:n Praktikant:in (m\/w\/d)<\/span><\/strong><\/p>\n<p><span style=\"color: #003366;\">Verg\u00fctung: 400 \u20ac \/ Monat<\/span><\/p>\n<p><strong><span style=\"color: #003366;\">DEINE AUFGABEN<\/span><\/strong><\/p>\n<ul>\n<li><span style=\"color: #003366;\">Unterst\u00fctzung bei allen Prozessen rund um die Produktion von Y-Kollektiv oder Doku-Formaten von der Recherche bis zu Drehvorbereitungen und Schnitt<\/span><\/li>\n<li><span style=\"color: #003366;\">Erstellung von Pressematerial und Social Media Clips\u00a0<\/span><\/li>\n<li><span style=\"color: #003366;\">Du bist nah dran an der Entwicklung neuer Formate: Von der ersten Idee bis zum Pitch \u2013 wir zeigen dir, wie neue Formate entstehen und nehmen dich mit in unsere Brainstormings.<\/span><\/li>\n<\/ul>\n<p><strong><span style=\"color: #003366;\">DEINE QUALIFIKATIONEN<\/span><\/strong><\/p>\n<ul>\n<li><span style=\"color: #003366;\">Laufendes oder abgeschlossenes Studium erw\u00fcnscht<\/span><\/li>\n<li><span style=\"color: #003366;\">Du verf\u00fcgst \u00fcber flie\u00dfende Deutsch- und sehr gute Englischkenntnisse<\/span><\/li>\n<li><span style=\"color: #003366;\">Du hast Interesse an gesellschaftlichen Themen und journalistischem Arbeiten<\/span><\/li>\n<li><span style=\"color: #003366;\">Du bist neugierig, vielseitig interessiert und teamf\u00e4hig<\/span><\/li>\n<li><span style=\"color: #003366;\">Deine Rechtschreibung ist ausgezeichnet und dein Schreibstil einwandfrei<\/span><\/li>\n<li><span style=\"color: #003366;\">Du arbeitest selbstst\u00e4ndig, sorgf\u00e4ltig und zuverl\u00e4ssig<\/span><\/li>\n<li><span style=\"color: #003366;\">Du wohnst in Magdeburg oder Umgebung<\/span><\/li>\n<\/ul>\n<p><span style=\"color: #003366;\">Du bist interessiert? Wir freuen uns auf Deine Bewerbung!<\/span><\/p>\n<p><span style=\"color: #003366;\">Bitte schicke uns Deine Unterlagen (Anschreiben, Lebenslauf) <strong>in einem .pdf (max. 10MB) an Anne Tiede<\/strong> (<a style=\"color: #003366;\" href=\"mailto:tiede@looks.film\">tiede<\/a><a style=\"color: #003366;\" href=\"mailto:tiede@looks.film\">@looks.film<\/a>) unter Angabe Deines fr\u00fchestm\u00f6glichen Eintrittstermins.<\/span>[\/vc_column_text][\/vc_column][\/vc_row][vc_row][vc_column][vc_separator][\/vc_column][\/vc_row][vc_row disable_element=&#8220;yes&#8220;][vc_column][vc_column_text]<\/p>\n<h5><strong><span style=\"color: #00263e;\">Praktikum Producing \/ Stoffentwicklung <\/span><\/strong><strong><span style=\"color: #00263e;\">(m\/w\/d)<br \/>\n<\/span><\/strong><span style=\"color: #00263e;\">Standort: Leipzig<\/span><strong><span style=\"color: #00263e;\"><br \/>\n<\/span><\/strong><\/h5>\n<p>[\/vc_column_text][\/vc_column][\/vc_row][vc_row full_width=&#8220;stretch_row&#8220; disable_element=&#8220;yes&#8220; disable_custom_paddings_tablet=&#8220;true&#8220; disable_custom_paddings_mobile=&#8220;true&#8220; css=&#8220;.vc_custom_1611160614791{margin-right: 250px !important;}&#8220;][vc_column][vc_column_text]F\u00fcr unsere Producing-Abteilung suchen wir ab dem 01.02.2021 eine:n Praktikant:in in Vollzeit.<\/p>\n<p><strong>Ihre Aufgaben:<\/strong><\/p>\n<ul>\n<li>eigenst\u00e4ndige Recherchen (z.B. Hintergr\u00fcnde, Protagonisten, Experten)<\/li>\n<li>Stoffentwicklung, Themenrecherche und Unterst\u00fctzung unseres Development-Teams bei der Konzeption neuer Projekte<\/li>\n<li>Erstellung kurzer Texte f\u00fcr Pitches oder Pr\u00e4sentationen<\/li>\n<li>\u00dcbersetzungen (Englisch; weitere Fremdsprachenkenntnisse insbesondere Spanisch willkommen)<\/li>\n<li>Bildrecherchen (Archive, Bilddatenbanken)<\/li>\n<li>Sichtung und \u00dcberpr\u00fcfung von Rohschnitten<\/li>\n<li>Transkriptionen<\/li>\n<\/ul>\n<p><strong>Ihre Qualifikationen:<\/strong><\/p>\n<ul>\n<li>laufendes oder abgeschlossenes Studium, vorzugsweise der Medien-, Film-, Geschichts- oder Kommunikationswissenschaft<\/li>\n<li>hohe Affinit\u00e4t zum Dokumentarfilm und zu historischen Stoffen<\/li>\n<li>kreativ, offen und vielseitig interessiert<\/li>\n<li>ausgezeichnete Rechtschreibung und einwandfreier Schreibstil einwandfrei<\/li>\n<li>schnelle Auffassungsgabe und eine pr\u00e4zise, z\u00fcgige und strukturierte Arbeitsweise<\/li>\n<li>flie\u00dfende Deutsch- und sehr gute Englischkenntnisse (weitere Fremdsprachenkenntnisse, insbesondere Spanisch sind sehr willkommen)<\/li>\n<li>sorgf\u00e4ltige und zuverl\u00e4ssige Arbeitsweise<\/li>\n<\/ul>\n<hr \/>\n<p>Dauer: ca. 3 Monate<br \/>\nVerg\u00fctung: 400 \u20ac \/ Monat<br \/>\nStatus: Freiwilliges Orientierungspraktikum oder Pflichtpraktikum<\/p>\n<hr \/>\n<p><strong><br \/>\nWir freuen uns auf Ihre aussagekr\u00e4ftige Bewerbung!<\/strong><\/p>\n<p>Bitte schicken Sie Ihre Unterlagen (Anschreiben, Lebenslauf, Zeugnisse, Referenzen) via E-Mail an Valerie Fidler (Creative Producing) &#8211; \u00a0<a href=\"mailto:fidler@looks.film\">fidler@looks.film<\/a>.<\/p>\n<p><strong>\u00a0<\/strong>[\/vc_column_text][\/vc_column][\/vc_row][vc_row][vc_column][\/vc_column][\/vc_row]<\/p>\n<\/div>","protected":false},"excerpt":{"rendered":"<p>[vc_row&#8230;<\/p>\n","protected":false},"author":1,"featured_media":0,"parent":36533,"menu_order":0,"comment_status":"closed","ping_status":"closed","template":"","meta":{"footnotes":""},"yoast_head":"<!-- This site is optimized with the Yoast SEO plugin v22.9 - https:\/\/yoast.com\/wordpress\/plugins\/seo\/ -->\n<title>Praktikum in der Filmproduktion (Producing \/ Postproduktion) - LOOKSfilm<\/title>\n<meta name=\"description\" content=\"Die aktuellen Jobs bei LOOKSfilm - Assistent:in des CEO\" \/>\n<meta name=\"robots\" content=\"index, follow, max-snippet:-1, max-image-preview:large, max-video-preview:-1\" \/>\n<link rel=\"canonical\" href=\"https:\/\/looks.film\/de\/jobs\/praktikum-in-der-filmproduktion-producing-postproduktion\/\" \/>\n<meta property=\"og:locale\" content=\"de_DE\" \/>\n<meta property=\"og:type\" content=\"article\" \/>\n<meta property=\"og:title\" content=\"Jobs @ LOOKSfilm\" \/>\n<meta property=\"og:description\" content=\"Hier findet ihr aktuelle Jobs bei LOOKSfilm.\" \/>\n<meta property=\"og:url\" content=\"https:\/\/looks.film\/de\/jobs\/praktikum-in-der-filmproduktion-producing-postproduktion\/\" \/>\n<meta property=\"og:site_name\" content=\"LOOKSfilm\" \/>\n<meta property=\"article:modified_time\" content=\"2026-01-12T13:16:04+00:00\" \/>\n<meta property=\"og:image\" content=\"https:\/\/looks.film\/wp-content\/uploads\/2020\/10\/20190606_Stellenausschreibung-Vorschaubild-Website-scaled.jpg\" \/>\n\t<meta property=\"og:image:width\" content=\"2560\" \/>\n\t<meta property=\"og:image:height\" content=\"1592\" \/>\n\t<meta property=\"og:image:type\" content=\"image\/jpeg\" \/>\n<meta name=\"twitter:card\" content=\"summary_large_image\" \/>\n<meta name=\"twitter:title\" content=\"Jobs @ LOOKSfilm\" \/>\n<meta name=\"twitter:description\" content=\"Hier findet ihr aktuelle Jobs bei LOOKSfilm.\" \/>\n<meta name=\"twitter:image\" content=\"https:\/\/looks.film\/wp-content\/uploads\/2020\/10\/20190606_Stellenausschreibung-Vorschaubild-Website-scaled.jpg\" \/>\n<meta name=\"twitter:label1\" content=\"Gesch\u00e4tzte Lesezeit\" \/>\n\t<meta name=\"twitter:data1\" content=\"3\u00a0Minuten\" \/>\n<script type=\"application\/ld+json\" class=\"yoast-schema-graph\">{\"@context\":\"https:\/\/schema.org\",\"@graph\":[{\"@type\":\"WebPage\",\"@id\":\"https:\/\/looks.film\/de\/jobs\/praktikum-in-der-filmproduktion-producing-postproduktion\/\",\"url\":\"https:\/\/looks.film\/de\/jobs\/praktikum-in-der-filmproduktion-producing-postproduktion\/\",\"name\":\"Praktikum in der Filmproduktion (Producing \/ Postproduktion) - LOOKSfilm\",\"isPartOf\":{\"@id\":\"https:\/\/looks.film\/de\/#website\"},\"datePublished\":\"2025-10-22T06:21:46+00:00\",\"dateModified\":\"2026-01-12T13:16:04+00:00\",\"description\":\"Die aktuellen Jobs bei LOOKSfilm - Assistent:in des CEO\",\"breadcrumb\":{\"@id\":\"https:\/\/looks.film\/de\/jobs\/praktikum-in-der-filmproduktion-producing-postproduktion\/#breadcrumb\"},\"inLanguage\":\"de\",\"potentialAction\":[{\"@type\":\"ReadAction\",\"target\":[\"https:\/\/looks.film\/de\/jobs\/praktikum-in-der-filmproduktion-producing-postproduktion\/\"]}]},{\"@type\":\"BreadcrumbList\",\"@id\":\"https:\/\/looks.film\/de\/jobs\/praktikum-in-der-filmproduktion-producing-postproduktion\/#breadcrumb\",\"itemListElement\":[{\"@type\":\"ListItem\",\"position\":1,\"name\":\"Startseite\",\"item\":\"https:\/\/looks.film\/de\/\"},{\"@type\":\"ListItem\",\"position\":2,\"name\":\"Jobs\",\"item\":\"https:\/\/looks.film\/de\/jobs\/\"},{\"@type\":\"ListItem\",\"position\":3,\"name\":\"Praktikum in der Filmproduktion (Producing \/ Postproduktion)\"}]},{\"@type\":\"WebSite\",\"@id\":\"https:\/\/looks.film\/de\/#website\",\"url\":\"https:\/\/looks.film\/de\/\",\"name\":\"LOOKSfilm\",\"description\":\"Film Production Company &amp; Distribution\",\"potentialAction\":[{\"@type\":\"SearchAction\",\"target\":{\"@type\":\"EntryPoint\",\"urlTemplate\":\"https:\/\/looks.film\/de\/?s={search_term_string}\"},\"query-input\":\"required name=search_term_string\"}],\"inLanguage\":\"de\"}]}<\/script>\n<!-- \/ Yoast SEO plugin. -->","yoast_head_json":{"title":"Praktikum in der Filmproduktion (Producing \/ Postproduktion) - LOOKSfilm","description":"Die aktuellen Jobs bei LOOKSfilm - Assistent:in des CEO","robots":{"index":"index","follow":"follow","max-snippet":"max-snippet:-1","max-image-preview":"max-image-preview:large","max-video-preview":"max-video-preview:-1"},"canonical":"https:\/\/looks.film\/de\/jobs\/praktikum-in-der-filmproduktion-producing-postproduktion\/","og_locale":"de_DE","og_type":"article","og_title":"Jobs @ LOOKSfilm","og_description":"Hier findet ihr aktuelle Jobs bei LOOKSfilm.","og_url":"https:\/\/looks.film\/de\/jobs\/praktikum-in-der-filmproduktion-producing-postproduktion\/","og_site_name":"LOOKSfilm","article_modified_time":"2026-01-12T13:16:04+00:00","og_image":[{"width":2560,"height":1592,"url":"https:\/\/looks.film\/wp-content\/uploads\/2020\/10\/20190606_Stellenausschreibung-Vorschaubild-Website-scaled.jpg","type":"image\/jpeg"}],"twitter_card":"summary_large_image","twitter_title":"Jobs @ LOOKSfilm","twitter_description":"Hier findet ihr aktuelle Jobs bei LOOKSfilm.","twitter_image":"https:\/\/looks.film\/wp-content\/uploads\/2020\/10\/20190606_Stellenausschreibung-Vorschaubild-Website-scaled.jpg","twitter_misc":{"Gesch\u00e4tzte Lesezeit":"3\u00a0Minuten"},"schema":{"@context":"https:\/\/schema.org","@graph":[{"@type":"WebPage","@id":"https:\/\/looks.film\/de\/jobs\/praktikum-in-der-filmproduktion-producing-postproduktion\/","url":"https:\/\/looks.film\/de\/jobs\/praktikum-in-der-filmproduktion-producing-postproduktion\/","name":"Praktikum in der Filmproduktion (Producing \/ Postproduktion) - LOOKSfilm","isPartOf":{"@id":"https:\/\/looks.film\/de\/#website"},"datePublished":"2025-10-22T06:21:46+00:00","dateModified":"2026-01-12T13:16:04+00:00","description":"Die aktuellen Jobs bei LOOKSfilm - Assistent:in des CEO","breadcrumb":{"@id":"https:\/\/looks.film\/de\/jobs\/praktikum-in-der-filmproduktion-producing-postproduktion\/#breadcrumb"},"inLanguage":"de","potentialAction":[{"@type":"ReadAction","target":["https:\/\/looks.film\/de\/jobs\/praktikum-in-der-filmproduktion-producing-postproduktion\/"]}]},{"@type":"BreadcrumbList","@id":"https:\/\/looks.film\/de\/jobs\/praktikum-in-der-filmproduktion-producing-postproduktion\/#breadcrumb","itemListElement":[{"@type":"ListItem","position":1,"name":"Startseite","item":"https:\/\/looks.film\/de\/"},{"@type":"ListItem","position":2,"name":"Jobs","item":"https:\/\/looks.film\/de\/jobs\/"},{"@type":"ListItem","position":3,"name":"Praktikum in der Filmproduktion (Producing \/ Postproduktion)"}]},{"@type":"WebSite","@id":"https:\/\/looks.film\/de\/#website","url":"https:\/\/looks.film\/de\/","name":"LOOKSfilm","description":"Film Production Company &amp; Distribution","potentialAction":[{"@type":"SearchAction","target":{"@type":"EntryPoint","urlTemplate":"https:\/\/looks.film\/de\/?s={search_term_string}"},"query-input":"required name=search_term_string"}],"inLanguage":"de"}]}},"_links":{"self":[{"href":"https:\/\/looks.film\/de\/wp-json\/wp\/v2\/pages\/42389"}],"collection":[{"href":"https:\/\/looks.film\/de\/wp-json\/wp\/v2\/pages"}],"about":[{"href":"https:\/\/looks.film\/de\/wp-json\/wp\/v2\/types\/page"}],"author":[{"embeddable":true,"href":"https:\/\/looks.film\/de\/wp-json\/wp\/v2\/users\/1"}],"replies":[{"embeddable":true,"href":"https:\/\/looks.film\/de\/wp-json\/wp\/v2\/comments?post=42389"}],"version-history":[{"count":5,"href":"https:\/\/looks.film\/de\/wp-json\/wp\/v2\/pages\/42389\/revisions"}],"predecessor-version":[{"id":42500,"href":"https:\/\/looks.film\/de\/wp-json\/wp\/v2\/pages\/42389\/revisions\/42500"}],"up":[{"embeddable":true,"href":"https:\/\/looks.film\/de\/wp-json\/wp\/v2\/pages\/36533"}],"wp:attachment":[{"href":"https:\/\/looks.film\/de\/wp-json\/wp\/v2\/media?parent=42389"}],"curies":[{"name":"wp","href":"https:\/\/api.w.org\/{rel}","templated":true}]}}