{"id":42270,"date":"2025-07-10T10:54:46","date_gmt":"2025-07-10T08:54:46","guid":{"rendered":"https:\/\/looks.film\/?page_id=42270"},"modified":"2026-03-20T09:57:02","modified_gmt":"2026-03-20T08:57:02","slug":"praktikantin-afghanistan-produktion","status":"publish","type":"page","link":"https:\/\/looks.film\/de\/jobs\/praktikantin-afghanistan-produktion\/","title":{"rendered":"Praktikant:in f\u00fcr Afghanistan-Produktion (m\/w\/d)"},"content":{"rendered":"<div class=\"wpb-content-wrapper\"><p>[vc_row full_width=&#8220;stretch_row&#8220; css=&#8220;.vc_custom_1592844122143{background-color: #00263e !important;}&#8220;][vc_column][vc_column_text css=&#8220;.vc_custom_1610108949959{background-color: #00263e !important;}&#8220;]<\/p>\n<h3><span style=\"color: #ffffff;\">Aktuelle STELLENANGEBOtE<br \/>\n<\/span><\/h3>\n<p>[\/vc_column_text][\/vc_column][\/vc_row][vc_row][vc_column][vc_column_text css=&#8220;&#8220;]<\/p>\n<h5>Praktikant:in f\u00fcr Afghanistan-Produktion (m\/w\/d)<\/h5>\n<p>[\/vc_column_text][\/vc_column][\/vc_row][vc_row full_width=&#8220;stretch_row&#8220; disable_custom_paddings_tablet=&#8220;true&#8220; disable_custom_paddings_mobile=&#8220;true&#8220; css=&#8220;.vc_custom_1602668970620{margin-right: 250px !important;}&#8220;][vc_column][vc_column_text css=&#8220;&#8220;]<strong>FOR ENGLISH VERSION SEE BELOW<\/strong><\/p>\n<p><strong>Praktikum in Filmproduktion <\/strong>| <strong>Dari-sprachige:r Praktikant:in gesucht (Creative Producing \/ Projekt: The Last Days of Kabul)<\/strong><\/p>\n<p>LOOKSfilm produziert seit 1995 hochwertige Dokumentarfilme, Dokumentationen, Spielfilme und Serien f\u00fcr Kino, Fernsehen und VoD-Plattformen. Mit Standorten in Leipzig, Berlin, Magdeburg und Hamburg haben wir bereits \u00fcber 100 nationale und internationale Produktionen realisiert \u2013 mit einem besonderen Fokus auf historische Stoffe und internationale Koproduktionen.<\/p>\n<p>F\u00fcr unsere <strong>Creative Producing-Abteilung<\/strong> am Standort <strong>Berlin oder Hamburg<\/strong>\u00a0suchen wir ab <strong>September 2025<\/strong> eine:n<\/p>\n<p><strong>Praktikant:in (m\/w\/d)<br \/>\n<\/strong><strong>in Vollzeit (ca. 3 Monate)<br \/>\nVerg\u00fctung: 400 \u20ac \/ Monat<\/strong><\/p>\n<p><strong>Deine Aufgaben<\/strong><\/p>\n<ul>\n<li>Eigenst\u00e4ndige Recherchen zu historischen Hintergr\u00fcnden, Protagonist:innen und Expert:innen f\u00fcr unsere internationale Serie \u201eThe Last Days of Kabul\u201c \u00fcber die letzten 25 Jahre in Afghanistan<\/li>\n<li>Unterst\u00fctzung im Bereich Producing und Postproduktion laufender Projekte (u.\u202fa. Archivmaterial Recherche, Pressematerial, Fact Checks)<\/li>\n<li>\u00dcbersetzungen, Transkriptionen und inhaltliche Aufbereitung von Interviews mit Expert:innen und Zeitzeug:innen<\/li>\n<\/ul>\n<p><strong>Dein Profil<\/strong><\/p>\n<ul>\n<li>Laufendes oder abgeschlossenes Studium, vorzugsweise der Medien-, Film-, Geschichts- oder Kommunikationswissenschaft<\/li>\n<li>Du verf\u00fcgst \u00fcber gute Deutsch- oder Englischkenntnisse. Da sich das Projekt \u201eThe Last Days of Kabul\u201c thematisch mit Afghanistan besch\u00e4ftigt, sind Sprachkenntnisse in Dari von gro\u00dfem Vorteil<\/li>\n<li>Du hast eine hohe Affinit\u00e4t zum Dokumentarfilm und zu historischen Stoffen<\/li>\n<li>Du bist kreativ, offen und vielseitig interessiert<\/li>\n<li>Du hast eine schnelle Auffassungsgabe und eine pr\u00e4zise, z\u00fcgige und strukturierte Arbeitsweise<\/li>\n<li>Deine Rechtschreibung ist ausgezeichnet und Dein Schreibstil einwandfrei<\/li>\n<\/ul>\n<p><strong>Du bist interessiert?<\/strong><\/p>\n<p>Dann freuen wir uns auf Deine Bewerbung!<\/p>\n<p>Bitte sende Dein <strong>Anschreiben, Lebenslauf sowie relevante Zeugnisse und Referenzen in einem Dokument<\/strong> unter Angabe Deines fr\u00fchestm\u00f6glichen Eintrittstermins per E-Mail an:<\/p>\n<p><strong>Clara Georgi<br \/>\n<\/strong>georgi@looks.film<\/p>\n<p>&nbsp;<\/p>\n<p><strong>Internship in Film Production<\/strong> | <strong>Dari-Speaking Intern (Creative Producing \/ Project: The Last Days of Kabul)<br \/>\n<\/strong><\/p>\n<p>LOOKSfilm has been producing high-quality documentaries, documentary films, feature films and series for cinema, television and VoD platforms since 1995. With locations in Leipzig, Berlin, Magdeburg und Hamburg, we have already realized over 100 national and international productions \u2013 with a special focus on historical subjects and international co-productions.<\/p>\n<p>For our <strong>Creative Producing department<\/strong> at the <strong>Berlin<\/strong> or Hamburg location, we are looking for an<\/p>\n<p><strong>Intern (m\/f\/d)<br \/>\nin full-time (approx. 3 months)<br \/>\nCompensation: \u20ac400 \/ month<\/strong><\/p>\n<p><strong>Your tasks<\/strong><\/p>\n<ul>\n<li>Independent research on historical backgrounds, protagonists and experts for our international series \u201cThe Last Days of Kabul\u201d about the last 25 years in Afghanistan<\/li>\n<li>Support in the area of producing and post-production of ongoing projects (including archive material research, press materials, fact checks)<\/li>\n<li>Translations, transcriptions and content processing of interviews with experts and contemporary witnesses<\/li>\n<\/ul>\n<p><strong>Your profile<\/strong><\/p>\n<ul>\n<li>Ongoing or completed studies, preferably in media, film, history, or communication sciences<\/li>\n<li>You have very good knowledge of German or English. Since the project \u201cThe Last Days of Kabul\u201d deals thematically with Afghanistan, language skills in Dari are of great advantage<\/li>\n<li>You have a strong affinity for documentary film and historical subjects<\/li>\n<li>You are creative, open and have a wide range of interests<\/li>\n<li>You have a quick grasp and a precise, swift and structured way of working<\/li>\n<li>Your spelling is excellent and your writing style impeccable<\/li>\n<\/ul>\n<p><strong>You are interested?<\/strong><\/p>\n<p>Then we look forward to your application! Please send your <strong>cover letter, resume as well as relevant certificates in one document<\/strong> and references stating your earliest possible starting date via email to:<\/p>\n<p><strong>Clara Georgi<br \/>\n<\/strong>georgi@looks.film[\/vc_column_text][\/vc_column][\/vc_row][vc_row][vc_column][vc_separator][\/vc_column][\/vc_row][vc_row disable_element=&#8220;yes&#8220;][vc_column][vc_column_text]<\/p>\n<h5><strong><span style=\"color: #00263e;\">Praktikum Producing \/ Stoffentwicklung <\/span><\/strong><strong><span style=\"color: #00263e;\">(m\/w\/d)<br \/>\n<\/span><\/strong><span style=\"color: #00263e;\">Standort: Leipzig<\/span><strong><span style=\"color: #00263e;\"><br \/>\n<\/span><\/strong><\/h5>\n<p>[\/vc_column_text][\/vc_column][\/vc_row][vc_row full_width=&#8220;stretch_row&#8220; disable_element=&#8220;yes&#8220; disable_custom_paddings_tablet=&#8220;true&#8220; disable_custom_paddings_mobile=&#8220;true&#8220; css=&#8220;.vc_custom_1611160614791{margin-right: 250px !important;}&#8220;][vc_column][vc_column_text]F\u00fcr unsere Producing-Abteilung suchen wir ab dem 01.02.2021 eine:n Praktikant:in in Vollzeit.<\/p>\n<p><strong>Ihre Aufgaben:<\/strong><\/p>\n<ul>\n<li>eigenst\u00e4ndige Recherchen (z.B. Hintergr\u00fcnde, Protagonisten, Experten)<\/li>\n<li>Stoffentwicklung, Themenrecherche und Unterst\u00fctzung unseres Development-Teams bei der Konzeption neuer Projekte<\/li>\n<li>Erstellung kurzer Texte f\u00fcr Pitches oder Pr\u00e4sentationen<\/li>\n<li>\u00dcbersetzungen (Englisch; weitere Fremdsprachenkenntnisse insbesondere Spanisch willkommen)<\/li>\n<li>Bildrecherchen (Archive, Bilddatenbanken)<\/li>\n<li>Sichtung und \u00dcberpr\u00fcfung von Rohschnitten<\/li>\n<li>Transkriptionen<\/li>\n<\/ul>\n<p><strong>Ihre Qualifikationen:<\/strong><\/p>\n<ul>\n<li>laufendes oder abgeschlossenes Studium, vorzugsweise der Medien-, Film-, Geschichts- oder Kommunikationswissenschaft<\/li>\n<li>hohe Affinit\u00e4t zum Dokumentarfilm und zu historischen Stoffen<\/li>\n<li>kreativ, offen und vielseitig interessiert<\/li>\n<li>ausgezeichnete Rechtschreibung und einwandfreier Schreibstil einwandfrei<\/li>\n<li>schnelle Auffassungsgabe und eine pr\u00e4zise, z\u00fcgige und strukturierte Arbeitsweise<\/li>\n<li>flie\u00dfende Deutsch- und sehr gute Englischkenntnisse (weitere Fremdsprachenkenntnisse, insbesondere Spanisch sind sehr willkommen)<\/li>\n<li>sorgf\u00e4ltige und zuverl\u00e4ssige Arbeitsweise<\/li>\n<\/ul>\n<hr \/>\n<p>Dauer: ca. 3 Monate<br \/>\nVerg\u00fctung: 400 \u20ac \/ Monat<br \/>\nStatus: Freiwilliges Orientierungspraktikum oder Pflichtpraktikum<\/p>\n<hr \/>\n<p><strong><br \/>\nWir freuen uns auf Ihre aussagekr\u00e4ftige Bewerbung!<\/strong><\/p>\n<p>Bitte schicken Sie Ihre Unterlagen (Anschreiben, Lebenslauf, Zeugnisse, Referenzen) via E-Mail an Valerie Fidler (Creative Producing) &#8211; \u00a0<a href=\"mailto:fidler@looks.film\">fidler@looks.film<\/a>.<\/p>\n<p><strong>\u00a0<\/strong>[\/vc_column_text][\/vc_column][\/vc_row][vc_row][vc_column][\/vc_column][\/vc_row]<\/p>\n<\/div>","protected":false},"excerpt":{"rendered":"<p>[vc_row&#8230;<\/p>\n","protected":false},"author":1,"featured_media":0,"parent":36533,"menu_order":0,"comment_status":"closed","ping_status":"closed","template":"","meta":{"footnotes":""},"yoast_head":"<!-- This site is optimized with the Yoast SEO plugin v22.9 - https:\/\/yoast.com\/wordpress\/plugins\/seo\/ -->\n<title>Praktikant:in f\u00fcr Afghanistan-Produktion (m\/w\/d) - LOOKSfilm<\/title>\n<meta name=\"description\" content=\"Die aktuellen Jobs bei LOOKSfilm - Assistent:in des CEO\" \/>\n<meta name=\"robots\" content=\"index, follow, max-snippet:-1, max-image-preview:large, max-video-preview:-1\" \/>\n<link rel=\"canonical\" href=\"https:\/\/looks.film\/de\/jobs\/praktikantin-afghanistan-produktion\/\" \/>\n<meta property=\"og:locale\" content=\"de_DE\" \/>\n<meta property=\"og:type\" content=\"article\" \/>\n<meta property=\"og:title\" content=\"Jobs @ LOOKSfilm\" \/>\n<meta property=\"og:description\" content=\"Hier findet ihr aktuelle Jobs bei LOOKSfilm.\" \/>\n<meta property=\"og:url\" content=\"https:\/\/looks.film\/de\/jobs\/praktikantin-afghanistan-produktion\/\" \/>\n<meta property=\"og:site_name\" content=\"LOOKSfilm\" \/>\n<meta property=\"article:modified_time\" content=\"2026-03-20T08:57:02+00:00\" \/>\n<meta property=\"og:image\" content=\"https:\/\/looks.film\/wp-content\/uploads\/2020\/10\/20190606_Stellenausschreibung-Vorschaubild-Website-scaled.jpg\" \/>\n\t<meta property=\"og:image:width\" content=\"2560\" \/>\n\t<meta property=\"og:image:height\" content=\"1592\" \/>\n\t<meta property=\"og:image:type\" content=\"image\/jpeg\" \/>\n<meta name=\"twitter:card\" content=\"summary_large_image\" \/>\n<meta name=\"twitter:title\" content=\"Jobs @ LOOKSfilm\" \/>\n<meta name=\"twitter:description\" content=\"Hier findet ihr aktuelle Jobs bei LOOKSfilm.\" \/>\n<meta name=\"twitter:image\" content=\"https:\/\/looks.film\/wp-content\/uploads\/2020\/10\/20190606_Stellenausschreibung-Vorschaubild-Website-scaled.jpg\" \/>\n<meta name=\"twitter:label1\" content=\"Gesch\u00e4tzte Lesezeit\" \/>\n\t<meta name=\"twitter:data1\" content=\"4\u00a0Minuten\" \/>\n<script type=\"application\/ld+json\" class=\"yoast-schema-graph\">{\"@context\":\"https:\/\/schema.org\",\"@graph\":[{\"@type\":\"WebPage\",\"@id\":\"https:\/\/looks.film\/de\/jobs\/praktikantin-afghanistan-produktion\/\",\"url\":\"https:\/\/looks.film\/de\/jobs\/praktikantin-afghanistan-produktion\/\",\"name\":\"Praktikant:in f\u00fcr Afghanistan-Produktion (m\/w\/d) - LOOKSfilm\",\"isPartOf\":{\"@id\":\"https:\/\/looks.film\/de\/#website\"},\"datePublished\":\"2025-07-10T08:54:46+00:00\",\"dateModified\":\"2026-03-20T08:57:02+00:00\",\"description\":\"Die aktuellen Jobs bei LOOKSfilm - Assistent:in des CEO\",\"breadcrumb\":{\"@id\":\"https:\/\/looks.film\/de\/jobs\/praktikantin-afghanistan-produktion\/#breadcrumb\"},\"inLanguage\":\"de\",\"potentialAction\":[{\"@type\":\"ReadAction\",\"target\":[\"https:\/\/looks.film\/de\/jobs\/praktikantin-afghanistan-produktion\/\"]}]},{\"@type\":\"BreadcrumbList\",\"@id\":\"https:\/\/looks.film\/de\/jobs\/praktikantin-afghanistan-produktion\/#breadcrumb\",\"itemListElement\":[{\"@type\":\"ListItem\",\"position\":1,\"name\":\"Startseite\",\"item\":\"https:\/\/looks.film\/de\/\"},{\"@type\":\"ListItem\",\"position\":2,\"name\":\"Jobs\",\"item\":\"https:\/\/looks.film\/de\/jobs\/\"},{\"@type\":\"ListItem\",\"position\":3,\"name\":\"Praktikant:in f\u00fcr Afghanistan-Produktion (m\/w\/d)\"}]},{\"@type\":\"WebSite\",\"@id\":\"https:\/\/looks.film\/de\/#website\",\"url\":\"https:\/\/looks.film\/de\/\",\"name\":\"LOOKSfilm\",\"description\":\"Film Production Company &amp; Distribution\",\"potentialAction\":[{\"@type\":\"SearchAction\",\"target\":{\"@type\":\"EntryPoint\",\"urlTemplate\":\"https:\/\/looks.film\/de\/?s={search_term_string}\"},\"query-input\":\"required name=search_term_string\"}],\"inLanguage\":\"de\"}]}<\/script>\n<!-- \/ Yoast SEO plugin. -->","yoast_head_json":{"title":"Praktikant:in f\u00fcr Afghanistan-Produktion (m\/w\/d) - LOOKSfilm","description":"Die aktuellen Jobs bei LOOKSfilm - Assistent:in des CEO","robots":{"index":"index","follow":"follow","max-snippet":"max-snippet:-1","max-image-preview":"max-image-preview:large","max-video-preview":"max-video-preview:-1"},"canonical":"https:\/\/looks.film\/de\/jobs\/praktikantin-afghanistan-produktion\/","og_locale":"de_DE","og_type":"article","og_title":"Jobs @ LOOKSfilm","og_description":"Hier findet ihr aktuelle Jobs bei LOOKSfilm.","og_url":"https:\/\/looks.film\/de\/jobs\/praktikantin-afghanistan-produktion\/","og_site_name":"LOOKSfilm","article_modified_time":"2026-03-20T08:57:02+00:00","og_image":[{"width":2560,"height":1592,"url":"https:\/\/looks.film\/wp-content\/uploads\/2020\/10\/20190606_Stellenausschreibung-Vorschaubild-Website-scaled.jpg","type":"image\/jpeg"}],"twitter_card":"summary_large_image","twitter_title":"Jobs @ LOOKSfilm","twitter_description":"Hier findet ihr aktuelle Jobs bei LOOKSfilm.","twitter_image":"https:\/\/looks.film\/wp-content\/uploads\/2020\/10\/20190606_Stellenausschreibung-Vorschaubild-Website-scaled.jpg","twitter_misc":{"Gesch\u00e4tzte Lesezeit":"4\u00a0Minuten"},"schema":{"@context":"https:\/\/schema.org","@graph":[{"@type":"WebPage","@id":"https:\/\/looks.film\/de\/jobs\/praktikantin-afghanistan-produktion\/","url":"https:\/\/looks.film\/de\/jobs\/praktikantin-afghanistan-produktion\/","name":"Praktikant:in f\u00fcr Afghanistan-Produktion (m\/w\/d) - LOOKSfilm","isPartOf":{"@id":"https:\/\/looks.film\/de\/#website"},"datePublished":"2025-07-10T08:54:46+00:00","dateModified":"2026-03-20T08:57:02+00:00","description":"Die aktuellen Jobs bei LOOKSfilm - Assistent:in des CEO","breadcrumb":{"@id":"https:\/\/looks.film\/de\/jobs\/praktikantin-afghanistan-produktion\/#breadcrumb"},"inLanguage":"de","potentialAction":[{"@type":"ReadAction","target":["https:\/\/looks.film\/de\/jobs\/praktikantin-afghanistan-produktion\/"]}]},{"@type":"BreadcrumbList","@id":"https:\/\/looks.film\/de\/jobs\/praktikantin-afghanistan-produktion\/#breadcrumb","itemListElement":[{"@type":"ListItem","position":1,"name":"Startseite","item":"https:\/\/looks.film\/de\/"},{"@type":"ListItem","position":2,"name":"Jobs","item":"https:\/\/looks.film\/de\/jobs\/"},{"@type":"ListItem","position":3,"name":"Praktikant:in f\u00fcr Afghanistan-Produktion (m\/w\/d)"}]},{"@type":"WebSite","@id":"https:\/\/looks.film\/de\/#website","url":"https:\/\/looks.film\/de\/","name":"LOOKSfilm","description":"Film Production Company &amp; Distribution","potentialAction":[{"@type":"SearchAction","target":{"@type":"EntryPoint","urlTemplate":"https:\/\/looks.film\/de\/?s={search_term_string}"},"query-input":"required name=search_term_string"}],"inLanguage":"de"}]}},"_links":{"self":[{"href":"https:\/\/looks.film\/de\/wp-json\/wp\/v2\/pages\/42270"}],"collection":[{"href":"https:\/\/looks.film\/de\/wp-json\/wp\/v2\/pages"}],"about":[{"href":"https:\/\/looks.film\/de\/wp-json\/wp\/v2\/types\/page"}],"author":[{"embeddable":true,"href":"https:\/\/looks.film\/de\/wp-json\/wp\/v2\/users\/1"}],"replies":[{"embeddable":true,"href":"https:\/\/looks.film\/de\/wp-json\/wp\/v2\/comments?post=42270"}],"version-history":[{"count":5,"href":"https:\/\/looks.film\/de\/wp-json\/wp\/v2\/pages\/42270\/revisions"}],"predecessor-version":[{"id":42591,"href":"https:\/\/looks.film\/de\/wp-json\/wp\/v2\/pages\/42270\/revisions\/42591"}],"up":[{"embeddable":true,"href":"https:\/\/looks.film\/de\/wp-json\/wp\/v2\/pages\/36533"}],"wp:attachment":[{"href":"https:\/\/looks.film\/de\/wp-json\/wp\/v2\/media?parent=42270"}],"curies":[{"name":"wp","href":"https:\/\/api.w.org\/{rel}","templated":true}]}}