{"id":41963,"date":"2025-03-18T17:08:28","date_gmt":"2025-03-18T16:08:28","guid":{"rendered":"https:\/\/looks.film\/?page_id=41963"},"modified":"2025-03-18T18:07:30","modified_gmt":"2025-03-18T17:07:30","slug":"produzentin-und-geschaeftsfuehrerin-roxanahennig","status":"publish","type":"page","link":"https:\/\/looks.film\/de\/produzentin-und-geschaeftsfuehrerin-roxanahennig\/","title":{"rendered":"Produzentin und Gesch\u00e4ftsf\u00fchrerin Roxana Hennig"},"content":{"rendered":"<div class=\"wpb-content-wrapper\"><p>[vc_row disable_custom_paddings_mobile=&#8220;true&#8220;][vc_column width=&#8220;2\/3&#8243;][vc_empty_space height=&#8220;20px&#8220;][vc_column_text css=&#8220;&#8220;]<\/p>\n<h5><span style=\"color: #00263e;\"><span class=\"label-inline dtable--label\"><span class=\"imdbRatingPlugin\" data-user=\"ur1705756\" data-title=\"tt10615864\" data-style=\"p4\"><a href=\"https:\/\/www.imdb.com\/de\/name\/nm17014349\/\" target=\"_blank\" rel=\"noopener\"><img class=\"alignnone\" src=\"https:\/\/ia.media-imdb.com\/images\/G\/01\/imdb\/plugins\/rating\/images\/imdb_31x14.png\" alt=\"\" width=\"42\" height=\"19\" \/>\u00a0<\/a><\/span><\/span><\/span><span style=\"color: #00263e;\"><span class=\"label-inline dtable--label\"><span class=\"imdbRatingPlugin\" data-user=\"ur1705756\" data-title=\"tt10615864\" data-style=\"p4\"><a href=\"https:\/\/www.crew-united.com\/de\/Roxana-Hennig_815155.html\" target=\"_blank\" rel=\"noopener\"><img class=\"\" src=\"https:\/\/looks.film\/wp-content\/uploads\/2025\/01\/crewunited_sidebyside-300x74.png\" width=\"77\" height=\"19\" \/><\/a><\/span><\/span><\/span><\/h5>\n<h5><span style=\"color: #042c44;\">Biografie<\/span><\/h5>\n<p>Roxana Hennig ist Produzentin und Co-CEO von LOOKS Media. Sie studierte Economics in M\u00fcnchen und Montpellier und besuchte anschlie\u00dfend die London Film Academy. Sie war seit 2014 als selbstst\u00e4ndige Produzentin und Autorin t\u00e4tig, bevor sie 2022 Gesch\u00e4ftsf\u00fchrerin von LOOKS Media wurde.<\/p>\n<h5><span style=\"color: #042c44;\">Junge Formate<\/span><\/h5>\n<p>Als Produzentin verantwortete sie \u00fcber mehrere Jahre das erfolgreiche funk Format &#8222;<a href=\"https:\/\/looks.film\/de\/der-fall\/\">Der Fall<\/a>&#8222;, eine True-Crime Dokuserie f\u00fcr YouTube mit Fokus auf einem jungen, weiblichen Publikum. Au\u00dferdem produziert sie mir ihrem Team weitere junge Formate, z.B. das <a href=\"https:\/\/looks.film\/de\/y-kollektiv-boese-stiefmutter\/\">Y-Kollektiv<\/a> und Projekte f\u00fcr die Mediathek, wie das ARD Top Docs Projekt &#8222;Schicksalsjahre des Dalai Lama&#8220;. Einen zus\u00e4tzlichen Schwerpunkt legt sie LOOKS Media auf digitale Distribution, Social Media Projekte und <a href=\"https:\/\/looks.film\/de\/sahra-wagenknecht-podcast\/\">Postcast<\/a>-Produktionen.<\/p>\n<h5><span style=\"color: #042c44;\">Mutige und konfrontative Stoffe<\/span><\/h5>\n<p><span style=\"color: black;\">Es ist ihr wichtig, mutige und konfrontative Stoffe zu entwickeln, die sich mit den dr\u00e4ngenden gesellschaftlichen Fragen unserer Zeit auseinandersetzen. Sie setzt auf Geschichten, die unbequeme Wahrheiten sichtbar machen, Generationenkonflikte beleuchten und Emotionen wecken, sowohl dokumentarisch als auch fiktional.<\/span><\/p>\n<h5><span style=\"color: #042c44;\">Filmografie<\/span><\/h5>\n<p><strong>2025:<\/strong> <a href=\"https:\/\/looks.film\/de\/nahdran-deutschgenug\/\">Nah dran:\u00a0 Deutsch genug? Fremd und daheim im Osten<\/a><\/p>\n<p><strong>2024<\/strong>: <a href=\"https:\/\/looks.film\/de\/arte-re-zwei-mohnbauern-gegen-einen-kaefer\/\">Arte Re: Zwei Mohnbauern gegen einen K\u00e4fer<\/a>;\u00a0 <a href=\"https:\/\/looks.film\/de\/arte-re-cannabis-boom-in-tschechien\/\">Cannabis-Boom in Tschechien<\/a><br \/>\n<a href=\"https:\/\/looks.film\/de\/y-kollektiv-kokain-jagd\/\">Y-Kollektiv: Kokain-Jagd im Hafen?<\/a>; <a href=\"https:\/\/looks.film\/de\/y-kollektiv-gesund-durch-jesus\/\">Gesund durch Jesus?<\/a>;\u00a0 <a href=\"https:\/\/looks.film\/de\/y-kollektiv-boese-stiefmutter\/\">B\u00f6se Stiefmutter?<\/a><br \/>\n<a href=\"https:\/\/looks.film\/de\/mdr-musiksommer-2024\/\">Klangvolle Sommern\u00e4chte &#8211; MDR Musiksommer<\/a><br \/>\n<a href=\"https:\/\/looks.film\/de\/sahra-wagenknecht-podcast\/\">Sahra Wagenknecht. Podcast<\/a><\/p>\n<p><strong>2023-2024:<\/strong> <a href=\"https:\/\/looks.film\/de\/der-fall\/\">Der Fall (YouTube)<\/a> und <a href=\"https:\/\/looks.film\/de\/derfall-podcast\/\">Der Fall (Podcast)<\/a><\/p>\n<h3><\/h3>\n<p>[\/vc_column_text][vc_images_carousel images=&#8220;41966,41968,41970,41972&#8243; img_size=&#8220;600&#215;801&#8243; speed=&#8220;4000&#8243; slides_per_view=&#8220;3&#8243; css=&#8220;&#8220;][vc_separator][\/vc_column][vc_column width=&#8220;1\/3&#8243;][vc_single_image image=&#8220;39607&#8243; img_size=&#8220;medium&#8220; css=&#8220;&#8220;][vc_column_text css=&#8220;&#8220;]<span style=\"color: #00263e;\"><span class=\"title-h6 style=\" style=\"color: #00263e;\">Roxana Hennig<br \/>\n<\/span>Gesch\u00e4ftsf\u00fchrerin LOOKS Media<\/span><\/p>\n<p><span style=\"color: #00263e;\"><a class=\"spamspan\" style=\"color: #00263e;\" href=\"mailto:hennig@looks.film\">hennig@looks.film<\/a><\/span><br \/>\n+49 (0) 391 242 854 92[\/vc_column_text][vc_empty_space height=&#8220;20px&#8220;][vc_column_text css=&#8220;&#8220;]<\/p>\n<div><strong>VoD<\/strong><\/div>\n<p><a href=\"https:\/\/www.youtube.com\/playlist?list=PL9-_EmRPIfEXx1rXwTyHwaTMKMAFhxT2L\" target=\"_blank\" rel=\"nofollow noopener\"><i class=\"wp-svg-play-3 play-3\"><\/i> Der Fall (YouTube)<\/a><br \/>\n<a href=\"https:\/\/www.youtube.com\/playlist?list=PL9-_EmRPIfEVVHViVePEU0Ctq8ELj_Q5Y\" target=\"_blank\" rel=\"nofollow noopener\"><i class=\"wp-svg-play-3 play-3\"><\/i> Y-Kollektiv (YouTube)<\/a><\/p>\n<p><strong>Podcast<\/strong><br \/>\n<a href=\"https:\/\/www.youtube.com\/@looksfilm7350\/podcasts\" target=\"_blank\" rel=\"nofollow noopener\"><i class=\"wp-svg-play-3 play-3\"><\/i> Sahra Wagenknecht &#8211; Der Podcast<\/a>[\/vc_column_text][\/vc_column][\/vc_row]<\/p>\n<\/div>","protected":false},"excerpt":{"rendered":"<p>[vc_row&#8230;<\/p>\n","protected":false},"author":1,"featured_media":39607,"parent":0,"menu_order":0,"comment_status":"closed","ping_status":"closed","template":"","meta":{"footnotes":""},"yoast_head":"<!-- This site is optimized with the Yoast SEO plugin v22.9 - https:\/\/yoast.com\/wordpress\/plugins\/seo\/ -->\n<title>Produzentin und Gesch\u00e4ftsf\u00fchrerin Roxana Hennig - LOOKSfilm<\/title>\n<meta name=\"description\" content=\"Roxana Hennig ist Produzentin und Co-CEO von LOOKS Media. Sie hat u. a. &quot;Der Fall&quot; (YouTube) und Filme f\u00fcr Y-Kollektiv produziert.\" \/>\n<meta name=\"robots\" content=\"index, follow, max-snippet:-1, max-image-preview:large, max-video-preview:-1\" \/>\n<link rel=\"canonical\" href=\"https:\/\/looks.film\/de\/produzentin-und-geschaeftsfuehrerin-roxanahennig\/\" \/>\n<meta property=\"og:locale\" content=\"de_DE\" \/>\n<meta property=\"og:type\" content=\"article\" \/>\n<meta property=\"og:title\" content=\"Produzentin und Gesch\u00e4ftsf\u00fchrerin Roxana Hennig - LOOKS Media\" \/>\n<meta property=\"og:description\" content=\"Roxana Hennig ist Produzentin und Co-CEO von LOOKS Media. Sie hat u. a. &quot;Der Fall&quot; (YouTube) und Filme f\u00fcr Y-Kollektiv produziert.\" \/>\n<meta property=\"og:url\" content=\"https:\/\/looks.film\/de\/produzentin-und-geschaeftsfuehrerin-roxanahennig\/\" \/>\n<meta property=\"og:site_name\" content=\"LOOKSfilm\" \/>\n<meta property=\"article:modified_time\" content=\"2025-03-18T17:07:30+00:00\" \/>\n<meta property=\"og:image\" content=\"https:\/\/looks.film\/wp-content\/uploads\/2023\/11\/Roxana_Hennig.jpg\" \/>\n\t<meta property=\"og:image:width\" content=\"1024\" \/>\n\t<meta property=\"og:image:height\" content=\"683\" \/>\n\t<meta property=\"og:image:type\" content=\"image\/jpeg\" \/>\n<meta name=\"twitter:card\" content=\"summary_large_image\" \/>\n<meta name=\"twitter:title\" content=\"Produzentin und Gesch\u00e4ftsf\u00fchrerin Roxana Hennig - LOOKS Media\" \/>\n<meta name=\"twitter:description\" content=\"Roxana Hennig ist Produzentin und Co-CEO von LOOKS Media. Sie hat u. a. &quot;Der Fall&quot; (YouTube) und Filme f\u00fcr Y-Kollektiv produziert.\" \/>\n<meta name=\"twitter:image\" content=\"https:\/\/looks.film\/wp-content\/uploads\/2023\/11\/Roxana_Hennig.jpg\" \/>\n<meta name=\"twitter:label1\" content=\"Gesch\u00e4tzte Lesezeit\" \/>\n\t<meta name=\"twitter:data1\" content=\"4\u00a0Minuten\" \/>\n<script type=\"application\/ld+json\" class=\"yoast-schema-graph\">{\"@context\":\"https:\/\/schema.org\",\"@graph\":[{\"@type\":\"WebPage\",\"@id\":\"https:\/\/looks.film\/de\/produzentin-und-geschaeftsfuehrerin-roxanahennig\/\",\"url\":\"https:\/\/looks.film\/de\/produzentin-und-geschaeftsfuehrerin-roxanahennig\/\",\"name\":\"Produzentin und Gesch\u00e4ftsf\u00fchrerin Roxana Hennig - LOOKSfilm\",\"isPartOf\":{\"@id\":\"https:\/\/looks.film\/de\/#website\"},\"primaryImageOfPage\":{\"@id\":\"https:\/\/looks.film\/de\/produzentin-und-geschaeftsfuehrerin-roxanahennig\/#primaryimage\"},\"image\":{\"@id\":\"https:\/\/looks.film\/de\/produzentin-und-geschaeftsfuehrerin-roxanahennig\/#primaryimage\"},\"thumbnailUrl\":\"https:\/\/looks.film\/wp-content\/uploads\/2023\/11\/Roxana_Hennig.jpg\",\"datePublished\":\"2025-03-18T16:08:28+00:00\",\"dateModified\":\"2025-03-18T17:07:30+00:00\",\"description\":\"Roxana Hennig ist Produzentin und Co-CEO von LOOKS Media. Sie hat u. a. \\\"Der Fall\\\" (YouTube) und Filme f\u00fcr Y-Kollektiv produziert.\",\"breadcrumb\":{\"@id\":\"https:\/\/looks.film\/de\/produzentin-und-geschaeftsfuehrerin-roxanahennig\/#breadcrumb\"},\"inLanguage\":\"de\",\"potentialAction\":[{\"@type\":\"ReadAction\",\"target\":[\"https:\/\/looks.film\/de\/produzentin-und-geschaeftsfuehrerin-roxanahennig\/\"]}]},{\"@type\":\"ImageObject\",\"inLanguage\":\"de\",\"@id\":\"https:\/\/looks.film\/de\/produzentin-und-geschaeftsfuehrerin-roxanahennig\/#primaryimage\",\"url\":\"https:\/\/looks.film\/wp-content\/uploads\/2023\/11\/Roxana_Hennig.jpg\",\"contentUrl\":\"https:\/\/looks.film\/wp-content\/uploads\/2023\/11\/Roxana_Hennig.jpg\",\"width\":1024,\"height\":683},{\"@type\":\"BreadcrumbList\",\"@id\":\"https:\/\/looks.film\/de\/produzentin-und-geschaeftsfuehrerin-roxanahennig\/#breadcrumb\",\"itemListElement\":[{\"@type\":\"ListItem\",\"position\":1,\"name\":\"Startseite\",\"item\":\"https:\/\/looks.film\/de\/\"},{\"@type\":\"ListItem\",\"position\":2,\"name\":\"Produzentin und Gesch\u00e4ftsf\u00fchrerin Roxana Hennig\"}]},{\"@type\":\"WebSite\",\"@id\":\"https:\/\/looks.film\/de\/#website\",\"url\":\"https:\/\/looks.film\/de\/\",\"name\":\"LOOKSfilm\",\"description\":\"Film Production Company &amp; Distribution\",\"potentialAction\":[{\"@type\":\"SearchAction\",\"target\":{\"@type\":\"EntryPoint\",\"urlTemplate\":\"https:\/\/looks.film\/de\/?s={search_term_string}\"},\"query-input\":\"required name=search_term_string\"}],\"inLanguage\":\"de\"}]}<\/script>\n<!-- \/ Yoast SEO plugin. -->","yoast_head_json":{"title":"Produzentin und Gesch\u00e4ftsf\u00fchrerin Roxana Hennig - LOOKSfilm","description":"Roxana Hennig ist Produzentin und Co-CEO von LOOKS Media. Sie hat u. a. \"Der Fall\" (YouTube) und Filme f\u00fcr Y-Kollektiv produziert.","robots":{"index":"index","follow":"follow","max-snippet":"max-snippet:-1","max-image-preview":"max-image-preview:large","max-video-preview":"max-video-preview:-1"},"canonical":"https:\/\/looks.film\/de\/produzentin-und-geschaeftsfuehrerin-roxanahennig\/","og_locale":"de_DE","og_type":"article","og_title":"Produzentin und Gesch\u00e4ftsf\u00fchrerin Roxana Hennig - LOOKS Media","og_description":"Roxana Hennig ist Produzentin und Co-CEO von LOOKS Media. Sie hat u. a. \"Der Fall\" (YouTube) und Filme f\u00fcr Y-Kollektiv produziert.","og_url":"https:\/\/looks.film\/de\/produzentin-und-geschaeftsfuehrerin-roxanahennig\/","og_site_name":"LOOKSfilm","article_modified_time":"2025-03-18T17:07:30+00:00","og_image":[{"width":1024,"height":683,"url":"https:\/\/looks.film\/wp-content\/uploads\/2023\/11\/Roxana_Hennig.jpg","type":"image\/jpeg"}],"twitter_card":"summary_large_image","twitter_title":"Produzentin und Gesch\u00e4ftsf\u00fchrerin Roxana Hennig - LOOKS Media","twitter_description":"Roxana Hennig ist Produzentin und Co-CEO von LOOKS Media. Sie hat u. a. \"Der Fall\" (YouTube) und Filme f\u00fcr Y-Kollektiv produziert.","twitter_image":"https:\/\/looks.film\/wp-content\/uploads\/2023\/11\/Roxana_Hennig.jpg","twitter_misc":{"Gesch\u00e4tzte Lesezeit":"4\u00a0Minuten"},"schema":{"@context":"https:\/\/schema.org","@graph":[{"@type":"WebPage","@id":"https:\/\/looks.film\/de\/produzentin-und-geschaeftsfuehrerin-roxanahennig\/","url":"https:\/\/looks.film\/de\/produzentin-und-geschaeftsfuehrerin-roxanahennig\/","name":"Produzentin und Gesch\u00e4ftsf\u00fchrerin Roxana Hennig - LOOKSfilm","isPartOf":{"@id":"https:\/\/looks.film\/de\/#website"},"primaryImageOfPage":{"@id":"https:\/\/looks.film\/de\/produzentin-und-geschaeftsfuehrerin-roxanahennig\/#primaryimage"},"image":{"@id":"https:\/\/looks.film\/de\/produzentin-und-geschaeftsfuehrerin-roxanahennig\/#primaryimage"},"thumbnailUrl":"https:\/\/looks.film\/wp-content\/uploads\/2023\/11\/Roxana_Hennig.jpg","datePublished":"2025-03-18T16:08:28+00:00","dateModified":"2025-03-18T17:07:30+00:00","description":"Roxana Hennig ist Produzentin und Co-CEO von LOOKS Media. Sie hat u. a. \"Der Fall\" (YouTube) und Filme f\u00fcr Y-Kollektiv produziert.","breadcrumb":{"@id":"https:\/\/looks.film\/de\/produzentin-und-geschaeftsfuehrerin-roxanahennig\/#breadcrumb"},"inLanguage":"de","potentialAction":[{"@type":"ReadAction","target":["https:\/\/looks.film\/de\/produzentin-und-geschaeftsfuehrerin-roxanahennig\/"]}]},{"@type":"ImageObject","inLanguage":"de","@id":"https:\/\/looks.film\/de\/produzentin-und-geschaeftsfuehrerin-roxanahennig\/#primaryimage","url":"https:\/\/looks.film\/wp-content\/uploads\/2023\/11\/Roxana_Hennig.jpg","contentUrl":"https:\/\/looks.film\/wp-content\/uploads\/2023\/11\/Roxana_Hennig.jpg","width":1024,"height":683},{"@type":"BreadcrumbList","@id":"https:\/\/looks.film\/de\/produzentin-und-geschaeftsfuehrerin-roxanahennig\/#breadcrumb","itemListElement":[{"@type":"ListItem","position":1,"name":"Startseite","item":"https:\/\/looks.film\/de\/"},{"@type":"ListItem","position":2,"name":"Produzentin und Gesch\u00e4ftsf\u00fchrerin Roxana Hennig"}]},{"@type":"WebSite","@id":"https:\/\/looks.film\/de\/#website","url":"https:\/\/looks.film\/de\/","name":"LOOKSfilm","description":"Film Production Company &amp; Distribution","potentialAction":[{"@type":"SearchAction","target":{"@type":"EntryPoint","urlTemplate":"https:\/\/looks.film\/de\/?s={search_term_string}"},"query-input":"required name=search_term_string"}],"inLanguage":"de"}]}},"_links":{"self":[{"href":"https:\/\/looks.film\/de\/wp-json\/wp\/v2\/pages\/41963"}],"collection":[{"href":"https:\/\/looks.film\/de\/wp-json\/wp\/v2\/pages"}],"about":[{"href":"https:\/\/looks.film\/de\/wp-json\/wp\/v2\/types\/page"}],"author":[{"embeddable":true,"href":"https:\/\/looks.film\/de\/wp-json\/wp\/v2\/users\/1"}],"replies":[{"embeddable":true,"href":"https:\/\/looks.film\/de\/wp-json\/wp\/v2\/comments?post=41963"}],"version-history":[{"count":10,"href":"https:\/\/looks.film\/de\/wp-json\/wp\/v2\/pages\/41963\/revisions"}],"predecessor-version":[{"id":41983,"href":"https:\/\/looks.film\/de\/wp-json\/wp\/v2\/pages\/41963\/revisions\/41983"}],"wp:featuredmedia":[{"embeddable":true,"href":"https:\/\/looks.film\/de\/wp-json\/wp\/v2\/media\/39607"}],"wp:attachment":[{"href":"https:\/\/looks.film\/de\/wp-json\/wp\/v2\/media?parent=41963"}],"curies":[{"name":"wp","href":"https:\/\/api.w.org\/{rel}","templated":true}]}}