{"id":40945,"date":"2024-10-15T18:24:24","date_gmt":"2024-10-15T16:24:24","guid":{"rendered":"https:\/\/looks.film\/?page_id=40945"},"modified":"2025-03-19T15:49:02","modified_gmt":"2025-03-19T14:49:02","slug":"reginabouchehri","status":"publish","type":"page","link":"https:\/\/looks.film\/de\/reginabouchehri\/","title":{"rendered":"Produzentin und Gesch\u00e4ftsf\u00fchrerin Dr. Regina Bouchehri"},"content":{"rendered":"<div class=\"wpb-content-wrapper\"><p>[vc_row disable_custom_paddings_mobile=&#8220;true&#8220;][vc_column width=&#8220;2\/3&#8243;]<div class=\"gem-youtube gem-wrapbox gem-wrapbox-style-no-style rounded-corners gem-wrapbox-position-below\" style=\"width: 100%;\"><div class=\"gem-wrapbox-inner gem-ratio-style\" style=\"padding-top: 56.25%\"><iframe class=\"gem-wrapbox-element img-responsive\" width=\"100%\" height=\"300\" allowfullscreen=\"allowfullscreen\" frameborder=\"0\" scrolling=\"no\" marginheight=\"0\" marginwidth=\"0\" src=\"\/\/www.youtube.com\/embed\/ptfRLsopG4s?rel=0&amp;wmode=opaque\"><\/iframe><\/div><\/div>[vc_empty_space height=&#8220;20px&#8220;][vc_column_text css=&#8220;&#8220;]<\/p>\n<h5><span style=\"color: #00263e;\"><span class=\"label-inline dtable--label\"><span class=\"imdbRatingPlugin\" data-user=\"ur1705756\" data-title=\"tt10615864\" data-style=\"p4\"><a href=\"https:\/\/www.imdb.com\/de\/name\/nm7039976\/\" target=\"_blank\" rel=\"noopener\"><img class=\"alignnone\" src=\"https:\/\/ia.media-imdb.com\/images\/G\/01\/imdb\/plugins\/rating\/images\/imdb_31x14.png\" alt=\"\" width=\"42\" height=\"19\" \/>\u00a0<\/a><\/span><\/span><\/span><span style=\"color: #00263e;\"><span class=\"label-inline dtable--label\"><span class=\"imdbRatingPlugin\" data-user=\"ur1705756\" data-title=\"tt10615864\" data-style=\"p4\"><a href=\"https:\/\/www.crew-united.com\/de\/Regina-Bouchehri_392754.html\" target=\"_blank\" rel=\"noopener\"><img class=\"\" src=\"https:\/\/looks.film\/wp-content\/uploads\/2025\/01\/crewunited_sidebyside-300x74.png\" width=\"77\" height=\"19\" \/><\/a><\/span><\/span><\/span><\/h5>\n<h5><span style=\"color: #042c44;\">Biografie<\/span><\/h5>\n<p>Dr. Regina Bouchehri ist Produzentin und Co-CEO von LOOKSfilm. Sie studierte Interkulturelle Kommunikation und Theaterwissenschaft in Berlin und schloss das Studium mit einer Promotion ab.<\/p>\n<p>2013 kam sie im Rahmen der preisgekr\u00f6nten historischen Drama-Serie <a href=\"https:\/\/looks.film\/de\/14-tagebuecher-des-ersten-weltkriegs\/\" target=\"_blank\" rel=\"noopener\">\u00a014 \u2013 TAGEB\u00dcCHER DES ERSTEN WELTKRIEGS<\/a> (ARD\/ARTE\/BBC et al, ausgezeichnet mit dem Robert-Geisend\u00f6rfer-Preis, nominiert u.a. f\u00fcr den Japan Prize, den Deutschen Fernsehpreis, den Deutsch-Franz\u00f6sischen Journalisten-Preis, die Rocky Awards etc). zu LOOKSfilm.<\/p>\n<p>&nbsp;<\/p>\n<h5><span style=\"color: #042c44;\">Creative Producerin<\/span><\/h5>\n<p>Als Creative Producerin verantwortete Bouchehri mehrere internationale Serienprojekte, darunter die historische Drama-Serie <a href=\"https:\/\/looks.film\/de\/krieg-der-traeume\/\" target=\"_blank\" rel=\"noopener\">KRIEG DER TR\u00c4UME<\/a> (ARD\/ARTE und viele weitere internationale Partner, ausgezeichnet mit dem CIVIS Medienpreis, nominiert f\u00fcr den Grimme-Preis, den DFJ-<span style=\"color: #042c44;\">Preis und den Preis der DAfF), <a style=\"color: #042c44;\" href=\"https:\/\/looks.film\/de\/geheimes-kuba\/\" target=\"_blank\" rel=\"noopener\">DIE CUBA LIBRE STORY<\/a> (Netflix\/ZDF) und <a style=\"color: #042c44;\" href=\"https:\/\/looks.film\/de\/die-wahrheit-ueber-den-holocaust\/\" target=\"_blank\" rel=\"noopener\">DIE WAHRHEIT \u00dcBER DEN HOLOCAUST<\/a> (France Televisions\/ZDF).<\/span><\/p>\n<p>&nbsp;<\/p>\n<h5><span style=\"color: #042c44;\">Gesch\u00e4ftsf\u00fchrerin<\/span><\/h5>\n<p>Von 2018 bis 2020 war Regina Bouchehri als Head of Creative Producing f\u00fcr die inhaltliche Ausrichtung von LOOKSfilm verantwortlich, bevor sie 2020 die Co-Gesch\u00e4ftsf\u00fchrung \u00fcbernahm, gemeinsam mit Firmengr\u00fcnder Gunnar Dedio. Mit ihm teilt sie die Begeisterung f\u00fcr historische Stoffe und Archivmaterial. Die Erz\u00e4hlformen ihrer Produktionen sind vielf\u00e4ltig und reichen von Dokumentarfilmen \u00fcber mehrteilige Doku-Serie, dokumentarischen Dramen bis hin zu Spielfilmen.<\/p>\n<p>Ihr Herz schl\u00e4gt f\u00fcr multiperspektivisches Erz\u00e4hlen und internationale Koproduktionen. Au\u00dferdem ist es ihr ein Anliegen, verst\u00e4rkt Filme von, mit und \u00fcber Frauen auf die Leinwand bzw. den Bildschirm zu bringen.<\/p>\n<p>&nbsp;<\/p>\n<h5><span style=\"color: #042c44;\">Aktuelle Filmografie (Auswahl)<\/span><\/h5>\n<p>Zu ihrem Track Record als Produzentin und Head of Creative Producing geh\u00f6ren u. a. die historische Serie <a href=\"https:\/\/looks.film\/de\/diespaltungderwelt\/\" target=\"_blank\" rel=\"noopener\">DIE SPALTUNG DER WELT<\/a> (<a href=\"https:\/\/looks.film\/de\/dreigrimmenominierungen\/\">Grimme-Preis Nominierung 2025<\/a>), der Kino-Spielfilm TWO PROSECUTORS von Sergei Loznitsa (coming 2025), der Kino-Dokumentarfilm <a href=\"https:\/\/looks.film\/de\/luftkrieg-die-naturgeschichte-der-zerstoerung\/\" target=\"_blank\" rel=\"noopener\">LUFTKRIEG. DIE NATURGESCHICHTE DER ZERST\u00d6RUNG<\/a> von Sergei Loznitsa (Weltpremiere bei den Filmfestspielen Cannes 2022, nominiert f\u00fcr die Lithuanian Film Awards, das Jerusalem Film Festival und ausgezeichnet durch das Chicago Film Festival), der Kino-Dokumentarfilm <a href=\"https:\/\/looks.film\/de\/merkel-macht-der-freiheit\/\" target=\"_blank\" rel=\"noopener\">MERKEL \u2013 MACHT DER FREIHEIT<\/a>von Eva Weber (Weltpremiere beim Telluride Film Festival 2022, Europa-Premiere bei der IDFA Amsterdam 2022), die 4-teilige Doku-Serie <a href=\"https:\/\/looks.film\/de\/afghanistan\/\" target=\"_blank\" rel=\"noopener\">AFGHANISTAN. DAS VERWUNDETE LAND<\/a> (2020, ausgezeichnet mit dem Grimme-Preis, nominiert f\u00fcr die Rocky-Awards, die Realscreen Awards und den Rose d&#8217;Or Award) und die Serie <a href=\"https:\/\/looks.film\/de\/colonia-dignidad-eine-deutsche-sekte-in-chile\/\" target=\"_blank\" rel=\"noopener\">COLONIA DIGNIDAD. EINE DEUTSCHE SEKTE IN CHILE<\/a> (2020, NETFLIX, WDR\/SWR\/ARTE, ausgezeichnet mit dem DAfF, dem Robert-Geisend\u00f6rfer-Preis und nominiert f\u00fcr den Grimme-Preis).[\/vc_column_text][vc_images_carousel images=&#8220;40964,40958,40992,40952,40954&#8243; img_size=&#8220;large&#8220; speed=&#8220;4000&#8243; slides_per_view=&#8220;2&#8243; css=&#8220;&#8220;][vc_separator][\/vc_column][vc_column width=&#8220;1\/3&#8243;][vc_single_image image=&#8220;39574&#8243; img_size=&#8220;medium&#8220; css=&#8220;&#8220;][vc_column_text css=&#8220;&#8220;]<span style=\"color: #00263e;\"><span class=\"title-h6 style=\" style=\"color: #00263e;\">Dr. Regina Bouchehri<br \/>\n<\/span>Gesch\u00e4ftsf\u00fchrerin<\/span><\/p>\n<p><span style=\"color: #00263e;\"><a class=\"spamspan\" style=\"color: #00263e;\" href=\"mailto:bouchehri%40looks.film\">bouchehri@looks.film<\/a><\/span><br \/>\n<span style=\"color: #00263e;\">+49 (0) 341 23 429 122<\/span>[\/vc_column_text][vc_empty_space height=&#8220;200px&#8220;][vc_column_text css=&#8220;&#8220;]<strong>Presse<\/strong><\/p>\n<p><em><a href=\"https:\/\/www.quotenmeter.de\/n\/159660\/regina-bouchehri-auch-kanzler-sind-am-ende-nur-menschen\" target=\"_blank\" rel=\"nofollow noopener\">Interview mit Regina Bouchehri: zu &#8222;OLAF SCHOLZ &#8211; SCHICKSALSJAHRE EINES KANZLERS&#8220; &#8218;Auch Kanzler sind am Ende nur Menschen&#8216;<\/a><\/em> quotenmeter.de[\/vc_column_text][\/vc_column][\/vc_row]<\/p>\n<\/div>","protected":false},"excerpt":{"rendered":"<p>[vc_row&#8230;<\/p>\n","protected":false},"author":1,"featured_media":39574,"parent":0,"menu_order":0,"comment_status":"closed","ping_status":"closed","template":"","meta":{"footnotes":""},"yoast_head":"<!-- This site is optimized with the Yoast SEO plugin v22.9 - https:\/\/yoast.com\/wordpress\/plugins\/seo\/ -->\n<title>Produzentin und Gesch\u00e4ftsf\u00fchrerin Dr. Regina Bouchehri - LOOKSfilm<\/title>\n<meta name=\"description\" content=\"Regina Bouchehri ist Produzentin und Co-CEO von LOOKSfilm. Zu ihren Produktionen z\u00e4hlen &quot;Die Spaltung der Welt&quot; und &quot;Two Prosecutors&quot;.\" \/>\n<meta name=\"robots\" content=\"index, follow, max-snippet:-1, max-image-preview:large, max-video-preview:-1\" \/>\n<link rel=\"canonical\" href=\"https:\/\/looks.film\/de\/reginabouchehri\/\" \/>\n<meta property=\"og:locale\" content=\"de_DE\" \/>\n<meta property=\"og:type\" content=\"article\" \/>\n<meta property=\"og:title\" content=\"Produzentin und Gesch\u00e4ftsf\u00fchrerin Dr. Regina Bouchehri - LOOKSfilm\" \/>\n<meta property=\"og:description\" content=\"Regina Bouchehri ist Produzentin und Co-CEO von LOOKSfilm. Zu ihren Produktionen z\u00e4hlen &quot;Die Spaltung der Welt&quot; und &quot;Two Prosecutors&quot;.\" \/>\n<meta property=\"og:url\" content=\"https:\/\/looks.film\/de\/reginabouchehri\/\" \/>\n<meta property=\"og:site_name\" content=\"LOOKSfilm\" \/>\n<meta property=\"article:modified_time\" content=\"2025-03-19T14:49:02+00:00\" \/>\n<meta property=\"og:image\" content=\"https:\/\/looks.film\/wp-content\/uploads\/2023\/10\/Regina_Bouchehri.jpg\" \/>\n\t<meta property=\"og:image:width\" content=\"951\" \/>\n\t<meta property=\"og:image:height\" content=\"634\" \/>\n\t<meta property=\"og:image:type\" content=\"image\/jpeg\" \/>\n<meta name=\"twitter:card\" content=\"summary_large_image\" \/>\n<meta name=\"twitter:title\" content=\"Produzentin und Gesch\u00e4ftsf\u00fchrerin Dr. Regina Bouchehri - LOOKSfilm\" \/>\n<meta name=\"twitter:description\" content=\"Regina Bouchehri ist Produzentin und Co-CEO von LOOKSfilm. Zu ihren Produktionen z\u00e4hlen &quot;Die Spaltung der Welt&quot; und &quot;Two Prosecutors&quot;.\" \/>\n<meta name=\"twitter:image\" content=\"https:\/\/looks.film\/wp-content\/uploads\/2023\/10\/Regina_Bouchehri.jpg\" \/>\n<meta name=\"twitter:label1\" content=\"Gesch\u00e4tzte Lesezeit\" \/>\n\t<meta name=\"twitter:data1\" content=\"5\u00a0Minuten\" \/>\n<script type=\"application\/ld+json\" class=\"yoast-schema-graph\">{\"@context\":\"https:\/\/schema.org\",\"@graph\":[{\"@type\":\"WebPage\",\"@id\":\"https:\/\/looks.film\/de\/reginabouchehri\/\",\"url\":\"https:\/\/looks.film\/de\/reginabouchehri\/\",\"name\":\"Produzentin und Gesch\u00e4ftsf\u00fchrerin Dr. Regina Bouchehri - LOOKSfilm\",\"isPartOf\":{\"@id\":\"https:\/\/looks.film\/de\/#website\"},\"primaryImageOfPage\":{\"@id\":\"https:\/\/looks.film\/de\/reginabouchehri\/#primaryimage\"},\"image\":{\"@id\":\"https:\/\/looks.film\/de\/reginabouchehri\/#primaryimage\"},\"thumbnailUrl\":\"https:\/\/looks.film\/wp-content\/uploads\/2023\/10\/Regina_Bouchehri.jpg\",\"datePublished\":\"2024-10-15T16:24:24+00:00\",\"dateModified\":\"2025-03-19T14:49:02+00:00\",\"description\":\"Regina Bouchehri ist Produzentin und Co-CEO von LOOKSfilm. Zu ihren Produktionen z\u00e4hlen \\\"Die Spaltung der Welt\\\" und \\\"Two Prosecutors\\\".\",\"breadcrumb\":{\"@id\":\"https:\/\/looks.film\/de\/reginabouchehri\/#breadcrumb\"},\"inLanguage\":\"de\",\"potentialAction\":[{\"@type\":\"ReadAction\",\"target\":[\"https:\/\/looks.film\/de\/reginabouchehri\/\"]}]},{\"@type\":\"ImageObject\",\"inLanguage\":\"de\",\"@id\":\"https:\/\/looks.film\/de\/reginabouchehri\/#primaryimage\",\"url\":\"https:\/\/looks.film\/wp-content\/uploads\/2023\/10\/Regina_Bouchehri.jpg\",\"contentUrl\":\"https:\/\/looks.film\/wp-content\/uploads\/2023\/10\/Regina_Bouchehri.jpg\",\"width\":951,\"height\":634},{\"@type\":\"BreadcrumbList\",\"@id\":\"https:\/\/looks.film\/de\/reginabouchehri\/#breadcrumb\",\"itemListElement\":[{\"@type\":\"ListItem\",\"position\":1,\"name\":\"Startseite\",\"item\":\"https:\/\/looks.film\/de\/\"},{\"@type\":\"ListItem\",\"position\":2,\"name\":\"Produzentin und Gesch\u00e4ftsf\u00fchrerin Dr. Regina Bouchehri\"}]},{\"@type\":\"WebSite\",\"@id\":\"https:\/\/looks.film\/de\/#website\",\"url\":\"https:\/\/looks.film\/de\/\",\"name\":\"LOOKSfilm\",\"description\":\"Film Production Company &amp; Distribution\",\"potentialAction\":[{\"@type\":\"SearchAction\",\"target\":{\"@type\":\"EntryPoint\",\"urlTemplate\":\"https:\/\/looks.film\/de\/?s={search_term_string}\"},\"query-input\":\"required name=search_term_string\"}],\"inLanguage\":\"de\"}]}<\/script>\n<!-- \/ Yoast SEO plugin. -->","yoast_head_json":{"title":"Produzentin und Gesch\u00e4ftsf\u00fchrerin Dr. Regina Bouchehri - LOOKSfilm","description":"Regina Bouchehri ist Produzentin und Co-CEO von LOOKSfilm. Zu ihren Produktionen z\u00e4hlen \"Die Spaltung der Welt\" und \"Two Prosecutors\".","robots":{"index":"index","follow":"follow","max-snippet":"max-snippet:-1","max-image-preview":"max-image-preview:large","max-video-preview":"max-video-preview:-1"},"canonical":"https:\/\/looks.film\/de\/reginabouchehri\/","og_locale":"de_DE","og_type":"article","og_title":"Produzentin und Gesch\u00e4ftsf\u00fchrerin Dr. Regina Bouchehri - LOOKSfilm","og_description":"Regina Bouchehri ist Produzentin und Co-CEO von LOOKSfilm. Zu ihren Produktionen z\u00e4hlen \"Die Spaltung der Welt\" und \"Two Prosecutors\".","og_url":"https:\/\/looks.film\/de\/reginabouchehri\/","og_site_name":"LOOKSfilm","article_modified_time":"2025-03-19T14:49:02+00:00","og_image":[{"width":951,"height":634,"url":"https:\/\/looks.film\/wp-content\/uploads\/2023\/10\/Regina_Bouchehri.jpg","type":"image\/jpeg"}],"twitter_card":"summary_large_image","twitter_title":"Produzentin und Gesch\u00e4ftsf\u00fchrerin Dr. Regina Bouchehri - LOOKSfilm","twitter_description":"Regina Bouchehri ist Produzentin und Co-CEO von LOOKSfilm. Zu ihren Produktionen z\u00e4hlen \"Die Spaltung der Welt\" und \"Two Prosecutors\".","twitter_image":"https:\/\/looks.film\/wp-content\/uploads\/2023\/10\/Regina_Bouchehri.jpg","twitter_misc":{"Gesch\u00e4tzte Lesezeit":"5\u00a0Minuten"},"schema":{"@context":"https:\/\/schema.org","@graph":[{"@type":"WebPage","@id":"https:\/\/looks.film\/de\/reginabouchehri\/","url":"https:\/\/looks.film\/de\/reginabouchehri\/","name":"Produzentin und Gesch\u00e4ftsf\u00fchrerin Dr. Regina Bouchehri - LOOKSfilm","isPartOf":{"@id":"https:\/\/looks.film\/de\/#website"},"primaryImageOfPage":{"@id":"https:\/\/looks.film\/de\/reginabouchehri\/#primaryimage"},"image":{"@id":"https:\/\/looks.film\/de\/reginabouchehri\/#primaryimage"},"thumbnailUrl":"https:\/\/looks.film\/wp-content\/uploads\/2023\/10\/Regina_Bouchehri.jpg","datePublished":"2024-10-15T16:24:24+00:00","dateModified":"2025-03-19T14:49:02+00:00","description":"Regina Bouchehri ist Produzentin und Co-CEO von LOOKSfilm. Zu ihren Produktionen z\u00e4hlen \"Die Spaltung der Welt\" und \"Two Prosecutors\".","breadcrumb":{"@id":"https:\/\/looks.film\/de\/reginabouchehri\/#breadcrumb"},"inLanguage":"de","potentialAction":[{"@type":"ReadAction","target":["https:\/\/looks.film\/de\/reginabouchehri\/"]}]},{"@type":"ImageObject","inLanguage":"de","@id":"https:\/\/looks.film\/de\/reginabouchehri\/#primaryimage","url":"https:\/\/looks.film\/wp-content\/uploads\/2023\/10\/Regina_Bouchehri.jpg","contentUrl":"https:\/\/looks.film\/wp-content\/uploads\/2023\/10\/Regina_Bouchehri.jpg","width":951,"height":634},{"@type":"BreadcrumbList","@id":"https:\/\/looks.film\/de\/reginabouchehri\/#breadcrumb","itemListElement":[{"@type":"ListItem","position":1,"name":"Startseite","item":"https:\/\/looks.film\/de\/"},{"@type":"ListItem","position":2,"name":"Produzentin und Gesch\u00e4ftsf\u00fchrerin Dr. Regina Bouchehri"}]},{"@type":"WebSite","@id":"https:\/\/looks.film\/de\/#website","url":"https:\/\/looks.film\/de\/","name":"LOOKSfilm","description":"Film Production Company &amp; Distribution","potentialAction":[{"@type":"SearchAction","target":{"@type":"EntryPoint","urlTemplate":"https:\/\/looks.film\/de\/?s={search_term_string}"},"query-input":"required name=search_term_string"}],"inLanguage":"de"}]}},"_links":{"self":[{"href":"https:\/\/looks.film\/de\/wp-json\/wp\/v2\/pages\/40945"}],"collection":[{"href":"https:\/\/looks.film\/de\/wp-json\/wp\/v2\/pages"}],"about":[{"href":"https:\/\/looks.film\/de\/wp-json\/wp\/v2\/types\/page"}],"author":[{"embeddable":true,"href":"https:\/\/looks.film\/de\/wp-json\/wp\/v2\/users\/1"}],"replies":[{"embeddable":true,"href":"https:\/\/looks.film\/de\/wp-json\/wp\/v2\/comments?post=40945"}],"version-history":[{"count":37,"href":"https:\/\/looks.film\/de\/wp-json\/wp\/v2\/pages\/40945\/revisions"}],"predecessor-version":[{"id":41991,"href":"https:\/\/looks.film\/de\/wp-json\/wp\/v2\/pages\/40945\/revisions\/41991"}],"wp:featuredmedia":[{"embeddable":true,"href":"https:\/\/looks.film\/de\/wp-json\/wp\/v2\/media\/39574"}],"wp:attachment":[{"href":"https:\/\/looks.film\/de\/wp-json\/wp\/v2\/media?parent=40945"}],"curies":[{"name":"wp","href":"https:\/\/api.w.org\/{rel}","templated":true}]}}