{"id":39771,"date":"2024-02-15T10:34:21","date_gmt":"2024-02-15T09:34:21","guid":{"rendered":"https:\/\/looks.film\/?page_id=39771"},"modified":"2025-05-27T16:01:06","modified_gmt":"2025-05-27T14:01:06","slug":"praktikum-archiv","status":"publish","type":"page","link":"https:\/\/looks.film\/de\/jobs\/praktikum-archiv\/","title":{"rendered":"Praktikum Archiv (m\/w\/d)"},"content":{"rendered":"<div class=\"wpb-content-wrapper\"><p>[vc_row full_width=&#8220;stretch_row&#8220; css=&#8220;.vc_custom_1592844122143{background-color: #00263e !important;}&#8220;][vc_column][vc_column_text css=&#8220;.vc_custom_1610108949959{background-color: #00263e !important;}&#8220;]<\/p>\n<h3><span style=\"color: #ffffff;\">Aktuelle STELLENANGEBOtE<br \/>\n<\/span><\/h3>\n<p>[\/vc_column_text][\/vc_column][\/vc_row][vc_row][vc_column][vc_column_text]<\/p>\n<h5><strong><span style=\"color: #00263e;\">Praktikum Archiv (m\/w\/d)<br \/>\n<\/span><\/strong><span style=\"color: #00263e;\">Standort: Leipzig | Vollzeit | <\/span><span style=\"color: #00263e;\">Ab sofort<\/span><\/h5>\n<p>[\/vc_column_text][\/vc_column][\/vc_row][vc_row full_width=&#8220;stretch_row&#8220; disable_custom_paddings_tablet=&#8220;true&#8220; disable_custom_paddings_mobile=&#8220;true&#8220; css=&#8220;.vc_custom_1602668970620{margin-right: 250px !important;}&#8220;][vc_column][vc_column_text css=&#8220;&#8220;]<span data-contrast=\"auto\">Wir sind PROGRESS und wir lieben Geschichte, Filme und Archiv. Einer unserer wichtigsten Gesch\u00e4ftsbereiche umfasst Archivdienstleistungen f\u00fcr die Dokumentarfilmindustrie.<\/span><span data-ccp-props=\"{}\">\u00a0<\/span><span data-contrast=\"auto\">Wir sammeln und vertreiben Film- und Fotomaterialien, erschlie\u00dfen Sammlungen aus aller Welt und betreuen die Archivrecherche und Rechtekl\u00e4rung in Dokumentarfilmproduktionen.<\/span><span data-ccp-props=\"{}\">\u00a0<\/span><\/p>\n<p><span data-ccp-props=\"{}\">\u00a0<\/span><span data-contrast=\"auto\">Wenn Du Lust hast Einblick in diese Welt zu bekommen, dann bewirb Dich bei uns als Praktikant*in und unterst\u00fctze unser Archive Producing Team.<\/span><span data-ccp-props=\"{}\">\u00a0<\/span><\/p>\n<h6><span style=\"color: #000000;\">Deine Aufgaben<\/span><\/h6>\n<ul>\n<li>Recherche von historischen Film- und Fotomaterialien bei aktuellen Dokumentarfilmprojekten<\/li>\n<li>Kl\u00e4rung von Nutzungsrechten<\/li>\n<li>Medienmanagement (z.B. Download von Files, Umbenennung, Ingest)<\/li>\n<li>Verschlagwortung und Metadatenpflege<\/li>\n<\/ul>\n<h6><span style=\"color: #000000;\">Was wir uns w\u00fcnschen<\/span><\/h6>\n<ul>\n<li>Du kannst Dich f\u00fcr Geschichte und Film begeistern<\/li>\n<li>Du kannst Dich problemlos auf Englisch verst\u00e4ndigen<\/li>\n<li><span class=\"TextRun SCXW15390619 BCX8\" lang=\"DE-DE\" xml:lang=\"DE-DE\" data-contrast=\"auto\"><span class=\"NormalTextRun SCXW15390619 BCX8\">Du bist vielseitig interessiert, hast eine schnelle Auffassungsgabe und keine Angst davor, auch technische oder rechtliche Vorg\u00e4nge kennenzulernen<\/span><\/span><span class=\"EOP SCXW15390619 BCX8\" data-ccp-props=\"{}\">\u00a0<\/span><\/li>\n<li>Du arbeitest selbstst\u00e4ndig, sorgf\u00e4ltig und zuverl\u00e4ssig<\/li>\n<li>Du bist ein:e Teamplayer:in<\/li>\n<li>Du hast ab Juli <span class=\"TextRun SCXW15468310 BCX8\" lang=\"DE-DE\" xml:lang=\"DE-DE\" data-contrast=\"auto\"><span class=\"NormalTextRun SCXW15468310 BCX8\">(oder zu einem sp\u00e4teren Zeitpunkt) <\/span><\/span>ca. 30-40h pro Woche Zeit<\/li>\n<li><span class=\"NormalTextRun SCXW69072701 BCX8\">Du m\u00f6chtest 3 Monate bei uns arbeiten <\/span><span class=\"NormalTextRun SCXW69072701 BCX8\">oder im Rahmen deines Studiums ein Pflichtpraktikum absolvieren<\/span><\/li>\n<li><span class=\"TextRun SCXW204563476 BCX8\" lang=\"DE-DE\" xml:lang=\"DE-DE\" data-contrast=\"auto\"><span class=\"NormalTextRun SCXW204563476 BCX8\">Du studierst Film-, Medien-, Kulturwissenschaften, Geschichte, Medientechnik, oder etwas <\/span><span class=\"NormalTextRun ContextualSpellingAndGrammarErrorV2Themed SCXW204563476 BCX8\">vergleichbares<\/span><span class=\"NormalTextRun SCXW204563476 BCX8\"> im Bachelor oder Master<\/span><\/span><span class=\"EOP SCXW204563476 BCX8\" data-ccp-props=\"{}\">\u00a0<\/span><\/li>\n<\/ul>\n<h6><span style=\"color: #000000;\">Was wir bieten k\u00f6nnen<\/span><\/h6>\n<ul>\n<li>Ein sympathisches, internationales und herzliches Team<\/li>\n<li>Ein B\u00fcro-Arbeitsplatz in Leipzig<\/li>\n<li><span class=\"TextRun SCXW208521093 BCX8\" lang=\"DE-DE\" xml:lang=\"DE-DE\" data-contrast=\"auto\"><span class=\"NormalTextRun SCXW208521093 BCX8\">Vielseitige und verantwortungsvolle Aufgaben\u00a0<\/span><\/span><\/li>\n<li><span class=\"TextRun SCXW41476728 BCX8\" lang=\"DE-DE\" xml:lang=\"DE-DE\" data-contrast=\"auto\"><span class=\"NormalTextRun SCXW41476728 BCX8\">Intensive Betreuung und Auswertungsgespr\u00e4che w\u00e4hrend des ganzen Praktikums<\/span><\/span><span class=\"EOP SCXW41476728 BCX8\" data-ccp-props=\"{}\">\u00a0<\/span><\/li>\n<li><span class=\"TextRun SCXW159067482 BCX8\" lang=\"DE-DE\" xml:lang=\"DE-DE\" data-contrast=\"auto\"><span class=\"NormalTextRun SCXW159067482 BCX8\">Einblicke in die Arbeit international t\u00e4tiger Filmproduktionsfirmen und die Welt des Archivvertriebs<\/span><\/span><\/li>\n<li>Zugang zu historischem Filmmaterial aus aller Welt<\/li>\n<li>Die M\u00f6glichkeit, auch andere Arbeitsbereiche kennenzulernen<\/li>\n<li><span class=\"TextRun SCXW210986503 BCX8\" lang=\"DE-DE\" xml:lang=\"DE-DE\" data-contrast=\"auto\"><span class=\"NormalTextRun SCXW210986503 BCX8\">Aufwandsentsch\u00e4digung von 400 EUR pro Monat<\/span><\/span><\/li>\n<\/ul>\n<p><span class=\"TextRun SCXW136105624 BCX8\" lang=\"DE-DE\" xml:lang=\"DE-DE\" data-contrast=\"auto\"><span class=\"NormalTextRun SCXW136105624 BCX8\">Melde Dich gerne per E-Mail bei <\/span><span class=\"NormalTextRun SCXW136105624 BCX8\">Veronika Christmann (<\/span><span class=\"NormalTextRun SpellingErrorV2Themed SCXW136105624 BCX8\">christmann@progress.film<\/span><span class=\"NormalTextRun SCXW136105624 BCX8\">)<\/span><span class=\"NormalTextRun SCXW136105624 BCX8\"> mit einem kurzen Lebenslauf und Anschreiben in einem PDF-Dokument!<\/span><\/span><span class=\"EOP SCXW136105624 BCX8\" data-ccp-props=\"{}\">\u00a0<\/span><\/p>\n<div class=\"title-h6\">\n<h6><span style=\"color: #000000;\">Kontakt<\/span><\/h6>\n<\/div>\n<p>Veronika Christmann<br \/>\nchristmann@progress.film[\/vc_column_text][\/vc_column][\/vc_row][vc_row][vc_column][vc_separator][\/vc_column][\/vc_row][vc_row disable_element=&#8220;yes&#8220;][vc_column][vc_column_text]<\/p>\n<h5><strong><span style=\"color: #00263e;\">Praktikum Producing \/ Stoffentwicklung <\/span><\/strong><strong><span style=\"color: #00263e;\">(m\/w\/d)<br \/>\n<\/span><\/strong><span style=\"color: #00263e;\">Standort: Leipzig<\/span><strong><span style=\"color: #00263e;\"><br \/>\n<\/span><\/strong><\/h5>\n<p>[\/vc_column_text][\/vc_column][\/vc_row][vc_row full_width=&#8220;stretch_row&#8220; disable_element=&#8220;yes&#8220; disable_custom_paddings_tablet=&#8220;true&#8220; disable_custom_paddings_mobile=&#8220;true&#8220; css=&#8220;.vc_custom_1611160614791{margin-right: 250px !important;}&#8220;][vc_column][vc_column_text]F\u00fcr unsere Producing-Abteilung suchen wir ab dem 01.02.2021 eine:n Praktikant:in in Vollzeit.<\/p>\n<p><strong>Ihre Aufgaben:<\/strong><\/p>\n<ul>\n<li>eigenst\u00e4ndige Recherchen (z.B. Hintergr\u00fcnde, Protagonisten, Experten)<\/li>\n<li>Stoffentwicklung, Themenrecherche und Unterst\u00fctzung unseres Development-Teams bei der Konzeption neuer Projekte<\/li>\n<li>Erstellung kurzer Texte f\u00fcr Pitches oder Pr\u00e4sentationen<\/li>\n<li>\u00dcbersetzungen (Englisch; weitere Fremdsprachenkenntnisse insbesondere Spanisch willkommen)<\/li>\n<li>Bildrecherchen (Archive, Bilddatenbanken)<\/li>\n<li>Sichtung und \u00dcberpr\u00fcfung von Rohschnitten<\/li>\n<li>Transkriptionen<\/li>\n<\/ul>\n<p><strong>Ihre Qualifikationen:<\/strong><\/p>\n<ul>\n<li>laufendes oder abgeschlossenes Studium, vorzugsweise der Medien-, Film-, Geschichts- oder Kommunikationswissenschaft<\/li>\n<li>hohe Affinit\u00e4t zum Dokumentarfilm und zu historischen Stoffen<\/li>\n<li>kreativ, offen und vielseitig interessiert<\/li>\n<li>ausgezeichnete Rechtschreibung und einwandfreier Schreibstil einwandfrei<\/li>\n<li>schnelle Auffassungsgabe und eine pr\u00e4zise, z\u00fcgige und strukturierte Arbeitsweise<\/li>\n<li>flie\u00dfende Deutsch- und sehr gute Englischkenntnisse (weitere Fremdsprachenkenntnisse, insbesondere Spanisch sind sehr willkommen)<\/li>\n<li>sorgf\u00e4ltige und zuverl\u00e4ssige Arbeitsweise<\/li>\n<\/ul>\n<hr \/>\n<p>Dauer: ca. 3 Monate<br \/>\nVerg\u00fctung: 400 \u20ac \/ Monat<br \/>\nStatus: Freiwilliges Orientierungspraktikum oder Pflichtpraktikum<\/p>\n<hr \/>\n<p><strong><br \/>\nWir freuen uns auf Ihre aussagekr\u00e4ftige Bewerbung!<\/strong><\/p>\n<p>Bitte schicken Sie Ihre Unterlagen (Anschreiben, Lebenslauf, Zeugnisse, Referenzen) via E-Mail an Valerie Fidler (Creative Producing) &#8211; \u00a0<a href=\"mailto:fidler@looks.film\">fidler@looks.film<\/a>.<\/p>\n<p><strong>\u00a0<\/strong>[\/vc_column_text][\/vc_column][\/vc_row][vc_row][vc_column][\/vc_column][\/vc_row]<\/p>\n<\/div>","protected":false},"excerpt":{"rendered":"<p>[vc_row&#8230;<\/p>\n","protected":false},"author":1,"featured_media":0,"parent":36533,"menu_order":0,"comment_status":"closed","ping_status":"closed","template":"","meta":{"footnotes":""},"yoast_head":"<!-- This site is optimized with the Yoast SEO plugin v22.9 - https:\/\/yoast.com\/wordpress\/plugins\/seo\/ -->\n<title>Praktikum Archiv (m\/w\/d) - LOOKSfilm<\/title>\n<meta name=\"robots\" content=\"index, follow, max-snippet:-1, max-image-preview:large, max-video-preview:-1\" \/>\n<link rel=\"canonical\" href=\"https:\/\/looks.film\/de\/jobs\/praktikum-archiv\/\" \/>\n<meta property=\"og:locale\" content=\"de_DE\" \/>\n<meta property=\"og:type\" content=\"article\" \/>\n<meta property=\"og:title\" content=\"Jobs @ LOOKSfilm\" \/>\n<meta property=\"og:description\" content=\"Hier findet ihr aktuelle Jobs bei LOOKSfilm.\" \/>\n<meta property=\"og:url\" content=\"https:\/\/looks.film\/de\/jobs\/praktikum-archiv\/\" \/>\n<meta property=\"og:site_name\" content=\"LOOKSfilm\" \/>\n<meta property=\"article:modified_time\" content=\"2025-05-27T14:01:06+00:00\" \/>\n<meta property=\"og:image\" content=\"https:\/\/looks.film\/wp-content\/uploads\/2020\/10\/20190606_Stellenausschreibung-Vorschaubild-Website-scaled.jpg\" \/>\n\t<meta property=\"og:image:width\" content=\"2560\" \/>\n\t<meta property=\"og:image:height\" content=\"1592\" \/>\n\t<meta property=\"og:image:type\" content=\"image\/jpeg\" \/>\n<meta name=\"twitter:card\" content=\"summary_large_image\" \/>\n<meta name=\"twitter:title\" content=\"Jobs @ LOOKSfilm\" \/>\n<meta name=\"twitter:description\" content=\"Hier findet ihr aktuelle Jobs bei LOOKSfilm.\" \/>\n<meta name=\"twitter:image\" content=\"https:\/\/looks.film\/wp-content\/uploads\/2020\/10\/20190606_Stellenausschreibung-Vorschaubild-Website-scaled.jpg\" \/>\n<meta name=\"twitter:label1\" content=\"Gesch\u00e4tzte Lesezeit\" \/>\n\t<meta name=\"twitter:data1\" content=\"3\u00a0Minuten\" \/>\n<script type=\"application\/ld+json\" class=\"yoast-schema-graph\">{\"@context\":\"https:\/\/schema.org\",\"@graph\":[{\"@type\":\"WebPage\",\"@id\":\"https:\/\/looks.film\/de\/jobs\/praktikum-archiv\/\",\"url\":\"https:\/\/looks.film\/de\/jobs\/praktikum-archiv\/\",\"name\":\"Praktikum Archiv (m\/w\/d) - LOOKSfilm\",\"isPartOf\":{\"@id\":\"https:\/\/looks.film\/de\/#website\"},\"datePublished\":\"2024-02-15T09:34:21+00:00\",\"dateModified\":\"2025-05-27T14:01:06+00:00\",\"breadcrumb\":{\"@id\":\"https:\/\/looks.film\/de\/jobs\/praktikum-archiv\/#breadcrumb\"},\"inLanguage\":\"de\",\"potentialAction\":[{\"@type\":\"ReadAction\",\"target\":[\"https:\/\/looks.film\/de\/jobs\/praktikum-archiv\/\"]}]},{\"@type\":\"BreadcrumbList\",\"@id\":\"https:\/\/looks.film\/de\/jobs\/praktikum-archiv\/#breadcrumb\",\"itemListElement\":[{\"@type\":\"ListItem\",\"position\":1,\"name\":\"Startseite\",\"item\":\"https:\/\/looks.film\/de\/\"},{\"@type\":\"ListItem\",\"position\":2,\"name\":\"Jobs\",\"item\":\"https:\/\/looks.film\/de\/jobs\/\"},{\"@type\":\"ListItem\",\"position\":3,\"name\":\"Praktikum Archiv (m\/w\/d)\"}]},{\"@type\":\"WebSite\",\"@id\":\"https:\/\/looks.film\/de\/#website\",\"url\":\"https:\/\/looks.film\/de\/\",\"name\":\"LOOKSfilm\",\"description\":\"Film Production Company &amp; Distribution\",\"potentialAction\":[{\"@type\":\"SearchAction\",\"target\":{\"@type\":\"EntryPoint\",\"urlTemplate\":\"https:\/\/looks.film\/de\/?s={search_term_string}\"},\"query-input\":\"required name=search_term_string\"}],\"inLanguage\":\"de\"}]}<\/script>\n<!-- \/ Yoast SEO plugin. -->","yoast_head_json":{"title":"Praktikum Archiv (m\/w\/d) - LOOKSfilm","robots":{"index":"index","follow":"follow","max-snippet":"max-snippet:-1","max-image-preview":"max-image-preview:large","max-video-preview":"max-video-preview:-1"},"canonical":"https:\/\/looks.film\/de\/jobs\/praktikum-archiv\/","og_locale":"de_DE","og_type":"article","og_title":"Jobs @ LOOKSfilm","og_description":"Hier findet ihr aktuelle Jobs bei LOOKSfilm.","og_url":"https:\/\/looks.film\/de\/jobs\/praktikum-archiv\/","og_site_name":"LOOKSfilm","article_modified_time":"2025-05-27T14:01:06+00:00","og_image":[{"width":2560,"height":1592,"url":"https:\/\/looks.film\/wp-content\/uploads\/2020\/10\/20190606_Stellenausschreibung-Vorschaubild-Website-scaled.jpg","type":"image\/jpeg"}],"twitter_card":"summary_large_image","twitter_title":"Jobs @ LOOKSfilm","twitter_description":"Hier findet ihr aktuelle Jobs bei LOOKSfilm.","twitter_image":"https:\/\/looks.film\/wp-content\/uploads\/2020\/10\/20190606_Stellenausschreibung-Vorschaubild-Website-scaled.jpg","twitter_misc":{"Gesch\u00e4tzte Lesezeit":"3\u00a0Minuten"},"schema":{"@context":"https:\/\/schema.org","@graph":[{"@type":"WebPage","@id":"https:\/\/looks.film\/de\/jobs\/praktikum-archiv\/","url":"https:\/\/looks.film\/de\/jobs\/praktikum-archiv\/","name":"Praktikum Archiv (m\/w\/d) - LOOKSfilm","isPartOf":{"@id":"https:\/\/looks.film\/de\/#website"},"datePublished":"2024-02-15T09:34:21+00:00","dateModified":"2025-05-27T14:01:06+00:00","breadcrumb":{"@id":"https:\/\/looks.film\/de\/jobs\/praktikum-archiv\/#breadcrumb"},"inLanguage":"de","potentialAction":[{"@type":"ReadAction","target":["https:\/\/looks.film\/de\/jobs\/praktikum-archiv\/"]}]},{"@type":"BreadcrumbList","@id":"https:\/\/looks.film\/de\/jobs\/praktikum-archiv\/#breadcrumb","itemListElement":[{"@type":"ListItem","position":1,"name":"Startseite","item":"https:\/\/looks.film\/de\/"},{"@type":"ListItem","position":2,"name":"Jobs","item":"https:\/\/looks.film\/de\/jobs\/"},{"@type":"ListItem","position":3,"name":"Praktikum Archiv (m\/w\/d)"}]},{"@type":"WebSite","@id":"https:\/\/looks.film\/de\/#website","url":"https:\/\/looks.film\/de\/","name":"LOOKSfilm","description":"Film Production Company &amp; Distribution","potentialAction":[{"@type":"SearchAction","target":{"@type":"EntryPoint","urlTemplate":"https:\/\/looks.film\/de\/?s={search_term_string}"},"query-input":"required name=search_term_string"}],"inLanguage":"de"}]}},"_links":{"self":[{"href":"https:\/\/looks.film\/de\/wp-json\/wp\/v2\/pages\/39771"}],"collection":[{"href":"https:\/\/looks.film\/de\/wp-json\/wp\/v2\/pages"}],"about":[{"href":"https:\/\/looks.film\/de\/wp-json\/wp\/v2\/types\/page"}],"author":[{"embeddable":true,"href":"https:\/\/looks.film\/de\/wp-json\/wp\/v2\/users\/1"}],"replies":[{"embeddable":true,"href":"https:\/\/looks.film\/de\/wp-json\/wp\/v2\/comments?post=39771"}],"version-history":[{"count":10,"href":"https:\/\/looks.film\/de\/wp-json\/wp\/v2\/pages\/39771\/revisions"}],"predecessor-version":[{"id":42181,"href":"https:\/\/looks.film\/de\/wp-json\/wp\/v2\/pages\/39771\/revisions\/42181"}],"up":[{"embeddable":true,"href":"https:\/\/looks.film\/de\/wp-json\/wp\/v2\/pages\/36533"}],"wp:attachment":[{"href":"https:\/\/looks.film\/de\/wp-json\/wp\/v2\/media?parent=39771"}],"curies":[{"name":"wp","href":"https:\/\/api.w.org\/{rel}","templated":true}]}}