{"id":36533,"date":"2020-10-14T11:18:35","date_gmt":"2020-10-14T09:18:35","guid":{"rendered":"https:\/\/looks.film\/?page_id=36533"},"modified":"2026-04-09T14:00:10","modified_gmt":"2026-04-09T12:00:10","slug":"jobs","status":"publish","type":"page","link":"https:\/\/looks.film\/de\/jobs\/","title":{"rendered":"Jobs"},"content":{"rendered":"<div class=\"wpb-content-wrapper\"><p>[vc_row full_width=&#8220;stretch_row&#8220; css=&#8220;.vc_custom_1592844122143{background-color: #00263e !important;}&#8220;][vc_column][vc_column_text css=&#8220;.vc_custom_1610108949959{background-color: #00263e !important;}&#8220;]<\/p>\n<h3><span style=\"color: #ffffff;\">Aktuelle STELLENANGEBOtE<br \/>\n<\/span><\/h3>\n<p>[\/vc_column_text][\/vc_column][\/vc_row][vc_row][vc_column][vc_column_text css=&#8220;&#8220;]<\/p>\n<p class=\"Pa0\"><span class=\"A0\"><b><span style=\"font-size: 12.5pt;\">LOOKSfilm <\/span><\/b><\/span><span class=\"A0\"><span style=\"font-size: 12.5pt;\">produziert seit 30 Jahren preisgekr\u00f6nte Serien, Dokumentationen und Spielfilme f\u00fcr den internationalen Markt. Zu unseren Kunden z\u00e4hlen bekannte VoD-Plattformen und Sender weltweit. Historische Stories sind unsere Leidenschaft. <\/span><\/span><\/p>\n<p>[\/vc_column_text][vc_empty_space][\/vc_column][\/vc_row][vc_row][vc_column][vc_column_text css=&#8220;&#8220;]<\/p>\n<ul>\n<li>\n<h5><a href=\"https:\/\/looks.film\/de\/jobs\/foerdermittelmanager-m-w-d\"><span style=\"color: #003366;\"><strong>F\u00f6rdermittelmanager (M\/W\/D)<\/strong><\/span><\/a><\/h5>\n<\/li>\n<li>\n<h5><span style=\"color: #003366;\"><a style=\"color: #003366;\" href=\"https:\/\/looks.film\/de\/jobs\/post-producer-m-w-d\"><strong>Senior Schnittassistenz \/ Post Producer (M\/W\/D)<\/strong><\/a><\/span><\/h5>\n<\/li>\n<li>\n<h5><span style=\"color: #003366;\"><a style=\"color: #003366;\" href=\"https:\/\/looks.film\/de\/jobs\/buchhalter-m-w-d\/\"><strong>Buchhalter (M\/W\/D)<\/strong><\/a><\/span><\/h5>\n<\/li>\n<li>\n<h5><strong style=\"color: #003366; letter-spacing: 0.05em;\"><a style=\"color: #003366;\" href=\"https:\/\/looks.film\/de\/jobs\/praktikum-in-der-filmproduktion-producing-postproduktion\">Praktikum IM PRODUCING (M\/W\/D) in Magdeburg<\/a><\/strong><\/h5>\n<\/li>\n<li>\n<h5><span style=\"color: #003366;\"><strong><a style=\"color: #003366;\" href=\"https:\/\/looks.film\/de\/jobs\/praktikantin-afghanistan-produktion\">Praktikum im Producing (M\/W\/D) mit Dari-Kenntnissen<\/a><\/strong><\/span><span style=\"color: #003366;\"><br \/>\n<\/span><\/h5>\n<\/li>\n<\/ul>\n<h5><\/h5>\n<h5><span style=\"color: #003366;\"><strong>Stellenangebote unserer Partnerfirma <a style=\"color: #003366;\" href=\"https:\/\/www.progress.film\/de\">Progress<\/a><\/strong><\/span><\/h5>\n<ul>\n<li>\n<h5><span style=\"color: #003366;\"><a style=\"color: #003366;\" href=\"https:\/\/looks.film\/de\/jobs\/praktikum-archiv\/\"><b>PrakTikum Archiv (m\/w\/d)<\/b><\/a><\/span><\/h5>\n<\/li>\n<li>\n<h5 class=\"title-h5\"><span style=\"color: #003366;\"><a style=\"color: #003366;\" href=\"https:\/\/looks.film\/de\/jobs\/leitung-technology-architecture-media-systems\"><strong>Leitung Technology Architecture &amp; Media Systems (m\/w\/d)<\/strong><\/a><\/span><\/h5>\n<\/li>\n<\/ul>\n<p>[\/vc_column_text][\/vc_column][\/vc_row]<\/p>\n<\/div>","protected":false},"excerpt":{"rendered":"<p>[vc_row&#8230;<\/p>\n","protected":false},"author":1,"featured_media":37487,"parent":0,"menu_order":0,"comment_status":"closed","ping_status":"closed","template":"","meta":{"footnotes":""},"yoast_head":"<!-- This site is optimized with the Yoast SEO plugin v22.9 - https:\/\/yoast.com\/wordpress\/plugins\/seo\/ -->\n<title>Jobs - LOOKSfilm<\/title>\n<meta name=\"description\" content=\"LOOKSfilm produziert seit 30 Jahren preisgekr\u00f6nte Serien, Dokumentationen und Spielfilme f\u00fcr den internationalen Markt.\" \/>\n<meta name=\"robots\" content=\"index, follow, max-snippet:-1, max-image-preview:large, max-video-preview:-1\" \/>\n<link rel=\"canonical\" href=\"https:\/\/looks.film\/de\/jobs\/\" \/>\n<meta property=\"og:locale\" content=\"de_DE\" \/>\n<meta property=\"og:type\" content=\"article\" \/>\n<meta property=\"og:title\" content=\"Jobs @ LOOKSfilm\" \/>\n<meta property=\"og:description\" content=\"Hier findet ihr aktuelle Jobs bei LOOKSfilm.\" \/>\n<meta property=\"og:url\" content=\"https:\/\/looks.film\/de\/jobs\/\" \/>\n<meta property=\"og:site_name\" content=\"LOOKSfilm\" \/>\n<meta property=\"article:modified_time\" content=\"2026-04-09T12:00:10+00:00\" \/>\n<meta property=\"og:image\" content=\"https:\/\/looks.film\/wp-content\/uploads\/2020\/10\/20190606_Stellenausschreibung-Vorschaubild-Website-scaled.jpg\" \/>\n\t<meta property=\"og:image:width\" content=\"2560\" \/>\n\t<meta property=\"og:image:height\" content=\"1592\" \/>\n\t<meta property=\"og:image:type\" content=\"image\/jpeg\" \/>\n<meta name=\"twitter:card\" content=\"summary_large_image\" \/>\n<meta name=\"twitter:title\" content=\"Jobs @ LOOKSfilm\" \/>\n<meta name=\"twitter:description\" content=\"Hier findet ihr aktuelle Jobs bei LOOKSfilm.\" \/>\n<meta name=\"twitter:image\" content=\"https:\/\/looks.film\/wp-content\/uploads\/2020\/10\/20190606_Stellenausschreibung-Vorschaubild-Website-scaled.jpg\" \/>\n<meta name=\"twitter:label1\" content=\"Gesch\u00e4tzte Lesezeit\" \/>\n\t<meta name=\"twitter:data1\" content=\"1\u00a0Minute\" \/>\n<script type=\"application\/ld+json\" class=\"yoast-schema-graph\">{\"@context\":\"https:\/\/schema.org\",\"@graph\":[{\"@type\":\"WebPage\",\"@id\":\"https:\/\/looks.film\/de\/jobs\/\",\"url\":\"https:\/\/looks.film\/de\/jobs\/\",\"name\":\"Jobs - LOOKSfilm\",\"isPartOf\":{\"@id\":\"https:\/\/looks.film\/de\/#website\"},\"primaryImageOfPage\":{\"@id\":\"https:\/\/looks.film\/de\/jobs\/#primaryimage\"},\"image\":{\"@id\":\"https:\/\/looks.film\/de\/jobs\/#primaryimage\"},\"thumbnailUrl\":\"https:\/\/looks.film\/wp-content\/uploads\/2021\/07\/LOOKSfilm.jpg\",\"datePublished\":\"2020-10-14T09:18:35+00:00\",\"dateModified\":\"2026-04-09T12:00:10+00:00\",\"description\":\"LOOKSfilm produziert seit 30 Jahren preisgekr\u00f6nte Serien, Dokumentationen und Spielfilme f\u00fcr den internationalen Markt.\",\"breadcrumb\":{\"@id\":\"https:\/\/looks.film\/de\/jobs\/#breadcrumb\"},\"inLanguage\":\"de\",\"potentialAction\":[{\"@type\":\"ReadAction\",\"target\":[\"https:\/\/looks.film\/de\/jobs\/\"]}]},{\"@type\":\"ImageObject\",\"inLanguage\":\"de\",\"@id\":\"https:\/\/looks.film\/de\/jobs\/#primaryimage\",\"url\":\"https:\/\/looks.film\/wp-content\/uploads\/2021\/07\/LOOKSfilm.jpg\",\"contentUrl\":\"https:\/\/looks.film\/wp-content\/uploads\/2021\/07\/LOOKSfilm.jpg\",\"width\":794,\"height\":331},{\"@type\":\"BreadcrumbList\",\"@id\":\"https:\/\/looks.film\/de\/jobs\/#breadcrumb\",\"itemListElement\":[{\"@type\":\"ListItem\",\"position\":1,\"name\":\"Startseite\",\"item\":\"https:\/\/looks.film\/de\/\"},{\"@type\":\"ListItem\",\"position\":2,\"name\":\"Jobs\"}]},{\"@type\":\"WebSite\",\"@id\":\"https:\/\/looks.film\/de\/#website\",\"url\":\"https:\/\/looks.film\/de\/\",\"name\":\"LOOKSfilm\",\"description\":\"Film Production Company &amp; Distribution\",\"potentialAction\":[{\"@type\":\"SearchAction\",\"target\":{\"@type\":\"EntryPoint\",\"urlTemplate\":\"https:\/\/looks.film\/de\/?s={search_term_string}\"},\"query-input\":\"required name=search_term_string\"}],\"inLanguage\":\"de\"}]}<\/script>\n<!-- \/ Yoast SEO plugin. -->","yoast_head_json":{"title":"Jobs - LOOKSfilm","description":"LOOKSfilm produziert seit 30 Jahren preisgekr\u00f6nte Serien, Dokumentationen und Spielfilme f\u00fcr den internationalen Markt.","robots":{"index":"index","follow":"follow","max-snippet":"max-snippet:-1","max-image-preview":"max-image-preview:large","max-video-preview":"max-video-preview:-1"},"canonical":"https:\/\/looks.film\/de\/jobs\/","og_locale":"de_DE","og_type":"article","og_title":"Jobs @ LOOKSfilm","og_description":"Hier findet ihr aktuelle Jobs bei LOOKSfilm.","og_url":"https:\/\/looks.film\/de\/jobs\/","og_site_name":"LOOKSfilm","article_modified_time":"2026-04-09T12:00:10+00:00","og_image":[{"width":2560,"height":1592,"url":"https:\/\/looks.film\/wp-content\/uploads\/2020\/10\/20190606_Stellenausschreibung-Vorschaubild-Website-scaled.jpg","type":"image\/jpeg"}],"twitter_card":"summary_large_image","twitter_title":"Jobs @ LOOKSfilm","twitter_description":"Hier findet ihr aktuelle Jobs bei LOOKSfilm.","twitter_image":"https:\/\/looks.film\/wp-content\/uploads\/2020\/10\/20190606_Stellenausschreibung-Vorschaubild-Website-scaled.jpg","twitter_misc":{"Gesch\u00e4tzte Lesezeit":"1\u00a0Minute"},"schema":{"@context":"https:\/\/schema.org","@graph":[{"@type":"WebPage","@id":"https:\/\/looks.film\/de\/jobs\/","url":"https:\/\/looks.film\/de\/jobs\/","name":"Jobs - LOOKSfilm","isPartOf":{"@id":"https:\/\/looks.film\/de\/#website"},"primaryImageOfPage":{"@id":"https:\/\/looks.film\/de\/jobs\/#primaryimage"},"image":{"@id":"https:\/\/looks.film\/de\/jobs\/#primaryimage"},"thumbnailUrl":"https:\/\/looks.film\/wp-content\/uploads\/2021\/07\/LOOKSfilm.jpg","datePublished":"2020-10-14T09:18:35+00:00","dateModified":"2026-04-09T12:00:10+00:00","description":"LOOKSfilm produziert seit 30 Jahren preisgekr\u00f6nte Serien, Dokumentationen und Spielfilme f\u00fcr den internationalen Markt.","breadcrumb":{"@id":"https:\/\/looks.film\/de\/jobs\/#breadcrumb"},"inLanguage":"de","potentialAction":[{"@type":"ReadAction","target":["https:\/\/looks.film\/de\/jobs\/"]}]},{"@type":"ImageObject","inLanguage":"de","@id":"https:\/\/looks.film\/de\/jobs\/#primaryimage","url":"https:\/\/looks.film\/wp-content\/uploads\/2021\/07\/LOOKSfilm.jpg","contentUrl":"https:\/\/looks.film\/wp-content\/uploads\/2021\/07\/LOOKSfilm.jpg","width":794,"height":331},{"@type":"BreadcrumbList","@id":"https:\/\/looks.film\/de\/jobs\/#breadcrumb","itemListElement":[{"@type":"ListItem","position":1,"name":"Startseite","item":"https:\/\/looks.film\/de\/"},{"@type":"ListItem","position":2,"name":"Jobs"}]},{"@type":"WebSite","@id":"https:\/\/looks.film\/de\/#website","url":"https:\/\/looks.film\/de\/","name":"LOOKSfilm","description":"Film Production Company &amp; Distribution","potentialAction":[{"@type":"SearchAction","target":{"@type":"EntryPoint","urlTemplate":"https:\/\/looks.film\/de\/?s={search_term_string}"},"query-input":"required name=search_term_string"}],"inLanguage":"de"}]}},"_links":{"self":[{"href":"https:\/\/looks.film\/de\/wp-json\/wp\/v2\/pages\/36533"}],"collection":[{"href":"https:\/\/looks.film\/de\/wp-json\/wp\/v2\/pages"}],"about":[{"href":"https:\/\/looks.film\/de\/wp-json\/wp\/v2\/types\/page"}],"author":[{"embeddable":true,"href":"https:\/\/looks.film\/de\/wp-json\/wp\/v2\/users\/1"}],"replies":[{"embeddable":true,"href":"https:\/\/looks.film\/de\/wp-json\/wp\/v2\/comments?post=36533"}],"version-history":[{"count":226,"href":"https:\/\/looks.film\/de\/wp-json\/wp\/v2\/pages\/36533\/revisions"}],"predecessor-version":[{"id":42600,"href":"https:\/\/looks.film\/de\/wp-json\/wp\/v2\/pages\/36533\/revisions\/42600"}],"wp:featuredmedia":[{"embeddable":true,"href":"https:\/\/looks.film\/de\/wp-json\/wp\/v2\/media\/37487"}],"wp:attachment":[{"href":"https:\/\/looks.film\/de\/wp-json\/wp\/v2\/media?parent=36533"}],"curies":[{"name":"wp","href":"https:\/\/api.w.org\/{rel}","templated":true}]}}