{"id":31895,"date":"2020-01-01T13:50:40","date_gmt":"2020-01-01T12:50:40","guid":{"rendered":"https:\/\/looks.film\/?page_id=31895"},"modified":"2025-01-16T15:39:02","modified_gmt":"2025-01-16T14:39:02","slug":"news","status":"publish","type":"page","link":"https:\/\/looks.film\/de\/news\/","title":{"rendered":"News"},"content":{"rendered":"<div class=\"wpb-content-wrapper\"><p>[vc_row][vc_column][vc_column_text]<\/p>\n<h2>NEWS<\/h2>\n<p>[\/vc_column_text][vc_empty_space height=&#8220;35px&#8220;][vc_basic_grid post_type=&#8220;post&#8220; max_items=&#8220;-1&#8243; style=&#8220;lazy&#8220; items_per_page=&#8220;9&#8243; gap=&#8220;35&#8243; item=&#8220;31914&#8243; initial_loading_animation=&#8220;none&#8220; grid_id=&#8220;vc_gid:1592898231842-30be0541-1683-0&#8243; taxonomies=&#8220;193&#8243;][\/vc_column][\/vc_row]<\/p>\n<\/div>","protected":false},"excerpt":{"rendered":"<p>[vc_row][vc_column][vc_column_text]&#8230;<\/p>\n","protected":false},"author":1,"featured_media":0,"parent":0,"menu_order":0,"comment_status":"closed","ping_status":"closed","template":"","meta":{"footnotes":""},"yoast_head":"<!-- This site is optimized with the Yoast SEO plugin v22.9 - https:\/\/yoast.com\/wordpress\/plugins\/seo\/ -->\n<title>News - LOOKSfilm<\/title>\n<meta name=\"description\" content=\"News \u00fcber Preise f\u00fcr LOOKSfilm Produktionen und Teammitglieder, F\u00f6rderungen, Festivalteilnahmen - aktuelle Informationen.\" \/>\n<meta name=\"robots\" content=\"index, follow, max-snippet:-1, max-image-preview:large, max-video-preview:-1\" \/>\n<link rel=\"canonical\" href=\"https:\/\/looks.film\/de\/news\/\" \/>\n<meta property=\"og:locale\" content=\"de_DE\" \/>\n<meta property=\"og:type\" content=\"article\" \/>\n<meta property=\"og:title\" content=\"News - LOOKSfilm\" \/>\n<meta property=\"og:description\" content=\"News \u00fcber Preise f\u00fcr LOOKSfilm Produktionen und Teammitglieder, F\u00f6rderungen, Festivalteilnahmen - aktuelle Informationen.\" \/>\n<meta property=\"og:url\" content=\"https:\/\/looks.film\/de\/news\/\" \/>\n<meta property=\"og:site_name\" content=\"LOOKSfilm\" \/>\n<meta property=\"article:modified_time\" content=\"2025-01-16T14:39:02+00:00\" \/>\n<meta name=\"twitter:card\" content=\"summary_large_image\" \/>\n<meta name=\"twitter:label1\" content=\"Gesch\u00e4tzte Lesezeit\" \/>\n\t<meta name=\"twitter:data1\" content=\"1\u00a0Minute\" \/>\n<script type=\"application\/ld+json\" class=\"yoast-schema-graph\">{\"@context\":\"https:\/\/schema.org\",\"@graph\":[{\"@type\":\"WebPage\",\"@id\":\"https:\/\/looks.film\/de\/news\/\",\"url\":\"https:\/\/looks.film\/de\/news\/\",\"name\":\"News - LOOKSfilm\",\"isPartOf\":{\"@id\":\"https:\/\/looks.film\/de\/#website\"},\"datePublished\":\"2020-01-01T12:50:40+00:00\",\"dateModified\":\"2025-01-16T14:39:02+00:00\",\"description\":\"News \u00fcber Preise f\u00fcr LOOKSfilm Produktionen und Teammitglieder, F\u00f6rderungen, Festivalteilnahmen - aktuelle Informationen.\",\"breadcrumb\":{\"@id\":\"https:\/\/looks.film\/de\/news\/#breadcrumb\"},\"inLanguage\":\"de\",\"potentialAction\":[{\"@type\":\"ReadAction\",\"target\":[\"https:\/\/looks.film\/de\/news\/\"]}]},{\"@type\":\"BreadcrumbList\",\"@id\":\"https:\/\/looks.film\/de\/news\/#breadcrumb\",\"itemListElement\":[{\"@type\":\"ListItem\",\"position\":1,\"name\":\"Startseite\",\"item\":\"https:\/\/looks.film\/de\/\"},{\"@type\":\"ListItem\",\"position\":2,\"name\":\"News\"}]},{\"@type\":\"WebSite\",\"@id\":\"https:\/\/looks.film\/de\/#website\",\"url\":\"https:\/\/looks.film\/de\/\",\"name\":\"LOOKSfilm\",\"description\":\"Film Production Company &amp; Distribution\",\"potentialAction\":[{\"@type\":\"SearchAction\",\"target\":{\"@type\":\"EntryPoint\",\"urlTemplate\":\"https:\/\/looks.film\/de\/?s={search_term_string}\"},\"query-input\":\"required name=search_term_string\"}],\"inLanguage\":\"de\"}]}<\/script>\n<!-- \/ Yoast SEO plugin. -->","yoast_head_json":{"title":"News - LOOKSfilm","description":"News \u00fcber Preise f\u00fcr LOOKSfilm Produktionen und Teammitglieder, F\u00f6rderungen, Festivalteilnahmen - aktuelle Informationen.","robots":{"index":"index","follow":"follow","max-snippet":"max-snippet:-1","max-image-preview":"max-image-preview:large","max-video-preview":"max-video-preview:-1"},"canonical":"https:\/\/looks.film\/de\/news\/","og_locale":"de_DE","og_type":"article","og_title":"News - LOOKSfilm","og_description":"News \u00fcber Preise f\u00fcr LOOKSfilm Produktionen und Teammitglieder, F\u00f6rderungen, Festivalteilnahmen - aktuelle Informationen.","og_url":"https:\/\/looks.film\/de\/news\/","og_site_name":"LOOKSfilm","article_modified_time":"2025-01-16T14:39:02+00:00","twitter_card":"summary_large_image","twitter_misc":{"Gesch\u00e4tzte Lesezeit":"1\u00a0Minute"},"schema":{"@context":"https:\/\/schema.org","@graph":[{"@type":"WebPage","@id":"https:\/\/looks.film\/de\/news\/","url":"https:\/\/looks.film\/de\/news\/","name":"News - LOOKSfilm","isPartOf":{"@id":"https:\/\/looks.film\/de\/#website"},"datePublished":"2020-01-01T12:50:40+00:00","dateModified":"2025-01-16T14:39:02+00:00","description":"News \u00fcber Preise f\u00fcr LOOKSfilm Produktionen und Teammitglieder, F\u00f6rderungen, Festivalteilnahmen - aktuelle Informationen.","breadcrumb":{"@id":"https:\/\/looks.film\/de\/news\/#breadcrumb"},"inLanguage":"de","potentialAction":[{"@type":"ReadAction","target":["https:\/\/looks.film\/de\/news\/"]}]},{"@type":"BreadcrumbList","@id":"https:\/\/looks.film\/de\/news\/#breadcrumb","itemListElement":[{"@type":"ListItem","position":1,"name":"Startseite","item":"https:\/\/looks.film\/de\/"},{"@type":"ListItem","position":2,"name":"News"}]},{"@type":"WebSite","@id":"https:\/\/looks.film\/de\/#website","url":"https:\/\/looks.film\/de\/","name":"LOOKSfilm","description":"Film Production Company &amp; Distribution","potentialAction":[{"@type":"SearchAction","target":{"@type":"EntryPoint","urlTemplate":"https:\/\/looks.film\/de\/?s={search_term_string}"},"query-input":"required name=search_term_string"}],"inLanguage":"de"}]}},"_links":{"self":[{"href":"https:\/\/looks.film\/de\/wp-json\/wp\/v2\/pages\/31895"}],"collection":[{"href":"https:\/\/looks.film\/de\/wp-json\/wp\/v2\/pages"}],"about":[{"href":"https:\/\/looks.film\/de\/wp-json\/wp\/v2\/types\/page"}],"author":[{"embeddable":true,"href":"https:\/\/looks.film\/de\/wp-json\/wp\/v2\/users\/1"}],"replies":[{"embeddable":true,"href":"https:\/\/looks.film\/de\/wp-json\/wp\/v2\/comments?post=31895"}],"version-history":[{"count":4,"href":"https:\/\/looks.film\/de\/wp-json\/wp\/v2\/pages\/31895\/revisions"}],"predecessor-version":[{"id":39346,"href":"https:\/\/looks.film\/de\/wp-json\/wp\/v2\/pages\/31895\/revisions\/39346"}],"wp:attachment":[{"href":"https:\/\/looks.film\/de\/wp-json\/wp\/v2\/media?parent=31895"}],"curies":[{"name":"wp","href":"https:\/\/api.w.org\/{rel}","templated":true}]}}