{"id":29158,"date":"2020-01-20T13:47:29","date_gmt":"2020-01-20T12:47:29","guid":{"rendered":"https:\/\/looks.film\/?page_id=29158"},"modified":"2025-06-30T11:40:55","modified_gmt":"2025-06-30T09:40:55","slug":"impressum","status":"publish","type":"page","link":"https:\/\/looks.film\/de\/impressum\/","title":{"rendered":"Impressum"},"content":{"rendered":"<div class=\"wpb-content-wrapper\"><p>[vc_row full_width=&#8220;stretch_row&#8220; css=&#8220;.vc_custom_1592844122143{background-color: #00263e !important;}&#8220;][vc_column][vc_column_text css=&#8220;.vc_custom_1592844161929{background-color: #00263e !important;}&#8220;]<\/p>\n<h1><span style=\"color: #ffffff;\"><strong><span class=\"light\">Impressum<\/span><\/strong><\/span><\/h1>\n<p>[\/vc_column_text][\/vc_column][\/vc_row][vc_row][vc_column width=&#8220;2\/5&#8243;][vc_column_text css=&#8220;&#8220;]LOOKS Film &amp; TV Produktionen GmbH<br \/>\nBrandenburger Stra\u00dfe 28<br \/>\nD-04347 Leipzig<\/p>\n<p>E-Mail: <a href=\"mailto:info@looks.film\">info@looks.film<\/a><\/p>\n<p><strong>Verantwortlicher i.S.d. \u00a7 18 Abs. 2 MStV: <\/strong>Gunnar Dedio<\/p>\n<p>F\u00fcr die Gesellschaften in Berlin und Leipzig:<br \/>\nGesch\u00e4ftsf\u00fchrung: Dr. Regina Bouchehri, Gunnar Dedio, Birgit Rasch<br \/>\nProkura: Daniel K\u00f6pcke<br \/>\n_________________________________________________<\/p>\n<p>F\u00fcr die Gesellschaft in Hamburg:<br \/>\nGesch\u00e4ftsf\u00fchrung: Gunnar Dedio<br \/>\nProkura: Daniel K\u00f6pcke<\/p>\n<p>&nbsp;<\/p>\n<p><strong>LOOKS Film &amp; TV Produktionen GmbH<br \/>\n<\/strong>Gesch\u00e4ftsf\u00fchrung: Dr. Regina Bouchehri, Gunnar Dedio, Birgit Rasch<br \/>\nVAT-Ident. Nr.: DE256991834<br \/>\nAmtsgericht und Sitz: Leipzig HRB\u00a023651<\/p>\n<p><strong>LOOKS Filmproduktionen GmbH<\/strong><br \/>\nGesch\u00e4ftsf\u00fchrung: Dr. Regina Bouchehri, Gunnar Dedio, Birgit Rasch<br \/>\nVAT-Ident. Nr.: DE 814443552<br \/>\nAmtsgericht und Sitz: Charlottenburg HRB 972633<\/p>\n<p><strong>LOOKS International GmbH<\/strong><br \/>\nGesch\u00e4ftsf\u00fchrung: Gunnar Dedio<br \/>\nVAT-Ident. Nr.: DE257192880<br \/>\nAmtsgericht und Sitz: Hamburg HRB 188137<\/p>\n<p><strong>LOOKS Media GmbH<\/strong><br \/>\nGesch\u00e4ftsf\u00fchrung: Roxana Hennig, Gunnar Dedio<br \/>\nVAT-Ident. Nr.: DE356577150<br \/>\nAmtsgericht und Sitz: Magdeburg HRB 31989 (AG Stendal)[\/vc_column_text][\/vc_column][vc_column width=&#8220;3\/5&#8243;][vc_column_text css=&#8220;&#8220;]<strong>HAFTUNGSAUSSCHLUSS<\/strong><\/p>\n<p><strong>Haftung f\u00fcr Links<\/strong><br \/>\nUnser Angebot enth\u00e4lt Links zu externen Webseiten Dritter, auf deren Inhalte wir keinen Einfluss haben. Deshalb k\u00f6nnen wir f\u00fcr diese fremden Inhalte auch keine Gew\u00e4hr \u00fcbernehmen. F\u00fcr die Inhalte der verlinkten Seiten ist stets der jeweilige Anbieter oder Betreiber der Seiten verantwortlich. Die verlinkten Seiten wurden zum Zeitpunkt der Verlinkung auf m\u00f6gliche Rechtsverst\u00f6\u00dfe \u00fcberpr\u00fcft. Rechtswidrige Inhalte waren zum Zeitpunkt der Verlinkung nicht erkennbar. Eine permanente inhaltliche Kontrolle der verlinkten Seiten ist jedoch ohne konkrete Anhaltspunkte einer Rechtsverletzung nicht zumutbar. Bei Bekanntwerden von Rechtsverletzungen werden wir derartige Links umgehend entfernen.<\/p>\n<p><strong>Urheberrecht<\/strong><br \/>\nDie durch die Seitenbetreiber erstellten Inhalte und Werke auf diesen Seiten unterliegen dem deutschen Urheberrecht. Die Vervielf\u00e4ltigung, Bearbeitung, Verbreitung und jede Art der Verwertung au\u00dferhalb der Grenzen des Urheberrechtes bed\u00fcrfen der schriftlichen Zustimmung des jeweiligen Autors bzw. Erstellers. Downloads und Kopien dieser Seite sind nur f\u00fcr den privaten, nicht kommerziellen Gebrauch gestattet. Soweit die Inhalte auf dieser Seite nicht vom Betreiber erstellt wurden, werden die Urheberrechte Dritter beachtet. Insbesondere werden Inhalte Dritter als solche gekennzeichnet. Sollten Sie trotzdem auf eine Urheberrechtsverletzung aufmerksam werden, bitten wir um einen entsprechenden Hinweis. Bei Bekanntwerden von Rechtsverletzungen werden wir derartige Inhalte umgehend entfernen.[\/vc_column_text][\/vc_column][\/vc_row][vc_row full_width=&#8220;stretch_row&#8220;][vc_column][vc_empty_space][\/vc_column][\/vc_row]<\/p>\n<\/div>","protected":false},"excerpt":{"rendered":"<p>[vc_row&#8230;<\/p>\n","protected":false},"author":1,"featured_media":0,"parent":0,"menu_order":0,"comment_status":"closed","ping_status":"closed","template":"","meta":{"footnotes":""},"yoast_head":"<!-- This site is optimized with the Yoast SEO plugin v22.9 - https:\/\/yoast.com\/wordpress\/plugins\/seo\/ -->\n<title>Impressum - LOOKSfilm<\/title>\n<meta name=\"description\" content=\"Impressum und Kontaktdaten zu LOOKSfilm und seinen vier Gesellschaften in Leipzig, Berlin, Magdeburg und Hamburg.\" \/>\n<meta name=\"robots\" content=\"index, follow, max-snippet:-1, max-image-preview:large, max-video-preview:-1\" \/>\n<link rel=\"canonical\" href=\"https:\/\/looks.film\/de\/impressum\/\" \/>\n<meta property=\"og:locale\" content=\"de_DE\" \/>\n<meta property=\"og:type\" content=\"article\" \/>\n<meta property=\"og:title\" content=\"LOOKSfilm Impressum\" \/>\n<meta property=\"og:description\" content=\"Impressum und Kontaktdaten zu LOOKSfilm und seinen vier Gesellschaften in Leipzig, Berlin, Magdeburg und Hamburg.\" \/>\n<meta property=\"og:url\" content=\"https:\/\/looks.film\/de\/impressum\/\" \/>\n<meta property=\"og:site_name\" content=\"LOOKSfilm\" \/>\n<meta property=\"article:modified_time\" content=\"2025-06-30T09:40:55+00:00\" \/>\n<meta property=\"og:image\" content=\"https:\/\/looks.film\/wp-content\/uploads\/2020\/01\/looksfilm-logo.png\" \/>\n\t<meta property=\"og:image:width\" content=\"2362\" \/>\n\t<meta property=\"og:image:height\" content=\"631\" \/>\n\t<meta property=\"og:image:type\" content=\"image\/png\" \/>\n<meta name=\"twitter:card\" content=\"summary_large_image\" \/>\n<meta name=\"twitter:title\" content=\"LOOKSfilm Impressum\" \/>\n<meta name=\"twitter:description\" content=\"Impressum und Kontaktdaten zu LOOKSfilm und seinen vier Gesellschaften in Leipzig, Berlin, Magdeburg und Hamburg.\" \/>\n<meta name=\"twitter:image\" content=\"https:\/\/looks.film\/wp-content\/uploads\/2020\/01\/looksfilm-logo.png\" \/>\n<meta name=\"twitter:label1\" content=\"Gesch\u00e4tzte Lesezeit\" \/>\n\t<meta name=\"twitter:data1\" content=\"2\u00a0Minuten\" \/>\n<script type=\"application\/ld+json\" class=\"yoast-schema-graph\">{\"@context\":\"https:\/\/schema.org\",\"@graph\":[{\"@type\":\"WebPage\",\"@id\":\"https:\/\/looks.film\/de\/impressum\/\",\"url\":\"https:\/\/looks.film\/de\/impressum\/\",\"name\":\"Impressum - LOOKSfilm\",\"isPartOf\":{\"@id\":\"https:\/\/looks.film\/de\/#website\"},\"datePublished\":\"2020-01-20T12:47:29+00:00\",\"dateModified\":\"2025-06-30T09:40:55+00:00\",\"description\":\"Impressum und Kontaktdaten zu LOOKSfilm und seinen vier Gesellschaften in Leipzig, Berlin, Magdeburg und Hamburg.\",\"breadcrumb\":{\"@id\":\"https:\/\/looks.film\/de\/impressum\/#breadcrumb\"},\"inLanguage\":\"de\",\"potentialAction\":[{\"@type\":\"ReadAction\",\"target\":[\"https:\/\/looks.film\/de\/impressum\/\"]}]},{\"@type\":\"BreadcrumbList\",\"@id\":\"https:\/\/looks.film\/de\/impressum\/#breadcrumb\",\"itemListElement\":[{\"@type\":\"ListItem\",\"position\":1,\"name\":\"Startseite\",\"item\":\"https:\/\/looks.film\/de\/\"},{\"@type\":\"ListItem\",\"position\":2,\"name\":\"Impressum\"}]},{\"@type\":\"WebSite\",\"@id\":\"https:\/\/looks.film\/de\/#website\",\"url\":\"https:\/\/looks.film\/de\/\",\"name\":\"LOOKSfilm\",\"description\":\"Film Production Company &amp; Distribution\",\"potentialAction\":[{\"@type\":\"SearchAction\",\"target\":{\"@type\":\"EntryPoint\",\"urlTemplate\":\"https:\/\/looks.film\/de\/?s={search_term_string}\"},\"query-input\":\"required name=search_term_string\"}],\"inLanguage\":\"de\"}]}<\/script>\n<!-- \/ Yoast SEO plugin. -->","yoast_head_json":{"title":"Impressum - LOOKSfilm","description":"Impressum und Kontaktdaten zu LOOKSfilm und seinen vier Gesellschaften in Leipzig, Berlin, Magdeburg und Hamburg.","robots":{"index":"index","follow":"follow","max-snippet":"max-snippet:-1","max-image-preview":"max-image-preview:large","max-video-preview":"max-video-preview:-1"},"canonical":"https:\/\/looks.film\/de\/impressum\/","og_locale":"de_DE","og_type":"article","og_title":"LOOKSfilm Impressum","og_description":"Impressum und Kontaktdaten zu LOOKSfilm und seinen vier Gesellschaften in Leipzig, Berlin, Magdeburg und Hamburg.","og_url":"https:\/\/looks.film\/de\/impressum\/","og_site_name":"LOOKSfilm","article_modified_time":"2025-06-30T09:40:55+00:00","og_image":[{"width":2362,"height":631,"url":"https:\/\/looks.film\/wp-content\/uploads\/2020\/01\/looksfilm-logo.png","type":"image\/png"}],"twitter_card":"summary_large_image","twitter_title":"LOOKSfilm Impressum","twitter_description":"Impressum und Kontaktdaten zu LOOKSfilm und seinen vier Gesellschaften in Leipzig, Berlin, Magdeburg und Hamburg.","twitter_image":"https:\/\/looks.film\/wp-content\/uploads\/2020\/01\/looksfilm-logo.png","twitter_misc":{"Gesch\u00e4tzte Lesezeit":"2\u00a0Minuten"},"schema":{"@context":"https:\/\/schema.org","@graph":[{"@type":"WebPage","@id":"https:\/\/looks.film\/de\/impressum\/","url":"https:\/\/looks.film\/de\/impressum\/","name":"Impressum - LOOKSfilm","isPartOf":{"@id":"https:\/\/looks.film\/de\/#website"},"datePublished":"2020-01-20T12:47:29+00:00","dateModified":"2025-06-30T09:40:55+00:00","description":"Impressum und Kontaktdaten zu LOOKSfilm und seinen vier Gesellschaften in Leipzig, Berlin, Magdeburg und Hamburg.","breadcrumb":{"@id":"https:\/\/looks.film\/de\/impressum\/#breadcrumb"},"inLanguage":"de","potentialAction":[{"@type":"ReadAction","target":["https:\/\/looks.film\/de\/impressum\/"]}]},{"@type":"BreadcrumbList","@id":"https:\/\/looks.film\/de\/impressum\/#breadcrumb","itemListElement":[{"@type":"ListItem","position":1,"name":"Startseite","item":"https:\/\/looks.film\/de\/"},{"@type":"ListItem","position":2,"name":"Impressum"}]},{"@type":"WebSite","@id":"https:\/\/looks.film\/de\/#website","url":"https:\/\/looks.film\/de\/","name":"LOOKSfilm","description":"Film Production Company &amp; Distribution","potentialAction":[{"@type":"SearchAction","target":{"@type":"EntryPoint","urlTemplate":"https:\/\/looks.film\/de\/?s={search_term_string}"},"query-input":"required name=search_term_string"}],"inLanguage":"de"}]}},"_links":{"self":[{"href":"https:\/\/looks.film\/de\/wp-json\/wp\/v2\/pages\/29158"}],"collection":[{"href":"https:\/\/looks.film\/de\/wp-json\/wp\/v2\/pages"}],"about":[{"href":"https:\/\/looks.film\/de\/wp-json\/wp\/v2\/types\/page"}],"author":[{"embeddable":true,"href":"https:\/\/looks.film\/de\/wp-json\/wp\/v2\/users\/1"}],"replies":[{"embeddable":true,"href":"https:\/\/looks.film\/de\/wp-json\/wp\/v2\/comments?post=29158"}],"version-history":[{"count":20,"href":"https:\/\/looks.film\/de\/wp-json\/wp\/v2\/pages\/29158\/revisions"}],"predecessor-version":[{"id":42221,"href":"https:\/\/looks.film\/de\/wp-json\/wp\/v2\/pages\/29158\/revisions\/42221"}],"wp:attachment":[{"href":"https:\/\/looks.film\/de\/wp-json\/wp\/v2\/media?parent=29158"}],"curies":[{"name":"wp","href":"https:\/\/api.w.org\/{rel}","templated":true}]}}